{"id":8103,"date":"2024-06-25T17:12:46","date_gmt":"2024-06-25T15:12:46","guid":{"rendered":"https:\/\/lesfillesdaujourdhui.fr\/?post_type=product&#038;p=8103"},"modified":"2024-06-25T17:12:46","modified_gmt":"2024-06-25T15:12:46","slug":"boucles-fleur-2","status":"publish","type":"product","link":"https:\/\/lesfillesdaujourdhui.fr\/?product=boucles-fleur-2","title":{"rendered":"boucles fleur"},"content":{"rendered":"<p>boucles en p\u00e2te polym\u00e8re<\/p>\n<p>cr\u00e9oles en acier inoxydable<\/p>\n<p>longueur fleur sans le clous : 3 cm<\/p>\n","protected":false},"excerpt":{"rendered":"<p>boucles en p\u00e2te polym\u00e8re cr\u00e9oles en acier inoxydable longueur fleur sans le clous : 3 cm<\/p>\n","protected":false},"featured_media":8094,"comment_status":"open","ping_status":"closed","template":"","meta":{"_uag_custom_page_level_css":""},"product_cat":[178],"product_tag":[],"class_list":{"0":"post-8103","1":"product","2":"type-product","3":"status-publish","4":"has-post-thumbnail","6":"product_cat-collection-printemps-2024","8":"first","9":"instock","10":"shipping-taxable","11":"purchasable","12":"product-type-simple"},"uagb_featured_image_src":{"full":["https:\/\/lesfillesdaujourdhui.fr\/wp-content\/uploads\/2024\/06\/FCEB29DA-4BF9-4675-B89B-5A84E0B889B5_1_105_c-1.jpeg",886,886,false],"thumbnail":["https:\/\/lesfillesdaujourdhui.fr\/wp-content\/uploads\/2024\/06\/FCEB29DA-4BF9-4675-B89B-5A84E0B889B5_1_105_c-1-150x150.jpeg",150,150,true],"medium":["https:\/\/lesfillesdaujourdhui.fr\/wp-content\/uploads\/2024\/06\/FCEB29DA-4BF9-4675-B89B-5A84E0B889B5_1_105_c-1-300x300.jpeg",300,300,true],"medium_large":["https:\/\/lesfillesdaujourdhui.fr\/wp-content\/uploads\/2024\/06\/FCEB29DA-4BF9-4675-B89B-5A84E0B889B5_1_105_c-1-768x768.jpeg",768,768,true],"large":["https:\/\/lesfillesdaujourdhui.fr\/wp-content\/uploads\/2024\/06\/FCEB29DA-4BF9-4675-B89B-5A84E0B889B5_1_105_c-1.jpeg",886,886,false],"1536x1536":["https:\/\/lesfillesdaujourdhui.fr\/wp-content\/uploads\/2024\/06\/FCEB29DA-4BF9-4675-B89B-5A84E0B889B5_1_105_c-1.jpeg",886,886,false],"2048x2048":["https:\/\/lesfillesdaujourdhui.fr\/wp-content\/uploads\/2024\/06\/FCEB29DA-4BF9-4675-B89B-5A84E0B889B5_1_105_c-1.jpeg",886,886,false],"depicter-thumbnail":["https:\/\/lesfillesdaujourdhui.fr\/wp-content\/uploads\/2024\/06\/FCEB29DA-4BF9-4675-B89B-5A84E0B889B5_1_105_c-1-200x200.jpeg",200,200,true],"yith_slider_thumb":["https:\/\/lesfillesdaujourdhui.fr\/wp-content\/uploads\/2024\/06\/FCEB29DA-4BF9-4675-B89B-5A84E0B889B5_1_105_c-1-300x150.jpeg",300,150,true],"proteo-blog-loop-image":["https:\/\/lesfillesdaujourdhui.fr\/wp-content\/uploads\/2024\/06\/FCEB29DA-4BF9-4675-B89B-5A84E0B889B5_1_105_c-1-725x500.jpeg",725,500,true],"proteo-blog-loop-image-wide":["https:\/\/lesfillesdaujourdhui.fr\/wp-content\/uploads\/2024\/06\/FCEB29DA-4BF9-4675-B89B-5A84E0B889B5_1_105_c-1-886x745.jpeg",886,745,true],"proteo_full_width_image":["https:\/\/lesfillesdaujourdhui.fr\/wp-content\/uploads\/2024\/06\/FCEB29DA-4BF9-4675-B89B-5A84E0B889B5_1_105_c-1.jpeg",886,886,false],"proteo_blog_cropped_cover_image_400":["https:\/\/lesfillesdaujourdhui.fr\/wp-content\/uploads\/2024\/06\/FCEB29DA-4BF9-4675-B89B-5A84E0B889B5_1_105_c-1-886x400.jpeg",886,400,true],"menu-24x24":["https:\/\/lesfillesdaujourdhui.fr\/wp-content\/uploads\/2024\/06\/FCEB29DA-4BF9-4675-B89B-5A84E0B889B5_1_105_c-1-24x24.jpeg",24,24,true],"menu-36x36":["https:\/\/lesfillesdaujourdhui.fr\/wp-content\/uploads\/2024\/06\/FCEB29DA-4BF9-4675-B89B-5A84E0B889B5_1_105_c-1-36x36.jpeg",36,36,true],"menu-48x48":["https:\/\/lesfillesdaujourdhui.fr\/wp-content\/uploads\/2024\/06\/FCEB29DA-4BF9-4675-B89B-5A84E0B889B5_1_105_c-1-48x48.jpeg",48,48,true],"woocommerce_thumbnail":["https:\/\/lesfillesdaujourdhui.fr\/wp-content\/uploads\/2024\/06\/FCEB29DA-4BF9-4675-B89B-5A84E0B889B5_1_105_c-1-362x503.jpeg",362,503,true],"woocommerce_single":["https:\/\/lesfillesdaujourdhui.fr\/wp-content\/uploads\/2024\/06\/FCEB29DA-4BF9-4675-B89B-5A84E0B889B5_1_105_c-1-812x812.jpeg",812,812,true],"woocommerce_gallery_thumbnail":["https:\/\/lesfillesdaujourdhui.fr\/wp-content\/uploads\/2024\/06\/FCEB29DA-4BF9-4675-B89B-5A84E0B889B5_1_105_c-1-150x150.jpeg",150,150,true]},"uagb_author_info":{"display_name":"doriane","author_link":"https:\/\/lesfillesdaujourdhui.fr\/?author=0"},"uagb_comment_info":0,"uagb_excerpt":"boucles en p\u00e2te polym\u00e8re cr\u00e9oles en acier inoxydable longueur fleur sans le clous : 3 cm","_links":{"self":[{"href":"https:\/\/lesfillesdaujourdhui.fr\/index.php?rest_route=\/wp\/v2\/product\/8103","targetHints":{"allow":["GET"]}}],"collection":[{"href":"https:\/\/lesfillesdaujourdhui.fr\/index.php?rest_route=\/wp\/v2\/product"}],"about":[{"href":"https:\/\/lesfillesdaujourdhui.fr\/index.php?rest_route=\/wp\/v2\/types\/product"}],"replies":[{"embeddable":true,"href":"https:\/\/lesfillesdaujourdhui.fr\/index.php?rest_route=%2Fwp%2Fv2%2Fcomments&post=8103"}],"wp:featuredmedia":[{"embeddable":true,"href":"https:\/\/lesfillesdaujourdhui.fr\/index.php?rest_route=\/wp\/v2\/media\/8094"}],"wp:attachment":[{"href":"https:\/\/lesfillesdaujourdhui.fr\/index.php?rest_route=%2Fwp%2Fv2%2Fmedia&parent=8103"}],"wp:term":[{"taxonomy":"product_cat","embeddable":true,"href":"https:\/\/lesfillesdaujourdhui.fr\/index.php?rest_route=%2Fwp%2Fv2%2Fproduct_cat&post=8103"},{"taxonomy":"product_tag","embeddable":true,"href":"https:\/\/lesfillesdaujourdhui.fr\/index.php?rest_route=%2Fwp%2Fv2%2Fproduct_tag&post=8103"}],"curies":[{"name":"wp","href":"https:\/\/api.w.org\/{rel}","templated":true}]}}