{"id":8102,"date":"2024-06-25T17:09:42","date_gmt":"2024-06-25T15:09:42","guid":{"rendered":"https:\/\/lesfillesdaujourdhui.fr\/?post_type=product&#038;p=8102"},"modified":"2024-08-02T15:24:29","modified_gmt":"2024-08-02T13:24:29","slug":"boucles-coeur","status":"publish","type":"product","link":"https:\/\/lesfillesdaujourdhui.fr\/?product=boucles-coeur","title":{"rendered":"Boucles coeur"},"content":{"rendered":"<p>Boucles en p\u00e2te polym\u00e8re et r\u00e9sine<\/p>\n<p>cr\u00e9oles en acier inoxydable 20mm<\/p>\n","protected":false},"excerpt":{"rendered":"<p>Boucles en p\u00e2te polym\u00e8re et r\u00e9sine cr\u00e9oles en acier inoxydable 20mm<\/p>\n","protected":false},"featured_media":8098,"comment_status":"open","ping_status":"closed","template":"","meta":{"_uag_custom_page_level_css":""},"product_cat":[191],"product_tag":[],"class_list":{"0":"post-8102","1":"product","2":"type-product","3":"status-publish","4":"has-post-thumbnail","6":"product_cat-collection-ete-2024","8":"first","9":"instock","10":"shipping-taxable","11":"purchasable","12":"product-type-simple"},"uagb_featured_image_src":{"full":["https:\/\/lesfillesdaujourdhui.fr\/wp-content\/uploads\/2024\/06\/12E9C3B1-E21B-4264-89C5-BF4839A9C2A9_1_105_c-e1719328176169.jpeg",665,927,false],"thumbnail":["https:\/\/lesfillesdaujourdhui.fr\/wp-content\/uploads\/2024\/06\/12E9C3B1-E21B-4264-89C5-BF4839A9C2A9_1_105_c-e1719328176169-150x150.jpeg",150,150,true],"medium":["https:\/\/lesfillesdaujourdhui.fr\/wp-content\/uploads\/2024\/06\/12E9C3B1-E21B-4264-89C5-BF4839A9C2A9_1_105_c-e1719328176169-215x300.jpeg",215,300,true],"medium_large":["https:\/\/lesfillesdaujourdhui.fr\/wp-content\/uploads\/2024\/06\/12E9C3B1-E21B-4264-89C5-BF4839A9C2A9_1_105_c-e1719328176169.jpeg",665,927,false],"large":["https:\/\/lesfillesdaujourdhui.fr\/wp-content\/uploads\/2024\/06\/12E9C3B1-E21B-4264-89C5-BF4839A9C2A9_1_105_c-576x1024.jpeg",576,1024,true],"1536x1536":["https:\/\/lesfillesdaujourdhui.fr\/wp-content\/uploads\/2024\/06\/12E9C3B1-E21B-4264-89C5-BF4839A9C2A9_1_105_c-e1719328176169.jpeg",665,927,false],"2048x2048":["https:\/\/lesfillesdaujourdhui.fr\/wp-content\/uploads\/2024\/06\/12E9C3B1-E21B-4264-89C5-BF4839A9C2A9_1_105_c-e1719328176169.jpeg",665,927,false],"depicter-thumbnail":["https:\/\/lesfillesdaujourdhui.fr\/wp-content\/uploads\/2024\/06\/12E9C3B1-E21B-4264-89C5-BF4839A9C2A9_1_105_c-e1719328176169-200x279.jpeg",200,279,true],"yith_slider_thumb":["https:\/\/lesfillesdaujourdhui.fr\/wp-content\/uploads\/2024\/06\/12E9C3B1-E21B-4264-89C5-BF4839A9C2A9_1_105_c-e1719328176169-300x150.jpeg",300,150,true],"proteo-blog-loop-image":["https:\/\/lesfillesdaujourdhui.fr\/wp-content\/uploads\/2024\/06\/12E9C3B1-E21B-4264-89C5-BF4839A9C2A9_1_105_c-e1719328176169-665x500.jpeg",665,500,true],"proteo-blog-loop-image-wide":["https:\/\/lesfillesdaujourdhui.fr\/wp-content\/uploads\/2024\/06\/12E9C3B1-E21B-4264-89C5-BF4839A9C2A9_1_105_c-e1719328176169-665x745.jpeg",665,745,true],"proteo_full_width_image":["https:\/\/lesfillesdaujourdhui.fr\/wp-content\/uploads\/2024\/06\/12E9C3B1-E21B-4264-89C5-BF4839A9C2A9_1_105_c-e1719328176169.jpeg",665,927,false],"proteo_blog_cropped_cover_image_400":["https:\/\/lesfillesdaujourdhui.fr\/wp-content\/uploads\/2024\/06\/12E9C3B1-E21B-4264-89C5-BF4839A9C2A9_1_105_c-e1719328176169-665x400.jpeg",665,400,true],"menu-24x24":["https:\/\/lesfillesdaujourdhui.fr\/wp-content\/uploads\/2024\/06\/12E9C3B1-E21B-4264-89C5-BF4839A9C2A9_1_105_c-e1719328176169-17x24.jpeg",17,24,true],"menu-36x36":["https:\/\/lesfillesdaujourdhui.fr\/wp-content\/uploads\/2024\/06\/12E9C3B1-E21B-4264-89C5-BF4839A9C2A9_1_105_c-e1719328176169-26x36.jpeg",26,36,true],"menu-48x48":["https:\/\/lesfillesdaujourdhui.fr\/wp-content\/uploads\/2024\/06\/12E9C3B1-E21B-4264-89C5-BF4839A9C2A9_1_105_c-e1719328176169-34x48.jpeg",34,48,true],"woocommerce_thumbnail":["https:\/\/lesfillesdaujourdhui.fr\/wp-content\/uploads\/2024\/06\/12E9C3B1-E21B-4264-89C5-BF4839A9C2A9_1_105_c-e1719328176169-362x503.jpeg",362,503,true],"woocommerce_single":["https:\/\/lesfillesdaujourdhui.fr\/wp-content\/uploads\/2024\/06\/12E9C3B1-E21B-4264-89C5-BF4839A9C2A9_1_105_c-e1719328176169.jpeg",665,927,false],"woocommerce_gallery_thumbnail":["https:\/\/lesfillesdaujourdhui.fr\/wp-content\/uploads\/2024\/06\/12E9C3B1-E21B-4264-89C5-BF4839A9C2A9_1_105_c-e1719328176169-150x150.jpeg",150,150,true]},"uagb_author_info":{"display_name":"doriane","author_link":"https:\/\/lesfillesdaujourdhui.fr\/?author=0"},"uagb_comment_info":0,"uagb_excerpt":"Boucles en p\u00e2te polym\u00e8re et r\u00e9sine cr\u00e9oles en acier inoxydable 20mm","_links":{"self":[{"href":"https:\/\/lesfillesdaujourdhui.fr\/index.php?rest_route=\/wp\/v2\/product\/8102","targetHints":{"allow":["GET"]}}],"collection":[{"href":"https:\/\/lesfillesdaujourdhui.fr\/index.php?rest_route=\/wp\/v2\/product"}],"about":[{"href":"https:\/\/lesfillesdaujourdhui.fr\/index.php?rest_route=\/wp\/v2\/types\/product"}],"replies":[{"embeddable":true,"href":"https:\/\/lesfillesdaujourdhui.fr\/index.php?rest_route=%2Fwp%2Fv2%2Fcomments&post=8102"}],"wp:featuredmedia":[{"embeddable":true,"href":"https:\/\/lesfillesdaujourdhui.fr\/index.php?rest_route=\/wp\/v2\/media\/8098"}],"wp:attachment":[{"href":"https:\/\/lesfillesdaujourdhui.fr\/index.php?rest_route=%2Fwp%2Fv2%2Fmedia&parent=8102"}],"wp:term":[{"taxonomy":"product_cat","embeddable":true,"href":"https:\/\/lesfillesdaujourdhui.fr\/index.php?rest_route=%2Fwp%2Fv2%2Fproduct_cat&post=8102"},{"taxonomy":"product_tag","embeddable":true,"href":"https:\/\/lesfillesdaujourdhui.fr\/index.php?rest_route=%2Fwp%2Fv2%2Fproduct_tag&post=8102"}],"curies":[{"name":"wp","href":"https:\/\/api.w.org\/{rel}","templated":true}]}}