{"id":8015,"date":"2024-04-01T09:21:10","date_gmt":"2024-04-01T07:21:10","guid":{"rendered":"https:\/\/lesfillesdaujourdhui.fr\/?post_type=product&#038;p=8015"},"modified":"2024-04-01T20:55:08","modified_gmt":"2024-04-01T18:55:08","slug":"feuilles-de-ginkgo-2","status":"publish","type":"product","link":"https:\/\/lesfillesdaujourdhui.fr\/?product=feuilles-de-ginkgo-2","title":{"rendered":"Feuilles de ginkgo"},"content":{"rendered":"<p>Feuilles de ginkgo en p\u00e2te polym\u00e8re et r\u00e9sine<\/p>\n<p>Clous en acier inoxydable<\/p>\n","protected":false},"excerpt":{"rendered":"<p>Feuilles de ginkgo en p\u00e2te polym\u00e8re et r\u00e9sine Clous en acier inoxydable<\/p>\n","protected":false},"featured_media":8016,"comment_status":"open","ping_status":"closed","template":"","meta":{"_uag_custom_page_level_css":""},"product_cat":[164,183],"product_tag":[],"class_list":{"0":"post-8015","1":"product","2":"type-product","3":"status-publish","4":"has-post-thumbnail","6":"product_cat-boucles-oreilles","7":"product_cat-feuilles-ginkgo","9":"first","10":"outofstock","11":"sold-individually","12":"shipping-taxable","13":"purchasable","14":"product-type-simple"},"uagb_featured_image_src":{"full":["https:\/\/lesfillesdaujourdhui.fr\/wp-content\/uploads\/2024\/04\/IMG_20240315_145252_573.webp",2252,2252,false],"thumbnail":["https:\/\/lesfillesdaujourdhui.fr\/wp-content\/uploads\/2024\/04\/IMG_20240315_145252_573-150x150.webp",150,150,true],"medium":["https:\/\/lesfillesdaujourdhui.fr\/wp-content\/uploads\/2024\/04\/IMG_20240315_145252_573-300x300.webp",300,300,true],"medium_large":["https:\/\/lesfillesdaujourdhui.fr\/wp-content\/uploads\/2024\/04\/IMG_20240315_145252_573-768x768.webp",768,768,true],"large":["https:\/\/lesfillesdaujourdhui.fr\/wp-content\/uploads\/2024\/04\/IMG_20240315_145252_573-1024x1024.webp",1024,1024,true],"1536x1536":["https:\/\/lesfillesdaujourdhui.fr\/wp-content\/uploads\/2024\/04\/IMG_20240315_145252_573-1536x1536.webp",1536,1536,true],"2048x2048":["https:\/\/lesfillesdaujourdhui.fr\/wp-content\/uploads\/2024\/04\/IMG_20240315_145252_573-2048x2048.webp",2048,2048,true],"depicter-thumbnail":["https:\/\/lesfillesdaujourdhui.fr\/wp-content\/uploads\/2024\/04\/IMG_20240315_145252_573-200x200.webp",200,200,true],"yith_slider_thumb":["https:\/\/lesfillesdaujourdhui.fr\/wp-content\/uploads\/2024\/04\/IMG_20240315_145252_573-300x150.webp",300,150,true],"proteo-blog-loop-image":["https:\/\/lesfillesdaujourdhui.fr\/wp-content\/uploads\/2024\/04\/IMG_20240315_145252_573-725x500.webp",725,500,true],"proteo-blog-loop-image-wide":["https:\/\/lesfillesdaujourdhui.fr\/wp-content\/uploads\/2024\/04\/IMG_20240315_145252_573-1480x745.webp",1480,745,true],"proteo_full_width_image":["https:\/\/lesfillesdaujourdhui.fr\/wp-content\/uploads\/2024\/04\/IMG_20240315_145252_573-1920x1920.webp",1920,1920,true],"proteo_blog_cropped_cover_image_400":["https:\/\/lesfillesdaujourdhui.fr\/wp-content\/uploads\/2024\/04\/IMG_20240315_145252_573-2252x400.webp",2252,400,true],"menu-24x24":["https:\/\/lesfillesdaujourdhui.fr\/wp-content\/uploads\/2024\/04\/IMG_20240315_145252_573-24x24.webp",24,24,true],"menu-36x36":["https:\/\/lesfillesdaujourdhui.fr\/wp-content\/uploads\/2024\/04\/IMG_20240315_145252_573-36x36.webp",36,36,true],"menu-48x48":["https:\/\/lesfillesdaujourdhui.fr\/wp-content\/uploads\/2024\/04\/IMG_20240315_145252_573-48x48.webp",48,48,true],"woocommerce_thumbnail":["https:\/\/lesfillesdaujourdhui.fr\/wp-content\/uploads\/2024\/04\/IMG_20240315_145252_573-362x503.webp",362,503,true],"woocommerce_single":["https:\/\/lesfillesdaujourdhui.fr\/wp-content\/uploads\/2024\/04\/IMG_20240315_145252_573-812x812.webp",812,812,true],"woocommerce_gallery_thumbnail":["https:\/\/lesfillesdaujourdhui.fr\/wp-content\/uploads\/2024\/04\/IMG_20240315_145252_573-150x150.webp",150,150,true]},"uagb_author_info":{"display_name":"doriane","author_link":"https:\/\/lesfillesdaujourdhui.fr\/?author=0"},"uagb_comment_info":0,"uagb_excerpt":"Feuilles de ginkgo en p\u00e2te polym\u00e8re et r\u00e9sine Clous en acier inoxydable","_links":{"self":[{"href":"https:\/\/lesfillesdaujourdhui.fr\/index.php?rest_route=\/wp\/v2\/product\/8015","targetHints":{"allow":["GET"]}}],"collection":[{"href":"https:\/\/lesfillesdaujourdhui.fr\/index.php?rest_route=\/wp\/v2\/product"}],"about":[{"href":"https:\/\/lesfillesdaujourdhui.fr\/index.php?rest_route=\/wp\/v2\/types\/product"}],"replies":[{"embeddable":true,"href":"https:\/\/lesfillesdaujourdhui.fr\/index.php?rest_route=%2Fwp%2Fv2%2Fcomments&post=8015"}],"wp:featuredmedia":[{"embeddable":true,"href":"https:\/\/lesfillesdaujourdhui.fr\/index.php?rest_route=\/wp\/v2\/media\/8016"}],"wp:attachment":[{"href":"https:\/\/lesfillesdaujourdhui.fr\/index.php?rest_route=%2Fwp%2Fv2%2Fmedia&parent=8015"}],"wp:term":[{"taxonomy":"product_cat","embeddable":true,"href":"https:\/\/lesfillesdaujourdhui.fr\/index.php?rest_route=%2Fwp%2Fv2%2Fproduct_cat&post=8015"},{"taxonomy":"product_tag","embeddable":true,"href":"https:\/\/lesfillesdaujourdhui.fr\/index.php?rest_route=%2Fwp%2Fv2%2Fproduct_tag&post=8015"}],"curies":[{"name":"wp","href":"https:\/\/api.w.org\/{rel}","templated":true}]}}