{"id":7984,"date":"2024-03-18T11:50:42","date_gmt":"2024-03-18T10:50:42","guid":{"rendered":"https:\/\/lesfillesdaujourdhui.fr\/?post_type=product&#038;p=7984"},"modified":"2024-03-18T11:50:42","modified_gmt":"2024-03-18T10:50:42","slug":"coeurs-polymere-2","status":"publish","type":"product","link":"https:\/\/lesfillesdaujourdhui.fr\/?product=coeurs-polymere-2","title":{"rendered":"Coeurs polym\u00e8re"},"content":{"rendered":"<p>Boucles en p\u00e2te polym\u00e8re<\/p>\n<p>cr\u00e9oles 20mm en acier inoxydable<\/p>\n","protected":false},"excerpt":{"rendered":"<p>Boucles en p\u00e2te polym\u00e8re cr\u00e9oles 20mm en acier inoxydable<\/p>\n","protected":false},"featured_media":7982,"comment_status":"open","ping_status":"closed","template":"","meta":{"_uag_custom_page_level_css":""},"product_cat":[182],"product_tag":[],"class_list":{"0":"post-7984","1":"product","2":"type-product","3":"status-publish","4":"has-post-thumbnail","6":"product_cat-coeurs-danae","8":"first","9":"instock","10":"shipping-taxable","11":"purchasable","12":"product-type-simple"},"uagb_featured_image_src":{"full":["https:\/\/lesfillesdaujourdhui.fr\/wp-content\/uploads\/2024\/03\/81502489-22C0-4423-9164-E22D8CE08BCC.jpeg",900,1600,false],"thumbnail":["https:\/\/lesfillesdaujourdhui.fr\/wp-content\/uploads\/2024\/03\/81502489-22C0-4423-9164-E22D8CE08BCC-150x150.jpeg",150,150,true],"medium":["https:\/\/lesfillesdaujourdhui.fr\/wp-content\/uploads\/2024\/03\/81502489-22C0-4423-9164-E22D8CE08BCC-169x300.jpeg",169,300,true],"medium_large":["https:\/\/lesfillesdaujourdhui.fr\/wp-content\/uploads\/2024\/03\/81502489-22C0-4423-9164-E22D8CE08BCC-768x1365.jpeg",768,1365,true],"large":["https:\/\/lesfillesdaujourdhui.fr\/wp-content\/uploads\/2024\/03\/81502489-22C0-4423-9164-E22D8CE08BCC-576x1024.jpeg",576,1024,true],"1536x1536":["https:\/\/lesfillesdaujourdhui.fr\/wp-content\/uploads\/2024\/03\/81502489-22C0-4423-9164-E22D8CE08BCC-864x1536.jpeg",864,1536,true],"2048x2048":["https:\/\/lesfillesdaujourdhui.fr\/wp-content\/uploads\/2024\/03\/81502489-22C0-4423-9164-E22D8CE08BCC.jpeg",900,1600,false],"depicter-thumbnail":["https:\/\/lesfillesdaujourdhui.fr\/wp-content\/uploads\/2024\/03\/81502489-22C0-4423-9164-E22D8CE08BCC-200x356.jpeg",200,356,true],"yith_slider_thumb":["https:\/\/lesfillesdaujourdhui.fr\/wp-content\/uploads\/2024\/03\/81502489-22C0-4423-9164-E22D8CE08BCC-300x150.jpeg",300,150,true],"proteo-blog-loop-image":["https:\/\/lesfillesdaujourdhui.fr\/wp-content\/uploads\/2024\/03\/81502489-22C0-4423-9164-E22D8CE08BCC-725x500.jpeg",725,500,true],"proteo-blog-loop-image-wide":["https:\/\/lesfillesdaujourdhui.fr\/wp-content\/uploads\/2024\/03\/81502489-22C0-4423-9164-E22D8CE08BCC-900x745.jpeg",900,745,true],"proteo_full_width_image":["https:\/\/lesfillesdaujourdhui.fr\/wp-content\/uploads\/2024\/03\/81502489-22C0-4423-9164-E22D8CE08BCC.jpeg",900,1600,false],"proteo_blog_cropped_cover_image_400":["https:\/\/lesfillesdaujourdhui.fr\/wp-content\/uploads\/2024\/03\/81502489-22C0-4423-9164-E22D8CE08BCC-900x400.jpeg",900,400,true],"menu-24x24":["https:\/\/lesfillesdaujourdhui.fr\/wp-content\/uploads\/2024\/03\/81502489-22C0-4423-9164-E22D8CE08BCC-14x24.jpeg",14,24,true],"menu-36x36":["https:\/\/lesfillesdaujourdhui.fr\/wp-content\/uploads\/2024\/03\/81502489-22C0-4423-9164-E22D8CE08BCC-20x36.jpeg",20,36,true],"menu-48x48":["https:\/\/lesfillesdaujourdhui.fr\/wp-content\/uploads\/2024\/03\/81502489-22C0-4423-9164-E22D8CE08BCC-27x48.jpeg",27,48,true],"woocommerce_thumbnail":["https:\/\/lesfillesdaujourdhui.fr\/wp-content\/uploads\/2024\/03\/81502489-22C0-4423-9164-E22D8CE08BCC-362x503.jpeg",362,503,true],"woocommerce_single":["https:\/\/lesfillesdaujourdhui.fr\/wp-content\/uploads\/2024\/03\/81502489-22C0-4423-9164-E22D8CE08BCC-812x1444.jpeg",812,1444,true],"woocommerce_gallery_thumbnail":["https:\/\/lesfillesdaujourdhui.fr\/wp-content\/uploads\/2024\/03\/81502489-22C0-4423-9164-E22D8CE08BCC-150x150.jpeg",150,150,true]},"uagb_author_info":{"display_name":"doriane","author_link":"https:\/\/lesfillesdaujourdhui.fr\/?author=0"},"uagb_comment_info":0,"uagb_excerpt":"Boucles en p\u00e2te polym\u00e8re cr\u00e9oles 20mm en acier inoxydable","_links":{"self":[{"href":"https:\/\/lesfillesdaujourdhui.fr\/index.php?rest_route=\/wp\/v2\/product\/7984","targetHints":{"allow":["GET"]}}],"collection":[{"href":"https:\/\/lesfillesdaujourdhui.fr\/index.php?rest_route=\/wp\/v2\/product"}],"about":[{"href":"https:\/\/lesfillesdaujourdhui.fr\/index.php?rest_route=\/wp\/v2\/types\/product"}],"replies":[{"embeddable":true,"href":"https:\/\/lesfillesdaujourdhui.fr\/index.php?rest_route=%2Fwp%2Fv2%2Fcomments&post=7984"}],"wp:featuredmedia":[{"embeddable":true,"href":"https:\/\/lesfillesdaujourdhui.fr\/index.php?rest_route=\/wp\/v2\/media\/7982"}],"wp:attachment":[{"href":"https:\/\/lesfillesdaujourdhui.fr\/index.php?rest_route=%2Fwp%2Fv2%2Fmedia&parent=7984"}],"wp:term":[{"taxonomy":"product_cat","embeddable":true,"href":"https:\/\/lesfillesdaujourdhui.fr\/index.php?rest_route=%2Fwp%2Fv2%2Fproduct_cat&post=7984"},{"taxonomy":"product_tag","embeddable":true,"href":"https:\/\/lesfillesdaujourdhui.fr\/index.php?rest_route=%2Fwp%2Fv2%2Fproduct_tag&post=7984"}],"curies":[{"name":"wp","href":"https:\/\/api.w.org\/{rel}","templated":true}]}}