{"id":7956,"date":"2024-03-11T09:55:20","date_gmt":"2024-03-11T08:55:20","guid":{"rendered":"https:\/\/lesfillesdaujourdhui.fr\/?post_type=product&#038;p=7956"},"modified":"2024-03-11T09:55:20","modified_gmt":"2024-03-11T08:55:20","slug":"coeurs-7","status":"publish","type":"product","link":"https:\/\/lesfillesdaujourdhui.fr\/?product=coeurs-7","title":{"rendered":"Coeurs"},"content":{"rendered":"<p>Boucles en p\u00e2te polym\u00e8re r\u00e9sin\u00e9es<\/p>\n<p>cr\u00e9oles en acier inoxydable 20mm<\/p>\n","protected":false},"excerpt":{"rendered":"<p>Boucles en p\u00e2te polym\u00e8re r\u00e9sin\u00e9es cr\u00e9oles en acier inoxydable 20mm<\/p>\n","protected":false},"featured_media":7957,"comment_status":"open","ping_status":"closed","template":"","meta":{"_uag_custom_page_level_css":""},"product_cat":[181],"product_tag":[],"class_list":{"0":"post-7956","1":"product","2":"type-product","3":"status-publish","4":"has-post-thumbnail","6":"product_cat-coeurs-maiana","8":"first","9":"instock","10":"shipping-taxable","11":"purchasable","12":"product-type-simple"},"uagb_featured_image_src":{"full":["https:\/\/lesfillesdaujourdhui.fr\/wp-content\/uploads\/2024\/03\/CEA3B0B4-BF45-46E0-BFA1-8DA3F124BD72.jpeg",900,1600,false],"thumbnail":["https:\/\/lesfillesdaujourdhui.fr\/wp-content\/uploads\/2024\/03\/CEA3B0B4-BF45-46E0-BFA1-8DA3F124BD72-150x150.jpeg",150,150,true],"medium":["https:\/\/lesfillesdaujourdhui.fr\/wp-content\/uploads\/2024\/03\/CEA3B0B4-BF45-46E0-BFA1-8DA3F124BD72-169x300.jpeg",169,300,true],"medium_large":["https:\/\/lesfillesdaujourdhui.fr\/wp-content\/uploads\/2024\/03\/CEA3B0B4-BF45-46E0-BFA1-8DA3F124BD72-768x1365.jpeg",768,1365,true],"large":["https:\/\/lesfillesdaujourdhui.fr\/wp-content\/uploads\/2024\/03\/CEA3B0B4-BF45-46E0-BFA1-8DA3F124BD72-576x1024.jpeg",576,1024,true],"1536x1536":["https:\/\/lesfillesdaujourdhui.fr\/wp-content\/uploads\/2024\/03\/CEA3B0B4-BF45-46E0-BFA1-8DA3F124BD72-864x1536.jpeg",864,1536,true],"2048x2048":["https:\/\/lesfillesdaujourdhui.fr\/wp-content\/uploads\/2024\/03\/CEA3B0B4-BF45-46E0-BFA1-8DA3F124BD72.jpeg",900,1600,false],"depicter-thumbnail":["https:\/\/lesfillesdaujourdhui.fr\/wp-content\/uploads\/2024\/03\/CEA3B0B4-BF45-46E0-BFA1-8DA3F124BD72-200x356.jpeg",200,356,true],"yith_slider_thumb":["https:\/\/lesfillesdaujourdhui.fr\/wp-content\/uploads\/2024\/03\/CEA3B0B4-BF45-46E0-BFA1-8DA3F124BD72-300x150.jpeg",300,150,true],"proteo-blog-loop-image":["https:\/\/lesfillesdaujourdhui.fr\/wp-content\/uploads\/2024\/03\/CEA3B0B4-BF45-46E0-BFA1-8DA3F124BD72-725x500.jpeg",725,500,true],"proteo-blog-loop-image-wide":["https:\/\/lesfillesdaujourdhui.fr\/wp-content\/uploads\/2024\/03\/CEA3B0B4-BF45-46E0-BFA1-8DA3F124BD72-900x745.jpeg",900,745,true],"proteo_full_width_image":["https:\/\/lesfillesdaujourdhui.fr\/wp-content\/uploads\/2024\/03\/CEA3B0B4-BF45-46E0-BFA1-8DA3F124BD72.jpeg",900,1600,false],"proteo_blog_cropped_cover_image_400":["https:\/\/lesfillesdaujourdhui.fr\/wp-content\/uploads\/2024\/03\/CEA3B0B4-BF45-46E0-BFA1-8DA3F124BD72-900x400.jpeg",900,400,true],"menu-24x24":["https:\/\/lesfillesdaujourdhui.fr\/wp-content\/uploads\/2024\/03\/CEA3B0B4-BF45-46E0-BFA1-8DA3F124BD72-14x24.jpeg",14,24,true],"menu-36x36":["https:\/\/lesfillesdaujourdhui.fr\/wp-content\/uploads\/2024\/03\/CEA3B0B4-BF45-46E0-BFA1-8DA3F124BD72-20x36.jpeg",20,36,true],"menu-48x48":["https:\/\/lesfillesdaujourdhui.fr\/wp-content\/uploads\/2024\/03\/CEA3B0B4-BF45-46E0-BFA1-8DA3F124BD72-27x48.jpeg",27,48,true],"woocommerce_thumbnail":["https:\/\/lesfillesdaujourdhui.fr\/wp-content\/uploads\/2024\/03\/CEA3B0B4-BF45-46E0-BFA1-8DA3F124BD72-362x503.jpeg",362,503,true],"woocommerce_single":["https:\/\/lesfillesdaujourdhui.fr\/wp-content\/uploads\/2024\/03\/CEA3B0B4-BF45-46E0-BFA1-8DA3F124BD72-812x1444.jpeg",812,1444,true],"woocommerce_gallery_thumbnail":["https:\/\/lesfillesdaujourdhui.fr\/wp-content\/uploads\/2024\/03\/CEA3B0B4-BF45-46E0-BFA1-8DA3F124BD72-150x150.jpeg",150,150,true]},"uagb_author_info":{"display_name":"doriane","author_link":"https:\/\/lesfillesdaujourdhui.fr\/?author=0"},"uagb_comment_info":0,"uagb_excerpt":"Boucles en p\u00e2te polym\u00e8re r\u00e9sin\u00e9es cr\u00e9oles en acier inoxydable 20mm","_links":{"self":[{"href":"https:\/\/lesfillesdaujourdhui.fr\/index.php?rest_route=\/wp\/v2\/product\/7956","targetHints":{"allow":["GET"]}}],"collection":[{"href":"https:\/\/lesfillesdaujourdhui.fr\/index.php?rest_route=\/wp\/v2\/product"}],"about":[{"href":"https:\/\/lesfillesdaujourdhui.fr\/index.php?rest_route=\/wp\/v2\/types\/product"}],"replies":[{"embeddable":true,"href":"https:\/\/lesfillesdaujourdhui.fr\/index.php?rest_route=%2Fwp%2Fv2%2Fcomments&post=7956"}],"wp:featuredmedia":[{"embeddable":true,"href":"https:\/\/lesfillesdaujourdhui.fr\/index.php?rest_route=\/wp\/v2\/media\/7957"}],"wp:attachment":[{"href":"https:\/\/lesfillesdaujourdhui.fr\/index.php?rest_route=%2Fwp%2Fv2%2Fmedia&parent=7956"}],"wp:term":[{"taxonomy":"product_cat","embeddable":true,"href":"https:\/\/lesfillesdaujourdhui.fr\/index.php?rest_route=%2Fwp%2Fv2%2Fproduct_cat&post=7956"},{"taxonomy":"product_tag","embeddable":true,"href":"https:\/\/lesfillesdaujourdhui.fr\/index.php?rest_route=%2Fwp%2Fv2%2Fproduct_tag&post=7956"}],"curies":[{"name":"wp","href":"https:\/\/api.w.org\/{rel}","templated":true}]}}