{"id":7953,"date":"2024-03-11T09:46:42","date_gmt":"2024-03-11T08:46:42","guid":{"rendered":"https:\/\/lesfillesdaujourdhui.fr\/?post_type=product&#038;p=7953"},"modified":"2024-03-13T10:42:16","modified_gmt":"2024-03-13T09:42:16","slug":"coeurs-5","status":"publish","type":"product","link":"https:\/\/lesfillesdaujourdhui.fr\/?product=coeurs-5","title":{"rendered":"Coeurs"},"content":{"rendered":"<p>Coeurs en p\u00e2te polym\u00e8re<\/p>\n<p>cr\u00e9oles en acier inoxydable 20mm<\/p>\n<p>&nbsp;<\/p>\n<p>&nbsp;<\/p>\n","protected":false},"excerpt":{"rendered":"<p>Coeurs en p\u00e2te polym\u00e8re cr\u00e9oles en acier inoxydable 20mm &nbsp; &nbsp;<\/p>\n","protected":false},"featured_media":7940,"comment_status":"open","ping_status":"closed","template":"","meta":{"_uag_custom_page_level_css":""},"product_cat":[181],"product_tag":[],"class_list":{"0":"post-7953","1":"product","2":"type-product","3":"status-publish","4":"has-post-thumbnail","6":"product_cat-coeurs-maiana","8":"first","9":"outofstock","10":"shipping-taxable","11":"purchasable","12":"product-type-simple"},"uagb_featured_image_src":{"full":["https:\/\/lesfillesdaujourdhui.fr\/wp-content\/uploads\/2024\/03\/E069D196-7320-4881-A595-D2A7EE09406B.jpeg",1126,2000,false],"thumbnail":["https:\/\/lesfillesdaujourdhui.fr\/wp-content\/uploads\/2024\/03\/E069D196-7320-4881-A595-D2A7EE09406B-150x150.jpeg",150,150,true],"medium":["https:\/\/lesfillesdaujourdhui.fr\/wp-content\/uploads\/2024\/03\/E069D196-7320-4881-A595-D2A7EE09406B-169x300.jpeg",169,300,true],"medium_large":["https:\/\/lesfillesdaujourdhui.fr\/wp-content\/uploads\/2024\/03\/E069D196-7320-4881-A595-D2A7EE09406B-768x1364.jpeg",768,1364,true],"large":["https:\/\/lesfillesdaujourdhui.fr\/wp-content\/uploads\/2024\/03\/E069D196-7320-4881-A595-D2A7EE09406B-577x1024.jpeg",577,1024,true],"1536x1536":["https:\/\/lesfillesdaujourdhui.fr\/wp-content\/uploads\/2024\/03\/E069D196-7320-4881-A595-D2A7EE09406B-865x1536.jpeg",865,1536,true],"2048x2048":["https:\/\/lesfillesdaujourdhui.fr\/wp-content\/uploads\/2024\/03\/E069D196-7320-4881-A595-D2A7EE09406B.jpeg",1126,2000,false],"depicter-thumbnail":["https:\/\/lesfillesdaujourdhui.fr\/wp-content\/uploads\/2024\/03\/E069D196-7320-4881-A595-D2A7EE09406B-200x355.jpeg",200,355,true],"yith_slider_thumb":["https:\/\/lesfillesdaujourdhui.fr\/wp-content\/uploads\/2024\/03\/E069D196-7320-4881-A595-D2A7EE09406B-300x150.jpeg",300,150,true],"proteo-blog-loop-image":["https:\/\/lesfillesdaujourdhui.fr\/wp-content\/uploads\/2024\/03\/E069D196-7320-4881-A595-D2A7EE09406B-725x500.jpeg",725,500,true],"proteo-blog-loop-image-wide":["https:\/\/lesfillesdaujourdhui.fr\/wp-content\/uploads\/2024\/03\/E069D196-7320-4881-A595-D2A7EE09406B-1126x745.jpeg",1126,745,true],"proteo_full_width_image":["https:\/\/lesfillesdaujourdhui.fr\/wp-content\/uploads\/2024\/03\/E069D196-7320-4881-A595-D2A7EE09406B.jpeg",1126,2000,false],"proteo_blog_cropped_cover_image_400":["https:\/\/lesfillesdaujourdhui.fr\/wp-content\/uploads\/2024\/03\/E069D196-7320-4881-A595-D2A7EE09406B-1126x400.jpeg",1126,400,true],"menu-24x24":["https:\/\/lesfillesdaujourdhui.fr\/wp-content\/uploads\/2024\/03\/E069D196-7320-4881-A595-D2A7EE09406B-14x24.jpeg",14,24,true],"menu-36x36":["https:\/\/lesfillesdaujourdhui.fr\/wp-content\/uploads\/2024\/03\/E069D196-7320-4881-A595-D2A7EE09406B-20x36.jpeg",20,36,true],"menu-48x48":["https:\/\/lesfillesdaujourdhui.fr\/wp-content\/uploads\/2024\/03\/E069D196-7320-4881-A595-D2A7EE09406B-27x48.jpeg",27,48,true],"woocommerce_thumbnail":["https:\/\/lesfillesdaujourdhui.fr\/wp-content\/uploads\/2024\/03\/E069D196-7320-4881-A595-D2A7EE09406B-362x503.jpeg",362,503,true],"woocommerce_single":["https:\/\/lesfillesdaujourdhui.fr\/wp-content\/uploads\/2024\/03\/E069D196-7320-4881-A595-D2A7EE09406B-812x1442.jpeg",812,1442,true],"woocommerce_gallery_thumbnail":["https:\/\/lesfillesdaujourdhui.fr\/wp-content\/uploads\/2024\/03\/E069D196-7320-4881-A595-D2A7EE09406B-150x150.jpeg",150,150,true]},"uagb_author_info":{"display_name":"doriane","author_link":"https:\/\/lesfillesdaujourdhui.fr\/?author=0"},"uagb_comment_info":0,"uagb_excerpt":"Coeurs en p\u00e2te polym\u00e8re cr\u00e9oles en acier inoxydable 20mm &nbsp; &nbsp;","_links":{"self":[{"href":"https:\/\/lesfillesdaujourdhui.fr\/index.php?rest_route=\/wp\/v2\/product\/7953","targetHints":{"allow":["GET"]}}],"collection":[{"href":"https:\/\/lesfillesdaujourdhui.fr\/index.php?rest_route=\/wp\/v2\/product"}],"about":[{"href":"https:\/\/lesfillesdaujourdhui.fr\/index.php?rest_route=\/wp\/v2\/types\/product"}],"replies":[{"embeddable":true,"href":"https:\/\/lesfillesdaujourdhui.fr\/index.php?rest_route=%2Fwp%2Fv2%2Fcomments&post=7953"}],"wp:featuredmedia":[{"embeddable":true,"href":"https:\/\/lesfillesdaujourdhui.fr\/index.php?rest_route=\/wp\/v2\/media\/7940"}],"wp:attachment":[{"href":"https:\/\/lesfillesdaujourdhui.fr\/index.php?rest_route=%2Fwp%2Fv2%2Fmedia&parent=7953"}],"wp:term":[{"taxonomy":"product_cat","embeddable":true,"href":"https:\/\/lesfillesdaujourdhui.fr\/index.php?rest_route=%2Fwp%2Fv2%2Fproduct_cat&post=7953"},{"taxonomy":"product_tag","embeddable":true,"href":"https:\/\/lesfillesdaujourdhui.fr\/index.php?rest_route=%2Fwp%2Fv2%2Fproduct_tag&post=7953"}],"curies":[{"name":"wp","href":"https:\/\/api.w.org\/{rel}","templated":true}]}}