{"id":7952,"date":"2024-03-11T09:43:20","date_gmt":"2024-03-11T08:43:20","guid":{"rendered":"https:\/\/lesfillesdaujourdhui.fr\/?post_type=product&#038;p=7952"},"modified":"2024-03-11T09:43:21","modified_gmt":"2024-03-11T08:43:21","slug":"coeurs-4","status":"publish","type":"product","link":"https:\/\/lesfillesdaujourdhui.fr\/?product=coeurs-4","title":{"rendered":"Coeurs"},"content":{"rendered":"<p>Boucles en p\u00e2te polym\u00e8re r\u00e9sin\u00e9es<\/p>\n<p>cr\u00e9oles en acier inoxydable 20mm<\/p>\n","protected":false},"excerpt":{"rendered":"<p>Boucles en p\u00e2te polym\u00e8re r\u00e9sin\u00e9es cr\u00e9oles en acier inoxydable 20mm<\/p>\n","protected":false},"featured_media":7934,"comment_status":"open","ping_status":"closed","template":"","meta":{"_uag_custom_page_level_css":""},"product_cat":[181],"product_tag":[],"class_list":{"0":"post-7952","1":"product","2":"type-product","3":"status-publish","4":"has-post-thumbnail","6":"product_cat-coeurs-maiana","8":"first","9":"instock","10":"shipping-taxable","11":"purchasable","12":"product-type-simple"},"uagb_featured_image_src":{"full":["https:\/\/lesfillesdaujourdhui.fr\/wp-content\/uploads\/2024\/03\/F3B475A0-9016-413E-AF44-3D92FE7F2937.jpeg",1126,2000,false],"thumbnail":["https:\/\/lesfillesdaujourdhui.fr\/wp-content\/uploads\/2024\/03\/F3B475A0-9016-413E-AF44-3D92FE7F2937-150x150.jpeg",150,150,true],"medium":["https:\/\/lesfillesdaujourdhui.fr\/wp-content\/uploads\/2024\/03\/F3B475A0-9016-413E-AF44-3D92FE7F2937-169x300.jpeg",169,300,true],"medium_large":["https:\/\/lesfillesdaujourdhui.fr\/wp-content\/uploads\/2024\/03\/F3B475A0-9016-413E-AF44-3D92FE7F2937-768x1364.jpeg",768,1364,true],"large":["https:\/\/lesfillesdaujourdhui.fr\/wp-content\/uploads\/2024\/03\/F3B475A0-9016-413E-AF44-3D92FE7F2937-577x1024.jpeg",577,1024,true],"1536x1536":["https:\/\/lesfillesdaujourdhui.fr\/wp-content\/uploads\/2024\/03\/F3B475A0-9016-413E-AF44-3D92FE7F2937-865x1536.jpeg",865,1536,true],"2048x2048":["https:\/\/lesfillesdaujourdhui.fr\/wp-content\/uploads\/2024\/03\/F3B475A0-9016-413E-AF44-3D92FE7F2937.jpeg",1126,2000,false],"depicter-thumbnail":["https:\/\/lesfillesdaujourdhui.fr\/wp-content\/uploads\/2024\/03\/F3B475A0-9016-413E-AF44-3D92FE7F2937-200x355.jpeg",200,355,true],"yith_slider_thumb":["https:\/\/lesfillesdaujourdhui.fr\/wp-content\/uploads\/2024\/03\/F3B475A0-9016-413E-AF44-3D92FE7F2937-300x150.jpeg",300,150,true],"proteo-blog-loop-image":["https:\/\/lesfillesdaujourdhui.fr\/wp-content\/uploads\/2024\/03\/F3B475A0-9016-413E-AF44-3D92FE7F2937-725x500.jpeg",725,500,true],"proteo-blog-loop-image-wide":["https:\/\/lesfillesdaujourdhui.fr\/wp-content\/uploads\/2024\/03\/F3B475A0-9016-413E-AF44-3D92FE7F2937-1126x745.jpeg",1126,745,true],"proteo_full_width_image":["https:\/\/lesfillesdaujourdhui.fr\/wp-content\/uploads\/2024\/03\/F3B475A0-9016-413E-AF44-3D92FE7F2937.jpeg",1126,2000,false],"proteo_blog_cropped_cover_image_400":["https:\/\/lesfillesdaujourdhui.fr\/wp-content\/uploads\/2024\/03\/F3B475A0-9016-413E-AF44-3D92FE7F2937-1126x400.jpeg",1126,400,true],"menu-24x24":["https:\/\/lesfillesdaujourdhui.fr\/wp-content\/uploads\/2024\/03\/F3B475A0-9016-413E-AF44-3D92FE7F2937-14x24.jpeg",14,24,true],"menu-36x36":["https:\/\/lesfillesdaujourdhui.fr\/wp-content\/uploads\/2024\/03\/F3B475A0-9016-413E-AF44-3D92FE7F2937-20x36.jpeg",20,36,true],"menu-48x48":["https:\/\/lesfillesdaujourdhui.fr\/wp-content\/uploads\/2024\/03\/F3B475A0-9016-413E-AF44-3D92FE7F2937-27x48.jpeg",27,48,true],"woocommerce_thumbnail":["https:\/\/lesfillesdaujourdhui.fr\/wp-content\/uploads\/2024\/03\/F3B475A0-9016-413E-AF44-3D92FE7F2937-362x503.jpeg",362,503,true],"woocommerce_single":["https:\/\/lesfillesdaujourdhui.fr\/wp-content\/uploads\/2024\/03\/F3B475A0-9016-413E-AF44-3D92FE7F2937-812x1442.jpeg",812,1442,true],"woocommerce_gallery_thumbnail":["https:\/\/lesfillesdaujourdhui.fr\/wp-content\/uploads\/2024\/03\/F3B475A0-9016-413E-AF44-3D92FE7F2937-150x150.jpeg",150,150,true]},"uagb_author_info":{"display_name":"doriane","author_link":"https:\/\/lesfillesdaujourdhui.fr\/?author=0"},"uagb_comment_info":0,"uagb_excerpt":"Boucles en p\u00e2te polym\u00e8re r\u00e9sin\u00e9es cr\u00e9oles en acier inoxydable 20mm","_links":{"self":[{"href":"https:\/\/lesfillesdaujourdhui.fr\/index.php?rest_route=\/wp\/v2\/product\/7952","targetHints":{"allow":["GET"]}}],"collection":[{"href":"https:\/\/lesfillesdaujourdhui.fr\/index.php?rest_route=\/wp\/v2\/product"}],"about":[{"href":"https:\/\/lesfillesdaujourdhui.fr\/index.php?rest_route=\/wp\/v2\/types\/product"}],"replies":[{"embeddable":true,"href":"https:\/\/lesfillesdaujourdhui.fr\/index.php?rest_route=%2Fwp%2Fv2%2Fcomments&post=7952"}],"wp:featuredmedia":[{"embeddable":true,"href":"https:\/\/lesfillesdaujourdhui.fr\/index.php?rest_route=\/wp\/v2\/media\/7934"}],"wp:attachment":[{"href":"https:\/\/lesfillesdaujourdhui.fr\/index.php?rest_route=%2Fwp%2Fv2%2Fmedia&parent=7952"}],"wp:term":[{"taxonomy":"product_cat","embeddable":true,"href":"https:\/\/lesfillesdaujourdhui.fr\/index.php?rest_route=%2Fwp%2Fv2%2Fproduct_cat&post=7952"},{"taxonomy":"product_tag","embeddable":true,"href":"https:\/\/lesfillesdaujourdhui.fr\/index.php?rest_route=%2Fwp%2Fv2%2Fproduct_tag&post=7952"}],"curies":[{"name":"wp","href":"https:\/\/api.w.org\/{rel}","templated":true}]}}