{"id":7912,"date":"2024-03-08T19:45:16","date_gmt":"2024-03-08T18:45:16","guid":{"rendered":"https:\/\/lesfillesdaujourdhui.fr\/?post_type=product&#038;p=7912"},"modified":"2024-03-08T19:45:16","modified_gmt":"2024-03-08T18:45:16","slug":"boucles-fleurs-10","status":"publish","type":"product","link":"https:\/\/lesfillesdaujourdhui.fr\/?product=boucles-fleurs-10","title":{"rendered":"Boucles fleurs"},"content":{"rendered":"<p>Boucles en p\u00e2te polym\u00e8re<\/p>\n<p>cr\u00e9oles en acier inoxydable 20mm<\/p>\n","protected":false},"excerpt":{"rendered":"<p>Boucles en p\u00e2te polym\u00e8re cr\u00e9oles en acier inoxydable 20mm<\/p>\n","protected":false},"featured_media":7913,"comment_status":"open","ping_status":"closed","template":"","meta":{"_uag_custom_page_level_css":""},"product_cat":[164,139],"product_tag":[],"class_list":{"0":"post-7912","1":"product","2":"type-product","3":"status-publish","4":"has-post-thumbnail","6":"product_cat-boucles-oreilles","7":"product_cat-pate-polymere","9":"first","10":"instock","11":"shipping-taxable","12":"purchasable","13":"product-type-simple"},"uagb_featured_image_src":{"full":["https:\/\/lesfillesdaujourdhui.fr\/wp-content\/uploads\/2024\/03\/008E0801-B58E-402B-A26F-902ED76EBBC4-e1709923269640.jpeg",900,1008,false],"thumbnail":["https:\/\/lesfillesdaujourdhui.fr\/wp-content\/uploads\/2024\/03\/008E0801-B58E-402B-A26F-902ED76EBBC4-e1709923269640-150x150.jpeg",150,150,true],"medium":["https:\/\/lesfillesdaujourdhui.fr\/wp-content\/uploads\/2024\/03\/008E0801-B58E-402B-A26F-902ED76EBBC4-e1709923269640-268x300.jpeg",268,300,true],"medium_large":["https:\/\/lesfillesdaujourdhui.fr\/wp-content\/uploads\/2024\/03\/008E0801-B58E-402B-A26F-902ED76EBBC4-e1709923269640-768x860.jpeg",768,860,true],"large":["https:\/\/lesfillesdaujourdhui.fr\/wp-content\/uploads\/2024\/03\/008E0801-B58E-402B-A26F-902ED76EBBC4-576x1024.jpeg",576,1024,true],"1536x1536":["https:\/\/lesfillesdaujourdhui.fr\/wp-content\/uploads\/2024\/03\/008E0801-B58E-402B-A26F-902ED76EBBC4-864x1536.jpeg",864,1536,true],"2048x2048":["https:\/\/lesfillesdaujourdhui.fr\/wp-content\/uploads\/2024\/03\/008E0801-B58E-402B-A26F-902ED76EBBC4-e1709923269640.jpeg",900,1008,false],"depicter-thumbnail":["https:\/\/lesfillesdaujourdhui.fr\/wp-content\/uploads\/2024\/03\/008E0801-B58E-402B-A26F-902ED76EBBC4-e1709923269640-200x224.jpeg",200,224,true],"yith_slider_thumb":["https:\/\/lesfillesdaujourdhui.fr\/wp-content\/uploads\/2024\/03\/008E0801-B58E-402B-A26F-902ED76EBBC4-e1709923269640-300x150.jpeg",300,150,true],"proteo-blog-loop-image":["https:\/\/lesfillesdaujourdhui.fr\/wp-content\/uploads\/2024\/03\/008E0801-B58E-402B-A26F-902ED76EBBC4-e1709923269640-725x500.jpeg",725,500,true],"proteo-blog-loop-image-wide":["https:\/\/lesfillesdaujourdhui.fr\/wp-content\/uploads\/2024\/03\/008E0801-B58E-402B-A26F-902ED76EBBC4-e1709923269640-900x745.jpeg",900,745,true],"proteo_full_width_image":["https:\/\/lesfillesdaujourdhui.fr\/wp-content\/uploads\/2024\/03\/008E0801-B58E-402B-A26F-902ED76EBBC4-e1709923269640.jpeg",900,1008,false],"proteo_blog_cropped_cover_image_400":["https:\/\/lesfillesdaujourdhui.fr\/wp-content\/uploads\/2024\/03\/008E0801-B58E-402B-A26F-902ED76EBBC4-e1709923269640-900x400.jpeg",900,400,true],"menu-24x24":["https:\/\/lesfillesdaujourdhui.fr\/wp-content\/uploads\/2024\/03\/008E0801-B58E-402B-A26F-902ED76EBBC4-e1709923269640-21x24.jpeg",21,24,true],"menu-36x36":["https:\/\/lesfillesdaujourdhui.fr\/wp-content\/uploads\/2024\/03\/008E0801-B58E-402B-A26F-902ED76EBBC4-e1709923269640-32x36.jpeg",32,36,true],"menu-48x48":["https:\/\/lesfillesdaujourdhui.fr\/wp-content\/uploads\/2024\/03\/008E0801-B58E-402B-A26F-902ED76EBBC4-e1709923269640-43x48.jpeg",43,48,true],"woocommerce_thumbnail":["https:\/\/lesfillesdaujourdhui.fr\/wp-content\/uploads\/2024\/03\/008E0801-B58E-402B-A26F-902ED76EBBC4-e1709923269640-362x503.jpeg",362,503,true],"woocommerce_single":["https:\/\/lesfillesdaujourdhui.fr\/wp-content\/uploads\/2024\/03\/008E0801-B58E-402B-A26F-902ED76EBBC4-e1709923269640-812x909.jpeg",812,909,true],"woocommerce_gallery_thumbnail":["https:\/\/lesfillesdaujourdhui.fr\/wp-content\/uploads\/2024\/03\/008E0801-B58E-402B-A26F-902ED76EBBC4-e1709923269640-150x150.jpeg",150,150,true]},"uagb_author_info":{"display_name":"doriane","author_link":"https:\/\/lesfillesdaujourdhui.fr\/?author=0"},"uagb_comment_info":0,"uagb_excerpt":"Boucles en p\u00e2te polym\u00e8re cr\u00e9oles en acier inoxydable 20mm","_links":{"self":[{"href":"https:\/\/lesfillesdaujourdhui.fr\/index.php?rest_route=\/wp\/v2\/product\/7912","targetHints":{"allow":["GET"]}}],"collection":[{"href":"https:\/\/lesfillesdaujourdhui.fr\/index.php?rest_route=\/wp\/v2\/product"}],"about":[{"href":"https:\/\/lesfillesdaujourdhui.fr\/index.php?rest_route=\/wp\/v2\/types\/product"}],"replies":[{"embeddable":true,"href":"https:\/\/lesfillesdaujourdhui.fr\/index.php?rest_route=%2Fwp%2Fv2%2Fcomments&post=7912"}],"wp:featuredmedia":[{"embeddable":true,"href":"https:\/\/lesfillesdaujourdhui.fr\/index.php?rest_route=\/wp\/v2\/media\/7913"}],"wp:attachment":[{"href":"https:\/\/lesfillesdaujourdhui.fr\/index.php?rest_route=%2Fwp%2Fv2%2Fmedia&parent=7912"}],"wp:term":[{"taxonomy":"product_cat","embeddable":true,"href":"https:\/\/lesfillesdaujourdhui.fr\/index.php?rest_route=%2Fwp%2Fv2%2Fproduct_cat&post=7912"},{"taxonomy":"product_tag","embeddable":true,"href":"https:\/\/lesfillesdaujourdhui.fr\/index.php?rest_route=%2Fwp%2Fv2%2Fproduct_tag&post=7912"}],"curies":[{"name":"wp","href":"https:\/\/api.w.org\/{rel}","templated":true}]}}