{"id":7911,"date":"2024-03-08T19:34:34","date_gmt":"2024-03-08T18:34:34","guid":{"rendered":"https:\/\/lesfillesdaujourdhui.fr\/?post_type=product&#038;p=7911"},"modified":"2024-03-08T19:35:07","modified_gmt":"2024-03-08T18:35:07","slug":"boucles-fleurs-9","status":"publish","type":"product","link":"https:\/\/lesfillesdaujourdhui.fr\/?product=boucles-fleurs-9","title":{"rendered":"Boucles Fleurs"},"content":{"rendered":"<p>Boucles en p\u00e2te polym\u00e8re<\/p>\n<p>cr\u00e9oles 20mm en acier inoxydable<\/p>\n","protected":false},"excerpt":{"rendered":"<p>Boucles en p\u00e2te polym\u00e8re cr\u00e9oles 20mm en acier inoxydable<\/p>\n","protected":false},"featured_media":7906,"comment_status":"open","ping_status":"closed","template":"","meta":{"_uag_custom_page_level_css":""},"product_cat":[164,139],"product_tag":[],"class_list":{"0":"post-7911","1":"product","2":"type-product","3":"status-publish","4":"has-post-thumbnail","6":"product_cat-boucles-oreilles","7":"product_cat-pate-polymere","9":"first","10":"instock","11":"shipping-taxable","12":"purchasable","13":"product-type-simple"},"uagb_featured_image_src":{"full":["https:\/\/lesfillesdaujourdhui.fr\/wp-content\/uploads\/2024\/03\/B154F60F-A0D7-49B2-961C-6882F2EF1572-e1709922796306.jpeg",834,997,false],"thumbnail":["https:\/\/lesfillesdaujourdhui.fr\/wp-content\/uploads\/2024\/03\/B154F60F-A0D7-49B2-961C-6882F2EF1572-e1709922796306-150x150.jpeg",150,150,true],"medium":["https:\/\/lesfillesdaujourdhui.fr\/wp-content\/uploads\/2024\/03\/B154F60F-A0D7-49B2-961C-6882F2EF1572-e1709922796306-251x300.jpeg",251,300,true],"medium_large":["https:\/\/lesfillesdaujourdhui.fr\/wp-content\/uploads\/2024\/03\/B154F60F-A0D7-49B2-961C-6882F2EF1572-e1709922796306-768x918.jpeg",768,918,true],"large":["https:\/\/lesfillesdaujourdhui.fr\/wp-content\/uploads\/2024\/03\/B154F60F-A0D7-49B2-961C-6882F2EF1572-576x1024.jpeg",576,1024,true],"1536x1536":["https:\/\/lesfillesdaujourdhui.fr\/wp-content\/uploads\/2024\/03\/B154F60F-A0D7-49B2-961C-6882F2EF1572-864x1536.jpeg",864,1536,true],"2048x2048":["https:\/\/lesfillesdaujourdhui.fr\/wp-content\/uploads\/2024\/03\/B154F60F-A0D7-49B2-961C-6882F2EF1572-e1709922796306.jpeg",834,997,false],"depicter-thumbnail":["https:\/\/lesfillesdaujourdhui.fr\/wp-content\/uploads\/2024\/03\/B154F60F-A0D7-49B2-961C-6882F2EF1572-e1709922796306-200x239.jpeg",200,239,true],"yith_slider_thumb":["https:\/\/lesfillesdaujourdhui.fr\/wp-content\/uploads\/2024\/03\/B154F60F-A0D7-49B2-961C-6882F2EF1572-e1709922796306-300x150.jpeg",300,150,true],"proteo-blog-loop-image":["https:\/\/lesfillesdaujourdhui.fr\/wp-content\/uploads\/2024\/03\/B154F60F-A0D7-49B2-961C-6882F2EF1572-e1709922796306-725x500.jpeg",725,500,true],"proteo-blog-loop-image-wide":["https:\/\/lesfillesdaujourdhui.fr\/wp-content\/uploads\/2024\/03\/B154F60F-A0D7-49B2-961C-6882F2EF1572-e1709922796306-834x745.jpeg",834,745,true],"proteo_full_width_image":["https:\/\/lesfillesdaujourdhui.fr\/wp-content\/uploads\/2024\/03\/B154F60F-A0D7-49B2-961C-6882F2EF1572-e1709922796306.jpeg",834,997,false],"proteo_blog_cropped_cover_image_400":["https:\/\/lesfillesdaujourdhui.fr\/wp-content\/uploads\/2024\/03\/B154F60F-A0D7-49B2-961C-6882F2EF1572-e1709922796306-834x400.jpeg",834,400,true],"menu-24x24":["https:\/\/lesfillesdaujourdhui.fr\/wp-content\/uploads\/2024\/03\/B154F60F-A0D7-49B2-961C-6882F2EF1572-e1709922796306-20x24.jpeg",20,24,true],"menu-36x36":["https:\/\/lesfillesdaujourdhui.fr\/wp-content\/uploads\/2024\/03\/B154F60F-A0D7-49B2-961C-6882F2EF1572-e1709922796306-30x36.jpeg",30,36,true],"menu-48x48":["https:\/\/lesfillesdaujourdhui.fr\/wp-content\/uploads\/2024\/03\/B154F60F-A0D7-49B2-961C-6882F2EF1572-e1709922796306-40x48.jpeg",40,48,true],"woocommerce_thumbnail":["https:\/\/lesfillesdaujourdhui.fr\/wp-content\/uploads\/2024\/03\/B154F60F-A0D7-49B2-961C-6882F2EF1572-e1709922796306-362x503.jpeg",362,503,true],"woocommerce_single":["https:\/\/lesfillesdaujourdhui.fr\/wp-content\/uploads\/2024\/03\/B154F60F-A0D7-49B2-961C-6882F2EF1572-e1709922796306-812x971.jpeg",812,971,true],"woocommerce_gallery_thumbnail":["https:\/\/lesfillesdaujourdhui.fr\/wp-content\/uploads\/2024\/03\/B154F60F-A0D7-49B2-961C-6882F2EF1572-e1709922796306-150x150.jpeg",150,150,true]},"uagb_author_info":{"display_name":"doriane","author_link":"https:\/\/lesfillesdaujourdhui.fr\/?author=0"},"uagb_comment_info":0,"uagb_excerpt":"Boucles en p\u00e2te polym\u00e8re cr\u00e9oles 20mm en acier inoxydable","_links":{"self":[{"href":"https:\/\/lesfillesdaujourdhui.fr\/index.php?rest_route=\/wp\/v2\/product\/7911","targetHints":{"allow":["GET"]}}],"collection":[{"href":"https:\/\/lesfillesdaujourdhui.fr\/index.php?rest_route=\/wp\/v2\/product"}],"about":[{"href":"https:\/\/lesfillesdaujourdhui.fr\/index.php?rest_route=\/wp\/v2\/types\/product"}],"replies":[{"embeddable":true,"href":"https:\/\/lesfillesdaujourdhui.fr\/index.php?rest_route=%2Fwp%2Fv2%2Fcomments&post=7911"}],"wp:featuredmedia":[{"embeddable":true,"href":"https:\/\/lesfillesdaujourdhui.fr\/index.php?rest_route=\/wp\/v2\/media\/7906"}],"wp:attachment":[{"href":"https:\/\/lesfillesdaujourdhui.fr\/index.php?rest_route=%2Fwp%2Fv2%2Fmedia&parent=7911"}],"wp:term":[{"taxonomy":"product_cat","embeddable":true,"href":"https:\/\/lesfillesdaujourdhui.fr\/index.php?rest_route=%2Fwp%2Fv2%2Fproduct_cat&post=7911"},{"taxonomy":"product_tag","embeddable":true,"href":"https:\/\/lesfillesdaujourdhui.fr\/index.php?rest_route=%2Fwp%2Fv2%2Fproduct_tag&post=7911"}],"curies":[{"name":"wp","href":"https:\/\/api.w.org\/{rel}","templated":true}]}}