{"id":7899,"date":"2024-03-06T21:59:45","date_gmt":"2024-03-06T20:59:45","guid":{"rendered":"https:\/\/lesfillesdaujourdhui.fr\/?post_type=product&#038;p=7899"},"modified":"2024-03-06T22:00:24","modified_gmt":"2024-03-06T21:00:24","slug":"7899","status":"publish","type":"product","link":"https:\/\/lesfillesdaujourdhui.fr\/?product=7899","title":{"rendered":"Coeurs Cr\u00e9oles"},"content":{"rendered":"<p>CCCoeurs en p\u00e2te polym\u00e8re et r\u00e9sine<\/p>\n<p>Cr\u00e9oles en acier inoxydable 20mm<\/p>\n","protected":false},"excerpt":{"rendered":"<p>CCCoeurs en p\u00e2te polym\u00e8re et r\u00e9sine Cr\u00e9oles en acier inoxydable 20mm<\/p>\n","protected":false},"featured_media":7901,"comment_status":"open","ping_status":"closed","template":"","meta":{"_uag_custom_page_level_css":""},"product_cat":[164],"product_tag":[],"class_list":{"0":"post-7899","1":"product","2":"type-product","3":"status-publish","4":"has-post-thumbnail","6":"product_cat-boucles-oreilles","8":"first","9":"instock","10":"shipping-taxable","11":"purchasable","12":"product-type-simple"},"uagb_featured_image_src":{"full":["https:\/\/lesfillesdaujourdhui.fr\/wp-content\/uploads\/2024\/03\/131EBF5C-21C9-4CFB-A1A8-5C57B126F24A-e1709758675586.jpeg",1126,1410,false],"thumbnail":["https:\/\/lesfillesdaujourdhui.fr\/wp-content\/uploads\/2024\/03\/131EBF5C-21C9-4CFB-A1A8-5C57B126F24A-e1709758675586-150x150.jpeg",150,150,true],"medium":["https:\/\/lesfillesdaujourdhui.fr\/wp-content\/uploads\/2024\/03\/131EBF5C-21C9-4CFB-A1A8-5C57B126F24A-e1709758675586-240x300.jpeg",240,300,true],"medium_large":["https:\/\/lesfillesdaujourdhui.fr\/wp-content\/uploads\/2024\/03\/131EBF5C-21C9-4CFB-A1A8-5C57B126F24A-e1709758675586-768x962.jpeg",768,962,true],"large":["https:\/\/lesfillesdaujourdhui.fr\/wp-content\/uploads\/2024\/03\/131EBF5C-21C9-4CFB-A1A8-5C57B126F24A-e1709758675586-818x1024.jpeg",818,1024,true],"1536x1536":["https:\/\/lesfillesdaujourdhui.fr\/wp-content\/uploads\/2024\/03\/131EBF5C-21C9-4CFB-A1A8-5C57B126F24A-865x1536.jpeg",865,1536,true],"2048x2048":["https:\/\/lesfillesdaujourdhui.fr\/wp-content\/uploads\/2024\/03\/131EBF5C-21C9-4CFB-A1A8-5C57B126F24A-e1709758675586.jpeg",1126,1410,false],"depicter-thumbnail":["https:\/\/lesfillesdaujourdhui.fr\/wp-content\/uploads\/2024\/03\/131EBF5C-21C9-4CFB-A1A8-5C57B126F24A-e1709758675586-200x250.jpeg",200,250,true],"yith_slider_thumb":["https:\/\/lesfillesdaujourdhui.fr\/wp-content\/uploads\/2024\/03\/131EBF5C-21C9-4CFB-A1A8-5C57B126F24A-e1709758675586-300x150.jpeg",300,150,true],"proteo-blog-loop-image":["https:\/\/lesfillesdaujourdhui.fr\/wp-content\/uploads\/2024\/03\/131EBF5C-21C9-4CFB-A1A8-5C57B126F24A-e1709758675586-725x500.jpeg",725,500,true],"proteo-blog-loop-image-wide":["https:\/\/lesfillesdaujourdhui.fr\/wp-content\/uploads\/2024\/03\/131EBF5C-21C9-4CFB-A1A8-5C57B126F24A-e1709758675586-1126x745.jpeg",1126,745,true],"proteo_full_width_image":["https:\/\/lesfillesdaujourdhui.fr\/wp-content\/uploads\/2024\/03\/131EBF5C-21C9-4CFB-A1A8-5C57B126F24A-e1709758675586.jpeg",1126,1410,false],"proteo_blog_cropped_cover_image_400":["https:\/\/lesfillesdaujourdhui.fr\/wp-content\/uploads\/2024\/03\/131EBF5C-21C9-4CFB-A1A8-5C57B126F24A-e1709758675586-1126x400.jpeg",1126,400,true],"menu-24x24":["https:\/\/lesfillesdaujourdhui.fr\/wp-content\/uploads\/2024\/03\/131EBF5C-21C9-4CFB-A1A8-5C57B126F24A-e1709758675586-19x24.jpeg",19,24,true],"menu-36x36":["https:\/\/lesfillesdaujourdhui.fr\/wp-content\/uploads\/2024\/03\/131EBF5C-21C9-4CFB-A1A8-5C57B126F24A-e1709758675586-29x36.jpeg",29,36,true],"menu-48x48":["https:\/\/lesfillesdaujourdhui.fr\/wp-content\/uploads\/2024\/03\/131EBF5C-21C9-4CFB-A1A8-5C57B126F24A-e1709758675586-38x48.jpeg",38,48,true],"woocommerce_thumbnail":["https:\/\/lesfillesdaujourdhui.fr\/wp-content\/uploads\/2024\/03\/131EBF5C-21C9-4CFB-A1A8-5C57B126F24A-e1709758675586-362x503.jpeg",362,503,true],"woocommerce_single":["https:\/\/lesfillesdaujourdhui.fr\/wp-content\/uploads\/2024\/03\/131EBF5C-21C9-4CFB-A1A8-5C57B126F24A-e1709758675586-812x1017.jpeg",812,1017,true],"woocommerce_gallery_thumbnail":["https:\/\/lesfillesdaujourdhui.fr\/wp-content\/uploads\/2024\/03\/131EBF5C-21C9-4CFB-A1A8-5C57B126F24A-e1709758675586-150x150.jpeg",150,150,true]},"uagb_author_info":{"display_name":"doriane","author_link":"https:\/\/lesfillesdaujourdhui.fr\/?author=0"},"uagb_comment_info":0,"uagb_excerpt":"CCCoeurs en p\u00e2te polym\u00e8re et r\u00e9sine Cr\u00e9oles en acier inoxydable 20mm","_links":{"self":[{"href":"https:\/\/lesfillesdaujourdhui.fr\/index.php?rest_route=\/wp\/v2\/product\/7899","targetHints":{"allow":["GET"]}}],"collection":[{"href":"https:\/\/lesfillesdaujourdhui.fr\/index.php?rest_route=\/wp\/v2\/product"}],"about":[{"href":"https:\/\/lesfillesdaujourdhui.fr\/index.php?rest_route=\/wp\/v2\/types\/product"}],"replies":[{"embeddable":true,"href":"https:\/\/lesfillesdaujourdhui.fr\/index.php?rest_route=%2Fwp%2Fv2%2Fcomments&post=7899"}],"wp:featuredmedia":[{"embeddable":true,"href":"https:\/\/lesfillesdaujourdhui.fr\/index.php?rest_route=\/wp\/v2\/media\/7901"}],"wp:attachment":[{"href":"https:\/\/lesfillesdaujourdhui.fr\/index.php?rest_route=%2Fwp%2Fv2%2Fmedia&parent=7899"}],"wp:term":[{"taxonomy":"product_cat","embeddable":true,"href":"https:\/\/lesfillesdaujourdhui.fr\/index.php?rest_route=%2Fwp%2Fv2%2Fproduct_cat&post=7899"},{"taxonomy":"product_tag","embeddable":true,"href":"https:\/\/lesfillesdaujourdhui.fr\/index.php?rest_route=%2Fwp%2Fv2%2Fproduct_tag&post=7899"}],"curies":[{"name":"wp","href":"https:\/\/api.w.org\/{rel}","templated":true}]}}