{"id":7880,"date":"2024-03-05T13:36:01","date_gmt":"2024-03-05T12:36:01","guid":{"rendered":"https:\/\/lesfillesdaujourdhui.fr\/?post_type=product&#038;p=7880"},"modified":"2024-03-05T13:36:01","modified_gmt":"2024-03-05T12:36:01","slug":"boucles-oiseaux-4","status":"publish","type":"product","link":"https:\/\/lesfillesdaujourdhui.fr\/?product=boucles-oiseaux-4","title":{"rendered":"Boucles Oiseaux"},"content":{"rendered":"<p>Boucles en p\u00e2te polym\u00e8re et r\u00e9sine<\/p>\n<p>cr\u00e9oles en acier inoxydable 20mm<\/p>\n<p>&nbsp;<\/p>\n","protected":false},"excerpt":{"rendered":"<p>Boucles en p\u00e2te polym\u00e8re et r\u00e9sine cr\u00e9oles en acier inoxydable 20mm &nbsp;<\/p>\n","protected":false},"featured_media":7882,"comment_status":"open","ping_status":"closed","template":"","meta":{"_uag_custom_page_level_css":""},"product_cat":[164,178],"product_tag":[],"class_list":{"0":"post-7880","1":"product","2":"type-product","3":"status-publish","4":"has-post-thumbnail","6":"product_cat-boucles-oreilles","7":"product_cat-collection-printemps-2024","9":"first","10":"instock","11":"shipping-taxable","12":"purchasable","13":"product-type-simple"},"uagb_featured_image_src":{"full":["https:\/\/lesfillesdaujourdhui.fr\/wp-content\/uploads\/2024\/03\/DF3705F7-869B-4E5E-B96B-3C71133F85ED-e1709641809791.jpeg",1126,1046,false],"thumbnail":["https:\/\/lesfillesdaujourdhui.fr\/wp-content\/uploads\/2024\/03\/DF3705F7-869B-4E5E-B96B-3C71133F85ED-e1709641809791-150x150.jpeg",150,150,true],"medium":["https:\/\/lesfillesdaujourdhui.fr\/wp-content\/uploads\/2024\/03\/DF3705F7-869B-4E5E-B96B-3C71133F85ED-e1709641809791-300x279.jpeg",300,279,true],"medium_large":["https:\/\/lesfillesdaujourdhui.fr\/wp-content\/uploads\/2024\/03\/DF3705F7-869B-4E5E-B96B-3C71133F85ED-e1709641809791-768x713.jpeg",768,713,true],"large":["https:\/\/lesfillesdaujourdhui.fr\/wp-content\/uploads\/2024\/03\/DF3705F7-869B-4E5E-B96B-3C71133F85ED-e1709641809791-1024x951.jpeg",1024,951,true],"1536x1536":["https:\/\/lesfillesdaujourdhui.fr\/wp-content\/uploads\/2024\/03\/DF3705F7-869B-4E5E-B96B-3C71133F85ED-865x1536.jpeg",865,1536,true],"2048x2048":["https:\/\/lesfillesdaujourdhui.fr\/wp-content\/uploads\/2024\/03\/DF3705F7-869B-4E5E-B96B-3C71133F85ED-e1709641809791.jpeg",1126,1046,false],"depicter-thumbnail":["https:\/\/lesfillesdaujourdhui.fr\/wp-content\/uploads\/2024\/03\/DF3705F7-869B-4E5E-B96B-3C71133F85ED-e1709641809791-200x186.jpeg",200,186,true],"yith_slider_thumb":["https:\/\/lesfillesdaujourdhui.fr\/wp-content\/uploads\/2024\/03\/DF3705F7-869B-4E5E-B96B-3C71133F85ED-e1709641809791-300x150.jpeg",300,150,true],"proteo-blog-loop-image":["https:\/\/lesfillesdaujourdhui.fr\/wp-content\/uploads\/2024\/03\/DF3705F7-869B-4E5E-B96B-3C71133F85ED-e1709641809791-725x500.jpeg",725,500,true],"proteo-blog-loop-image-wide":["https:\/\/lesfillesdaujourdhui.fr\/wp-content\/uploads\/2024\/03\/DF3705F7-869B-4E5E-B96B-3C71133F85ED-e1709641809791-1126x745.jpeg",1126,745,true],"proteo_full_width_image":["https:\/\/lesfillesdaujourdhui.fr\/wp-content\/uploads\/2024\/03\/DF3705F7-869B-4E5E-B96B-3C71133F85ED-e1709641809791.jpeg",1126,1046,false],"proteo_blog_cropped_cover_image_400":["https:\/\/lesfillesdaujourdhui.fr\/wp-content\/uploads\/2024\/03\/DF3705F7-869B-4E5E-B96B-3C71133F85ED-e1709641809791-1126x400.jpeg",1126,400,true],"menu-24x24":["https:\/\/lesfillesdaujourdhui.fr\/wp-content\/uploads\/2024\/03\/DF3705F7-869B-4E5E-B96B-3C71133F85ED-e1709641809791-24x22.jpeg",24,22,true],"menu-36x36":["https:\/\/lesfillesdaujourdhui.fr\/wp-content\/uploads\/2024\/03\/DF3705F7-869B-4E5E-B96B-3C71133F85ED-e1709641809791-36x33.jpeg",36,33,true],"menu-48x48":["https:\/\/lesfillesdaujourdhui.fr\/wp-content\/uploads\/2024\/03\/DF3705F7-869B-4E5E-B96B-3C71133F85ED-e1709641809791-48x45.jpeg",48,45,true],"woocommerce_thumbnail":["https:\/\/lesfillesdaujourdhui.fr\/wp-content\/uploads\/2024\/03\/DF3705F7-869B-4E5E-B96B-3C71133F85ED-e1709641809791-362x503.jpeg",362,503,true],"woocommerce_single":["https:\/\/lesfillesdaujourdhui.fr\/wp-content\/uploads\/2024\/03\/DF3705F7-869B-4E5E-B96B-3C71133F85ED-e1709641809791-812x754.jpeg",812,754,true],"woocommerce_gallery_thumbnail":["https:\/\/lesfillesdaujourdhui.fr\/wp-content\/uploads\/2024\/03\/DF3705F7-869B-4E5E-B96B-3C71133F85ED-e1709641809791-150x150.jpeg",150,150,true]},"uagb_author_info":{"display_name":"doriane","author_link":"https:\/\/lesfillesdaujourdhui.fr\/?author=0"},"uagb_comment_info":0,"uagb_excerpt":"Boucles en p\u00e2te polym\u00e8re et r\u00e9sine cr\u00e9oles en acier inoxydable 20mm &nbsp;","_links":{"self":[{"href":"https:\/\/lesfillesdaujourdhui.fr\/index.php?rest_route=\/wp\/v2\/product\/7880","targetHints":{"allow":["GET"]}}],"collection":[{"href":"https:\/\/lesfillesdaujourdhui.fr\/index.php?rest_route=\/wp\/v2\/product"}],"about":[{"href":"https:\/\/lesfillesdaujourdhui.fr\/index.php?rest_route=\/wp\/v2\/types\/product"}],"replies":[{"embeddable":true,"href":"https:\/\/lesfillesdaujourdhui.fr\/index.php?rest_route=%2Fwp%2Fv2%2Fcomments&post=7880"}],"wp:featuredmedia":[{"embeddable":true,"href":"https:\/\/lesfillesdaujourdhui.fr\/index.php?rest_route=\/wp\/v2\/media\/7882"}],"wp:attachment":[{"href":"https:\/\/lesfillesdaujourdhui.fr\/index.php?rest_route=%2Fwp%2Fv2%2Fmedia&parent=7880"}],"wp:term":[{"taxonomy":"product_cat","embeddable":true,"href":"https:\/\/lesfillesdaujourdhui.fr\/index.php?rest_route=%2Fwp%2Fv2%2Fproduct_cat&post=7880"},{"taxonomy":"product_tag","embeddable":true,"href":"https:\/\/lesfillesdaujourdhui.fr\/index.php?rest_route=%2Fwp%2Fv2%2Fproduct_tag&post=7880"}],"curies":[{"name":"wp","href":"https:\/\/api.w.org\/{rel}","templated":true}]}}