{"id":7863,"date":"2024-03-04T17:15:51","date_gmt":"2024-03-04T16:15:51","guid":{"rendered":"https:\/\/lesfillesdaujourdhui.fr\/?post_type=product&#038;p=7863"},"modified":"2024-03-04T17:15:51","modified_gmt":"2024-03-04T16:15:51","slug":"bague-fleurie-4","status":"publish","type":"product","link":"https:\/\/lesfillesdaujourdhui.fr\/?product=bague-fleurie-4","title":{"rendered":"Bague Fleurie"},"content":{"rendered":"<p>Bague p\u00e2te polym\u00e8re et r\u00e9sine<\/p>\n<p>acier inoxydable<\/p>\n<p>r\u00e9glable ( d\u00e9conseill\u00e9 aux doigts fins )<\/p>\n","protected":false},"excerpt":{"rendered":"<p>Bague p\u00e2te polym\u00e8re et r\u00e9sine acier inoxydable r\u00e9glable ( d\u00e9conseill\u00e9 aux doigts fins )<\/p>\n","protected":false},"featured_media":7858,"comment_status":"open","ping_status":"closed","template":"","meta":{"_uag_custom_page_level_css":""},"product_cat":[179],"product_tag":[],"class_list":{"0":"post-7863","1":"product","2":"type-product","3":"status-publish","4":"has-post-thumbnail","6":"product_cat-bagues","8":"first","9":"instock","10":"shipping-taxable","11":"purchasable","12":"product-type-simple"},"uagb_featured_image_src":{"full":["https:\/\/lesfillesdaujourdhui.fr\/wp-content\/uploads\/2024\/03\/4FEEB898-16D5-464A-B17A-57C2F5B444B7-e1709568667460.jpeg",900,1146,false],"thumbnail":["https:\/\/lesfillesdaujourdhui.fr\/wp-content\/uploads\/2024\/03\/4FEEB898-16D5-464A-B17A-57C2F5B444B7-e1709568667460-150x150.jpeg",150,150,true],"medium":["https:\/\/lesfillesdaujourdhui.fr\/wp-content\/uploads\/2024\/03\/4FEEB898-16D5-464A-B17A-57C2F5B444B7-e1709568667460-236x300.jpeg",236,300,true],"medium_large":["https:\/\/lesfillesdaujourdhui.fr\/wp-content\/uploads\/2024\/03\/4FEEB898-16D5-464A-B17A-57C2F5B444B7-e1709568667460-768x978.jpeg",768,978,true],"large":["https:\/\/lesfillesdaujourdhui.fr\/wp-content\/uploads\/2024\/03\/4FEEB898-16D5-464A-B17A-57C2F5B444B7-e1709568667460-804x1024.jpeg",804,1024,true],"1536x1536":["https:\/\/lesfillesdaujourdhui.fr\/wp-content\/uploads\/2024\/03\/4FEEB898-16D5-464A-B17A-57C2F5B444B7-864x1536.jpeg",864,1536,true],"2048x2048":["https:\/\/lesfillesdaujourdhui.fr\/wp-content\/uploads\/2024\/03\/4FEEB898-16D5-464A-B17A-57C2F5B444B7-e1709568667460.jpeg",900,1146,false],"depicter-thumbnail":["https:\/\/lesfillesdaujourdhui.fr\/wp-content\/uploads\/2024\/03\/4FEEB898-16D5-464A-B17A-57C2F5B444B7-e1709568667460-200x255.jpeg",200,255,true],"yith_slider_thumb":["https:\/\/lesfillesdaujourdhui.fr\/wp-content\/uploads\/2024\/03\/4FEEB898-16D5-464A-B17A-57C2F5B444B7-e1709568667460-300x150.jpeg",300,150,true],"proteo-blog-loop-image":["https:\/\/lesfillesdaujourdhui.fr\/wp-content\/uploads\/2024\/03\/4FEEB898-16D5-464A-B17A-57C2F5B444B7-e1709568667460-725x500.jpeg",725,500,true],"proteo-blog-loop-image-wide":["https:\/\/lesfillesdaujourdhui.fr\/wp-content\/uploads\/2024\/03\/4FEEB898-16D5-464A-B17A-57C2F5B444B7-e1709568667460-900x745.jpeg",900,745,true],"proteo_full_width_image":["https:\/\/lesfillesdaujourdhui.fr\/wp-content\/uploads\/2024\/03\/4FEEB898-16D5-464A-B17A-57C2F5B444B7-e1709568667460.jpeg",900,1146,false],"proteo_blog_cropped_cover_image_400":["https:\/\/lesfillesdaujourdhui.fr\/wp-content\/uploads\/2024\/03\/4FEEB898-16D5-464A-B17A-57C2F5B444B7-e1709568667460-900x400.jpeg",900,400,true],"menu-24x24":["https:\/\/lesfillesdaujourdhui.fr\/wp-content\/uploads\/2024\/03\/4FEEB898-16D5-464A-B17A-57C2F5B444B7-e1709568667460-19x24.jpeg",19,24,true],"menu-36x36":["https:\/\/lesfillesdaujourdhui.fr\/wp-content\/uploads\/2024\/03\/4FEEB898-16D5-464A-B17A-57C2F5B444B7-e1709568667460-28x36.jpeg",28,36,true],"menu-48x48":["https:\/\/lesfillesdaujourdhui.fr\/wp-content\/uploads\/2024\/03\/4FEEB898-16D5-464A-B17A-57C2F5B444B7-e1709568667460-38x48.jpeg",38,48,true],"woocommerce_thumbnail":["https:\/\/lesfillesdaujourdhui.fr\/wp-content\/uploads\/2024\/03\/4FEEB898-16D5-464A-B17A-57C2F5B444B7-e1709568667460-362x503.jpeg",362,503,true],"woocommerce_single":["https:\/\/lesfillesdaujourdhui.fr\/wp-content\/uploads\/2024\/03\/4FEEB898-16D5-464A-B17A-57C2F5B444B7-e1709568667460-812x1034.jpeg",812,1034,true],"woocommerce_gallery_thumbnail":["https:\/\/lesfillesdaujourdhui.fr\/wp-content\/uploads\/2024\/03\/4FEEB898-16D5-464A-B17A-57C2F5B444B7-e1709568667460-150x150.jpeg",150,150,true]},"uagb_author_info":{"display_name":"doriane","author_link":"https:\/\/lesfillesdaujourdhui.fr\/?author=0"},"uagb_comment_info":0,"uagb_excerpt":"Bague p\u00e2te polym\u00e8re et r\u00e9sine acier inoxydable r\u00e9glable ( d\u00e9conseill\u00e9 aux doigts fins )","_links":{"self":[{"href":"https:\/\/lesfillesdaujourdhui.fr\/index.php?rest_route=\/wp\/v2\/product\/7863","targetHints":{"allow":["GET"]}}],"collection":[{"href":"https:\/\/lesfillesdaujourdhui.fr\/index.php?rest_route=\/wp\/v2\/product"}],"about":[{"href":"https:\/\/lesfillesdaujourdhui.fr\/index.php?rest_route=\/wp\/v2\/types\/product"}],"replies":[{"embeddable":true,"href":"https:\/\/lesfillesdaujourdhui.fr\/index.php?rest_route=%2Fwp%2Fv2%2Fcomments&post=7863"}],"wp:featuredmedia":[{"embeddable":true,"href":"https:\/\/lesfillesdaujourdhui.fr\/index.php?rest_route=\/wp\/v2\/media\/7858"}],"wp:attachment":[{"href":"https:\/\/lesfillesdaujourdhui.fr\/index.php?rest_route=%2Fwp%2Fv2%2Fmedia&parent=7863"}],"wp:term":[{"taxonomy":"product_cat","embeddable":true,"href":"https:\/\/lesfillesdaujourdhui.fr\/index.php?rest_route=%2Fwp%2Fv2%2Fproduct_cat&post=7863"},{"taxonomy":"product_tag","embeddable":true,"href":"https:\/\/lesfillesdaujourdhui.fr\/index.php?rest_route=%2Fwp%2Fv2%2Fproduct_tag&post=7863"}],"curies":[{"name":"wp","href":"https:\/\/api.w.org\/{rel}","templated":true}]}}