{"id":7832,"date":"2024-03-02T14:10:13","date_gmt":"2024-03-02T13:10:13","guid":{"rendered":"https:\/\/lesfillesdaujourdhui.fr\/?post_type=product&#038;p=7832"},"modified":"2024-03-02T14:10:13","modified_gmt":"2024-03-02T13:10:13","slug":"bague-fleurie-3","status":"publish","type":"product","link":"https:\/\/lesfillesdaujourdhui.fr\/?product=bague-fleurie-3","title":{"rendered":"Bague fleurie"},"content":{"rendered":"<p>Bague p\u00e2te polym\u00e8re et r\u00e9sine<\/p>\n<p>acier inoxydable<\/p>\n<p>r\u00e9glable<\/p>\n<p>d\u00e9conseill\u00e9 aux doigts tr\u00e8s fins<\/p>\n","protected":false},"excerpt":{"rendered":"<p>Bague p\u00e2te polym\u00e8re et r\u00e9sine acier inoxydable r\u00e9glable d\u00e9conseill\u00e9 aux doigts tr\u00e8s fins<\/p>\n","protected":false},"featured_media":7836,"comment_status":"open","ping_status":"closed","template":"","meta":{"_uag_custom_page_level_css":""},"product_cat":[179],"product_tag":[],"class_list":{"0":"post-7832","1":"product","2":"type-product","3":"status-publish","4":"has-post-thumbnail","6":"product_cat-bagues","8":"first","9":"instock","10":"shipping-taxable","11":"purchasable","12":"product-type-simple"},"uagb_featured_image_src":{"full":["https:\/\/lesfillesdaujourdhui.fr\/wp-content\/uploads\/2024\/03\/F4011F65-B7BD-4D1D-A58B-DA80541FCD3F-e1709384923950.jpeg",900,1192,false],"thumbnail":["https:\/\/lesfillesdaujourdhui.fr\/wp-content\/uploads\/2024\/03\/F4011F65-B7BD-4D1D-A58B-DA80541FCD3F-e1709384923950-150x150.jpeg",150,150,true],"medium":["https:\/\/lesfillesdaujourdhui.fr\/wp-content\/uploads\/2024\/03\/F4011F65-B7BD-4D1D-A58B-DA80541FCD3F-e1709384923950-227x300.jpeg",227,300,true],"medium_large":["https:\/\/lesfillesdaujourdhui.fr\/wp-content\/uploads\/2024\/03\/F4011F65-B7BD-4D1D-A58B-DA80541FCD3F-e1709384923950-768x1017.jpeg",768,1017,true],"large":["https:\/\/lesfillesdaujourdhui.fr\/wp-content\/uploads\/2024\/03\/F4011F65-B7BD-4D1D-A58B-DA80541FCD3F-e1709384923950-773x1024.jpeg",773,1024,true],"1536x1536":["https:\/\/lesfillesdaujourdhui.fr\/wp-content\/uploads\/2024\/03\/F4011F65-B7BD-4D1D-A58B-DA80541FCD3F-864x1536.jpeg",864,1536,true],"2048x2048":["https:\/\/lesfillesdaujourdhui.fr\/wp-content\/uploads\/2024\/03\/F4011F65-B7BD-4D1D-A58B-DA80541FCD3F-e1709384923950.jpeg",900,1192,false],"depicter-thumbnail":["https:\/\/lesfillesdaujourdhui.fr\/wp-content\/uploads\/2024\/03\/F4011F65-B7BD-4D1D-A58B-DA80541FCD3F-e1709384923950-200x265.jpeg",200,265,true],"yith_slider_thumb":["https:\/\/lesfillesdaujourdhui.fr\/wp-content\/uploads\/2024\/03\/F4011F65-B7BD-4D1D-A58B-DA80541FCD3F-e1709384923950-300x150.jpeg",300,150,true],"proteo-blog-loop-image":["https:\/\/lesfillesdaujourdhui.fr\/wp-content\/uploads\/2024\/03\/F4011F65-B7BD-4D1D-A58B-DA80541FCD3F-e1709384923950-725x500.jpeg",725,500,true],"proteo-blog-loop-image-wide":["https:\/\/lesfillesdaujourdhui.fr\/wp-content\/uploads\/2024\/03\/F4011F65-B7BD-4D1D-A58B-DA80541FCD3F-e1709384923950-900x745.jpeg",900,745,true],"proteo_full_width_image":["https:\/\/lesfillesdaujourdhui.fr\/wp-content\/uploads\/2024\/03\/F4011F65-B7BD-4D1D-A58B-DA80541FCD3F-e1709384923950.jpeg",900,1192,false],"proteo_blog_cropped_cover_image_400":["https:\/\/lesfillesdaujourdhui.fr\/wp-content\/uploads\/2024\/03\/F4011F65-B7BD-4D1D-A58B-DA80541FCD3F-e1709384923950-900x400.jpeg",900,400,true],"menu-24x24":["https:\/\/lesfillesdaujourdhui.fr\/wp-content\/uploads\/2024\/03\/F4011F65-B7BD-4D1D-A58B-DA80541FCD3F-e1709384923950-18x24.jpeg",18,24,true],"menu-36x36":["https:\/\/lesfillesdaujourdhui.fr\/wp-content\/uploads\/2024\/03\/F4011F65-B7BD-4D1D-A58B-DA80541FCD3F-e1709384923950-27x36.jpeg",27,36,true],"menu-48x48":["https:\/\/lesfillesdaujourdhui.fr\/wp-content\/uploads\/2024\/03\/F4011F65-B7BD-4D1D-A58B-DA80541FCD3F-e1709384923950-36x48.jpeg",36,48,true],"woocommerce_thumbnail":["https:\/\/lesfillesdaujourdhui.fr\/wp-content\/uploads\/2024\/03\/F4011F65-B7BD-4D1D-A58B-DA80541FCD3F-e1709384923950-362x503.jpeg",362,503,true],"woocommerce_single":["https:\/\/lesfillesdaujourdhui.fr\/wp-content\/uploads\/2024\/03\/F4011F65-B7BD-4D1D-A58B-DA80541FCD3F-e1709384923950-812x1075.jpeg",812,1075,true],"woocommerce_gallery_thumbnail":["https:\/\/lesfillesdaujourdhui.fr\/wp-content\/uploads\/2024\/03\/F4011F65-B7BD-4D1D-A58B-DA80541FCD3F-e1709384923950-150x150.jpeg",150,150,true]},"uagb_author_info":{"display_name":"doriane","author_link":"https:\/\/lesfillesdaujourdhui.fr\/?author=0"},"uagb_comment_info":0,"uagb_excerpt":"Bague p\u00e2te polym\u00e8re et r\u00e9sine acier inoxydable r\u00e9glable d\u00e9conseill\u00e9 aux doigts tr\u00e8s fins","_links":{"self":[{"href":"https:\/\/lesfillesdaujourdhui.fr\/index.php?rest_route=\/wp\/v2\/product\/7832","targetHints":{"allow":["GET"]}}],"collection":[{"href":"https:\/\/lesfillesdaujourdhui.fr\/index.php?rest_route=\/wp\/v2\/product"}],"about":[{"href":"https:\/\/lesfillesdaujourdhui.fr\/index.php?rest_route=\/wp\/v2\/types\/product"}],"replies":[{"embeddable":true,"href":"https:\/\/lesfillesdaujourdhui.fr\/index.php?rest_route=%2Fwp%2Fv2%2Fcomments&post=7832"}],"wp:featuredmedia":[{"embeddable":true,"href":"https:\/\/lesfillesdaujourdhui.fr\/index.php?rest_route=\/wp\/v2\/media\/7836"}],"wp:attachment":[{"href":"https:\/\/lesfillesdaujourdhui.fr\/index.php?rest_route=%2Fwp%2Fv2%2Fmedia&parent=7832"}],"wp:term":[{"taxonomy":"product_cat","embeddable":true,"href":"https:\/\/lesfillesdaujourdhui.fr\/index.php?rest_route=%2Fwp%2Fv2%2Fproduct_cat&post=7832"},{"taxonomy":"product_tag","embeddable":true,"href":"https:\/\/lesfillesdaujourdhui.fr\/index.php?rest_route=%2Fwp%2Fv2%2Fproduct_tag&post=7832"}],"curies":[{"name":"wp","href":"https:\/\/api.w.org\/{rel}","templated":true}]}}