{"id":7812,"date":"2024-02-27T13:44:37","date_gmt":"2024-02-27T12:44:37","guid":{"rendered":"https:\/\/lesfillesdaujourdhui.fr\/?post_type=product&#038;p=7812"},"modified":"2024-02-27T13:45:07","modified_gmt":"2024-02-27T12:45:07","slug":"bague-bi-colore","status":"publish","type":"product","link":"https:\/\/lesfillesdaujourdhui.fr\/?product=bague-bi-colore","title":{"rendered":"Bague bi colore"},"content":{"rendered":"<p>Bague en acier inoxydable<\/p>\n<p>p\u00e2te polym\u00e8re et r\u00e9sine<\/p>\n<p>&nbsp;<\/p>\n<p>r\u00e9glable<\/p>\n<p>deconseill\u00e9 aux doigts fins<\/p>\n","protected":false},"excerpt":{"rendered":"<p>Bague en acier inoxydable p\u00e2te polym\u00e8re et r\u00e9sine &nbsp; r\u00e9glable deconseill\u00e9 aux doigts fins<\/p>\n","protected":false},"featured_media":7818,"comment_status":"open","ping_status":"closed","template":"","meta":{"_uag_custom_page_level_css":""},"product_cat":[179],"product_tag":[],"class_list":{"0":"post-7812","1":"product","2":"type-product","3":"status-publish","4":"has-post-thumbnail","6":"product_cat-bagues","8":"first","9":"instock","10":"shipping-taxable","11":"purchasable","12":"product-type-simple"},"uagb_featured_image_src":{"full":["https:\/\/lesfillesdaujourdhui.fr\/wp-content\/uploads\/2024\/02\/B3590E65-0318-4336-816F-B5E28FB7BEB7-e1709037781477.jpeg",1126,1264,false],"thumbnail":["https:\/\/lesfillesdaujourdhui.fr\/wp-content\/uploads\/2024\/02\/B3590E65-0318-4336-816F-B5E28FB7BEB7-e1709037781477-150x150.jpeg",150,150,true],"medium":["https:\/\/lesfillesdaujourdhui.fr\/wp-content\/uploads\/2024\/02\/B3590E65-0318-4336-816F-B5E28FB7BEB7-e1709037781477-267x300.jpeg",267,300,true],"medium_large":["https:\/\/lesfillesdaujourdhui.fr\/wp-content\/uploads\/2024\/02\/B3590E65-0318-4336-816F-B5E28FB7BEB7-e1709037781477-768x862.jpeg",768,862,true],"large":["https:\/\/lesfillesdaujourdhui.fr\/wp-content\/uploads\/2024\/02\/B3590E65-0318-4336-816F-B5E28FB7BEB7-e1709037781477-912x1024.jpeg",912,1024,true],"1536x1536":["https:\/\/lesfillesdaujourdhui.fr\/wp-content\/uploads\/2024\/02\/B3590E65-0318-4336-816F-B5E28FB7BEB7-865x1536.jpeg",865,1536,true],"2048x2048":["https:\/\/lesfillesdaujourdhui.fr\/wp-content\/uploads\/2024\/02\/B3590E65-0318-4336-816F-B5E28FB7BEB7-e1709037781477.jpeg",1126,1264,false],"depicter-thumbnail":["https:\/\/lesfillesdaujourdhui.fr\/wp-content\/uploads\/2024\/02\/B3590E65-0318-4336-816F-B5E28FB7BEB7-e1709037781477-200x225.jpeg",200,225,true],"yith_slider_thumb":["https:\/\/lesfillesdaujourdhui.fr\/wp-content\/uploads\/2024\/02\/B3590E65-0318-4336-816F-B5E28FB7BEB7-e1709037781477-300x150.jpeg",300,150,true],"proteo-blog-loop-image":["https:\/\/lesfillesdaujourdhui.fr\/wp-content\/uploads\/2024\/02\/B3590E65-0318-4336-816F-B5E28FB7BEB7-e1709037781477-725x500.jpeg",725,500,true],"proteo-blog-loop-image-wide":["https:\/\/lesfillesdaujourdhui.fr\/wp-content\/uploads\/2024\/02\/B3590E65-0318-4336-816F-B5E28FB7BEB7-e1709037781477-1126x745.jpeg",1126,745,true],"proteo_full_width_image":["https:\/\/lesfillesdaujourdhui.fr\/wp-content\/uploads\/2024\/02\/B3590E65-0318-4336-816F-B5E28FB7BEB7-e1709037781477.jpeg",1126,1264,false],"proteo_blog_cropped_cover_image_400":["https:\/\/lesfillesdaujourdhui.fr\/wp-content\/uploads\/2024\/02\/B3590E65-0318-4336-816F-B5E28FB7BEB7-e1709037781477-1126x400.jpeg",1126,400,true],"menu-24x24":["https:\/\/lesfillesdaujourdhui.fr\/wp-content\/uploads\/2024\/02\/B3590E65-0318-4336-816F-B5E28FB7BEB7-e1709037781477-21x24.jpeg",21,24,true],"menu-36x36":["https:\/\/lesfillesdaujourdhui.fr\/wp-content\/uploads\/2024\/02\/B3590E65-0318-4336-816F-B5E28FB7BEB7-e1709037781477-32x36.jpeg",32,36,true],"menu-48x48":["https:\/\/lesfillesdaujourdhui.fr\/wp-content\/uploads\/2024\/02\/B3590E65-0318-4336-816F-B5E28FB7BEB7-e1709037781477-43x48.jpeg",43,48,true],"woocommerce_thumbnail":["https:\/\/lesfillesdaujourdhui.fr\/wp-content\/uploads\/2024\/02\/B3590E65-0318-4336-816F-B5E28FB7BEB7-e1709037781477-362x503.jpeg",362,503,true],"woocommerce_single":["https:\/\/lesfillesdaujourdhui.fr\/wp-content\/uploads\/2024\/02\/B3590E65-0318-4336-816F-B5E28FB7BEB7-e1709037781477-812x912.jpeg",812,912,true],"woocommerce_gallery_thumbnail":["https:\/\/lesfillesdaujourdhui.fr\/wp-content\/uploads\/2024\/02\/B3590E65-0318-4336-816F-B5E28FB7BEB7-e1709037781477-150x150.jpeg",150,150,true]},"uagb_author_info":{"display_name":"doriane","author_link":"https:\/\/lesfillesdaujourdhui.fr\/?author=0"},"uagb_comment_info":0,"uagb_excerpt":"Bague en acier inoxydable p\u00e2te polym\u00e8re et r\u00e9sine &nbsp; r\u00e9glable deconseill\u00e9 aux doigts fins","_links":{"self":[{"href":"https:\/\/lesfillesdaujourdhui.fr\/index.php?rest_route=\/wp\/v2\/product\/7812","targetHints":{"allow":["GET"]}}],"collection":[{"href":"https:\/\/lesfillesdaujourdhui.fr\/index.php?rest_route=\/wp\/v2\/product"}],"about":[{"href":"https:\/\/lesfillesdaujourdhui.fr\/index.php?rest_route=\/wp\/v2\/types\/product"}],"replies":[{"embeddable":true,"href":"https:\/\/lesfillesdaujourdhui.fr\/index.php?rest_route=%2Fwp%2Fv2%2Fcomments&post=7812"}],"wp:featuredmedia":[{"embeddable":true,"href":"https:\/\/lesfillesdaujourdhui.fr\/index.php?rest_route=\/wp\/v2\/media\/7818"}],"wp:attachment":[{"href":"https:\/\/lesfillesdaujourdhui.fr\/index.php?rest_route=%2Fwp%2Fv2%2Fmedia&parent=7812"}],"wp:term":[{"taxonomy":"product_cat","embeddable":true,"href":"https:\/\/lesfillesdaujourdhui.fr\/index.php?rest_route=%2Fwp%2Fv2%2Fproduct_cat&post=7812"},{"taxonomy":"product_tag","embeddable":true,"href":"https:\/\/lesfillesdaujourdhui.fr\/index.php?rest_route=%2Fwp%2Fv2%2Fproduct_tag&post=7812"}],"curies":[{"name":"wp","href":"https:\/\/api.w.org\/{rel}","templated":true}]}}