{"id":7807,"date":"2024-02-27T12:11:42","date_gmt":"2024-02-27T11:11:42","guid":{"rendered":"https:\/\/lesfillesdaujourdhui.fr\/?post_type=product&#038;p=7807"},"modified":"2024-02-27T12:11:43","modified_gmt":"2024-02-27T11:11:43","slug":"bague-fleurie","status":"publish","type":"product","link":"https:\/\/lesfillesdaujourdhui.fr\/?product=bague-fleurie","title":{"rendered":"Bague fleurie"},"content":{"rendered":"<p>Bague en acier inoxydable<\/p>\n<p>p\u00e2te polym\u00e8re et r\u00e9sine<\/p>\n<p>r\u00e9glable<\/p>\n<p>( d\u00e9conseill\u00e9 aux doigts tr\u00e8s fins )<\/p>\n","protected":false},"excerpt":{"rendered":"<p>Bague en acier inoxydable p\u00e2te polym\u00e8re et r\u00e9sine r\u00e9glable ( d\u00e9conseill\u00e9 aux doigts tr\u00e8s fins )<\/p>\n","protected":false},"featured_media":7806,"comment_status":"open","ping_status":"closed","template":"","meta":{"_uag_custom_page_level_css":""},"product_cat":[179],"product_tag":[],"class_list":{"0":"post-7807","1":"product","2":"type-product","3":"status-publish","4":"has-post-thumbnail","6":"product_cat-bagues","8":"first","9":"instock","10":"shipping-taxable","11":"purchasable","12":"product-type-simple"},"uagb_featured_image_src":{"full":["https:\/\/lesfillesdaujourdhui.fr\/wp-content\/uploads\/2024\/02\/EFFDDE4A-EE78-4565-93DD-50F0CB62C4B2-e1709032213946.jpeg",1126,1660,false],"thumbnail":["https:\/\/lesfillesdaujourdhui.fr\/wp-content\/uploads\/2024\/02\/EFFDDE4A-EE78-4565-93DD-50F0CB62C4B2-e1709032213946-150x150.jpeg",150,150,true],"medium":["https:\/\/lesfillesdaujourdhui.fr\/wp-content\/uploads\/2024\/02\/EFFDDE4A-EE78-4565-93DD-50F0CB62C4B2-e1709032213946-203x300.jpeg",203,300,true],"medium_large":["https:\/\/lesfillesdaujourdhui.fr\/wp-content\/uploads\/2024\/02\/EFFDDE4A-EE78-4565-93DD-50F0CB62C4B2-e1709032213946-768x1132.jpeg",768,1132,true],"large":["https:\/\/lesfillesdaujourdhui.fr\/wp-content\/uploads\/2024\/02\/EFFDDE4A-EE78-4565-93DD-50F0CB62C4B2-e1709032213946-695x1024.jpeg",695,1024,true],"1536x1536":["https:\/\/lesfillesdaujourdhui.fr\/wp-content\/uploads\/2024\/02\/EFFDDE4A-EE78-4565-93DD-50F0CB62C4B2-e1709032213946-1042x1536.jpeg",1042,1536,true],"2048x2048":["https:\/\/lesfillesdaujourdhui.fr\/wp-content\/uploads\/2024\/02\/EFFDDE4A-EE78-4565-93DD-50F0CB62C4B2-e1709032213946.jpeg",1126,1660,false],"depicter-thumbnail":["https:\/\/lesfillesdaujourdhui.fr\/wp-content\/uploads\/2024\/02\/EFFDDE4A-EE78-4565-93DD-50F0CB62C4B2-e1709032213946-200x295.jpeg",200,295,true],"yith_slider_thumb":["https:\/\/lesfillesdaujourdhui.fr\/wp-content\/uploads\/2024\/02\/EFFDDE4A-EE78-4565-93DD-50F0CB62C4B2-e1709032213946-300x150.jpeg",300,150,true],"proteo-blog-loop-image":["https:\/\/lesfillesdaujourdhui.fr\/wp-content\/uploads\/2024\/02\/EFFDDE4A-EE78-4565-93DD-50F0CB62C4B2-e1709032213946-725x500.jpeg",725,500,true],"proteo-blog-loop-image-wide":["https:\/\/lesfillesdaujourdhui.fr\/wp-content\/uploads\/2024\/02\/EFFDDE4A-EE78-4565-93DD-50F0CB62C4B2-e1709032213946-1126x745.jpeg",1126,745,true],"proteo_full_width_image":["https:\/\/lesfillesdaujourdhui.fr\/wp-content\/uploads\/2024\/02\/EFFDDE4A-EE78-4565-93DD-50F0CB62C4B2-e1709032213946.jpeg",1126,1660,false],"proteo_blog_cropped_cover_image_400":["https:\/\/lesfillesdaujourdhui.fr\/wp-content\/uploads\/2024\/02\/EFFDDE4A-EE78-4565-93DD-50F0CB62C4B2-e1709032213946-1126x400.jpeg",1126,400,true],"menu-24x24":["https:\/\/lesfillesdaujourdhui.fr\/wp-content\/uploads\/2024\/02\/EFFDDE4A-EE78-4565-93DD-50F0CB62C4B2-e1709032213946-16x24.jpeg",16,24,true],"menu-36x36":["https:\/\/lesfillesdaujourdhui.fr\/wp-content\/uploads\/2024\/02\/EFFDDE4A-EE78-4565-93DD-50F0CB62C4B2-e1709032213946-24x36.jpeg",24,36,true],"menu-48x48":["https:\/\/lesfillesdaujourdhui.fr\/wp-content\/uploads\/2024\/02\/EFFDDE4A-EE78-4565-93DD-50F0CB62C4B2-e1709032213946-33x48.jpeg",33,48,true],"woocommerce_thumbnail":["https:\/\/lesfillesdaujourdhui.fr\/wp-content\/uploads\/2024\/02\/EFFDDE4A-EE78-4565-93DD-50F0CB62C4B2-e1709032213946-362x503.jpeg",362,503,true],"woocommerce_single":["https:\/\/lesfillesdaujourdhui.fr\/wp-content\/uploads\/2024\/02\/EFFDDE4A-EE78-4565-93DD-50F0CB62C4B2-e1709032213946-812x1197.jpeg",812,1197,true],"woocommerce_gallery_thumbnail":["https:\/\/lesfillesdaujourdhui.fr\/wp-content\/uploads\/2024\/02\/EFFDDE4A-EE78-4565-93DD-50F0CB62C4B2-e1709032213946-150x150.jpeg",150,150,true]},"uagb_author_info":{"display_name":"doriane","author_link":"https:\/\/lesfillesdaujourdhui.fr\/?author=0"},"uagb_comment_info":0,"uagb_excerpt":"Bague en acier inoxydable p\u00e2te polym\u00e8re et r\u00e9sine r\u00e9glable ( d\u00e9conseill\u00e9 aux doigts tr\u00e8s fins )","_links":{"self":[{"href":"https:\/\/lesfillesdaujourdhui.fr\/index.php?rest_route=\/wp\/v2\/product\/7807","targetHints":{"allow":["GET"]}}],"collection":[{"href":"https:\/\/lesfillesdaujourdhui.fr\/index.php?rest_route=\/wp\/v2\/product"}],"about":[{"href":"https:\/\/lesfillesdaujourdhui.fr\/index.php?rest_route=\/wp\/v2\/types\/product"}],"replies":[{"embeddable":true,"href":"https:\/\/lesfillesdaujourdhui.fr\/index.php?rest_route=%2Fwp%2Fv2%2Fcomments&post=7807"}],"wp:featuredmedia":[{"embeddable":true,"href":"https:\/\/lesfillesdaujourdhui.fr\/index.php?rest_route=\/wp\/v2\/media\/7806"}],"wp:attachment":[{"href":"https:\/\/lesfillesdaujourdhui.fr\/index.php?rest_route=%2Fwp%2Fv2%2Fmedia&parent=7807"}],"wp:term":[{"taxonomy":"product_cat","embeddable":true,"href":"https:\/\/lesfillesdaujourdhui.fr\/index.php?rest_route=%2Fwp%2Fv2%2Fproduct_cat&post=7807"},{"taxonomy":"product_tag","embeddable":true,"href":"https:\/\/lesfillesdaujourdhui.fr\/index.php?rest_route=%2Fwp%2Fv2%2Fproduct_tag&post=7807"}],"curies":[{"name":"wp","href":"https:\/\/api.w.org\/{rel}","templated":true}]}}