{"id":7773,"date":"2024-02-16T13:04:17","date_gmt":"2024-02-16T12:04:17","guid":{"rendered":"https:\/\/lesfillesdaujourdhui.fr\/?post_type=product&#038;p=7773"},"modified":"2024-02-17T08:47:22","modified_gmt":"2024-02-17T07:47:22","slug":"boucles-rectangle-3","status":"publish","type":"product","link":"https:\/\/lesfillesdaujourdhui.fr\/?product=boucles-rectangle-3","title":{"rendered":"Boucles trap\u00e8ze"},"content":{"rendered":"<p>Boucles p\u00e2te polym\u00e8re<\/p>\n<p>Clous en acier inoxydable<\/p>\n","protected":false},"excerpt":{"rendered":"<p>Boucles p\u00e2te polym\u00e8re Clous en acier inoxydable<\/p>\n","protected":false},"featured_media":7772,"comment_status":"open","ping_status":"closed","template":"","meta":{"_uag_custom_page_level_css":""},"product_cat":[178],"product_tag":[],"class_list":{"0":"post-7773","1":"product","2":"type-product","3":"status-publish","4":"has-post-thumbnail","6":"product_cat-collection-printemps-2024","8":"first","9":"instock","10":"sold-individually","11":"shipping-taxable","12":"purchasable","13":"product-type-simple"},"uagb_featured_image_src":{"full":["https:\/\/lesfillesdaujourdhui.fr\/wp-content\/uploads\/2024\/02\/17875B2E-45E4-4248-B44D-9639F02772AC-e1708085208479.jpeg",1126,1443,false],"thumbnail":["https:\/\/lesfillesdaujourdhui.fr\/wp-content\/uploads\/2024\/02\/17875B2E-45E4-4248-B44D-9639F02772AC-e1708085208479-150x150.jpeg",150,150,true],"medium":["https:\/\/lesfillesdaujourdhui.fr\/wp-content\/uploads\/2024\/02\/17875B2E-45E4-4248-B44D-9639F02772AC-e1708085208479-234x300.jpeg",234,300,true],"medium_large":["https:\/\/lesfillesdaujourdhui.fr\/wp-content\/uploads\/2024\/02\/17875B2E-45E4-4248-B44D-9639F02772AC-e1708085208479-768x984.jpeg",768,984,true],"large":["https:\/\/lesfillesdaujourdhui.fr\/wp-content\/uploads\/2024\/02\/17875B2E-45E4-4248-B44D-9639F02772AC-e1708085208479-799x1024.jpeg",799,1024,true],"1536x1536":["https:\/\/lesfillesdaujourdhui.fr\/wp-content\/uploads\/2024\/02\/17875B2E-45E4-4248-B44D-9639F02772AC-865x1536.jpeg",865,1536,true],"2048x2048":["https:\/\/lesfillesdaujourdhui.fr\/wp-content\/uploads\/2024\/02\/17875B2E-45E4-4248-B44D-9639F02772AC-e1708085208479.jpeg",1126,1443,false],"depicter-thumbnail":["https:\/\/lesfillesdaujourdhui.fr\/wp-content\/uploads\/2024\/02\/17875B2E-45E4-4248-B44D-9639F02772AC-e1708085208479-200x256.jpeg",200,256,true],"yith_slider_thumb":["https:\/\/lesfillesdaujourdhui.fr\/wp-content\/uploads\/2024\/02\/17875B2E-45E4-4248-B44D-9639F02772AC-e1708085208479-300x150.jpeg",300,150,true],"proteo-blog-loop-image":["https:\/\/lesfillesdaujourdhui.fr\/wp-content\/uploads\/2024\/02\/17875B2E-45E4-4248-B44D-9639F02772AC-e1708085208479-725x500.jpeg",725,500,true],"proteo-blog-loop-image-wide":["https:\/\/lesfillesdaujourdhui.fr\/wp-content\/uploads\/2024\/02\/17875B2E-45E4-4248-B44D-9639F02772AC-e1708085208479-1126x745.jpeg",1126,745,true],"proteo_full_width_image":["https:\/\/lesfillesdaujourdhui.fr\/wp-content\/uploads\/2024\/02\/17875B2E-45E4-4248-B44D-9639F02772AC-e1708085208479.jpeg",1126,1443,false],"proteo_blog_cropped_cover_image_400":["https:\/\/lesfillesdaujourdhui.fr\/wp-content\/uploads\/2024\/02\/17875B2E-45E4-4248-B44D-9639F02772AC-e1708085208479-1126x400.jpeg",1126,400,true],"menu-24x24":["https:\/\/lesfillesdaujourdhui.fr\/wp-content\/uploads\/2024\/02\/17875B2E-45E4-4248-B44D-9639F02772AC-e1708085208479-19x24.jpeg",19,24,true],"menu-36x36":["https:\/\/lesfillesdaujourdhui.fr\/wp-content\/uploads\/2024\/02\/17875B2E-45E4-4248-B44D-9639F02772AC-e1708085208479-28x36.jpeg",28,36,true],"menu-48x48":["https:\/\/lesfillesdaujourdhui.fr\/wp-content\/uploads\/2024\/02\/17875B2E-45E4-4248-B44D-9639F02772AC-e1708085208479-37x48.jpeg",37,48,true],"woocommerce_thumbnail":["https:\/\/lesfillesdaujourdhui.fr\/wp-content\/uploads\/2024\/02\/17875B2E-45E4-4248-B44D-9639F02772AC-e1708085208479-362x503.jpeg",362,503,true],"woocommerce_single":["https:\/\/lesfillesdaujourdhui.fr\/wp-content\/uploads\/2024\/02\/17875B2E-45E4-4248-B44D-9639F02772AC-e1708085208479-812x1041.jpeg",812,1041,true],"woocommerce_gallery_thumbnail":["https:\/\/lesfillesdaujourdhui.fr\/wp-content\/uploads\/2024\/02\/17875B2E-45E4-4248-B44D-9639F02772AC-e1708085208479-150x150.jpeg",150,150,true]},"uagb_author_info":{"display_name":"doriane","author_link":"https:\/\/lesfillesdaujourdhui.fr\/?author=0"},"uagb_comment_info":0,"uagb_excerpt":"Boucles p\u00e2te polym\u00e8re Clous en acier inoxydable","_links":{"self":[{"href":"https:\/\/lesfillesdaujourdhui.fr\/index.php?rest_route=\/wp\/v2\/product\/7773","targetHints":{"allow":["GET"]}}],"collection":[{"href":"https:\/\/lesfillesdaujourdhui.fr\/index.php?rest_route=\/wp\/v2\/product"}],"about":[{"href":"https:\/\/lesfillesdaujourdhui.fr\/index.php?rest_route=\/wp\/v2\/types\/product"}],"replies":[{"embeddable":true,"href":"https:\/\/lesfillesdaujourdhui.fr\/index.php?rest_route=%2Fwp%2Fv2%2Fcomments&post=7773"}],"wp:featuredmedia":[{"embeddable":true,"href":"https:\/\/lesfillesdaujourdhui.fr\/index.php?rest_route=\/wp\/v2\/media\/7772"}],"wp:attachment":[{"href":"https:\/\/lesfillesdaujourdhui.fr\/index.php?rest_route=%2Fwp%2Fv2%2Fmedia&parent=7773"}],"wp:term":[{"taxonomy":"product_cat","embeddable":true,"href":"https:\/\/lesfillesdaujourdhui.fr\/index.php?rest_route=%2Fwp%2Fv2%2Fproduct_cat&post=7773"},{"taxonomy":"product_tag","embeddable":true,"href":"https:\/\/lesfillesdaujourdhui.fr\/index.php?rest_route=%2Fwp%2Fv2%2Fproduct_tag&post=7773"}],"curies":[{"name":"wp","href":"https:\/\/api.w.org\/{rel}","templated":true}]}}