{"id":7750,"date":"2024-02-16T10:26:24","date_gmt":"2024-02-16T09:26:24","guid":{"rendered":"https:\/\/lesfillesdaujourdhui.fr\/?post_type=product&#038;p=7750"},"modified":"2024-02-16T10:26:39","modified_gmt":"2024-02-16T09:26:39","slug":"boucles-fleurs-2","status":"publish","type":"product","link":"https:\/\/lesfillesdaujourdhui.fr\/?product=boucles-fleurs-2","title":{"rendered":"Boucles Fleurs"},"content":{"rendered":"<p>Boucles Fleurs en p\u00e2te polym\u00e8re r\u00e9sin\u00e9e<\/p>\n<p>Clous en acier inoxydable<\/p>\n","protected":false},"excerpt":{"rendered":"<p>Boucles Fleurs en p\u00e2te polym\u00e8re r\u00e9sin\u00e9e Clous en acier inoxydable<\/p>\n","protected":false},"featured_media":7746,"comment_status":"open","ping_status":"closed","template":"","meta":{"_uag_custom_page_level_css":""},"product_cat":[178],"product_tag":[],"class_list":{"0":"post-7750","1":"product","2":"type-product","3":"status-publish","4":"has-post-thumbnail","6":"product_cat-collection-printemps-2024","8":"first","9":"instock","10":"sold-individually","11":"shipping-taxable","12":"purchasable","13":"product-type-simple"},"uagb_featured_image_src":{"full":["https:\/\/lesfillesdaujourdhui.fr\/wp-content\/uploads\/2024\/02\/9A46332C-B425-483D-B933-9B622BCC5984_1_105_c.jpeg",665,1182,false],"thumbnail":["https:\/\/lesfillesdaujourdhui.fr\/wp-content\/uploads\/2024\/02\/9A46332C-B425-483D-B933-9B622BCC5984_1_105_c-150x150.jpeg",150,150,true],"medium":["https:\/\/lesfillesdaujourdhui.fr\/wp-content\/uploads\/2024\/02\/9A46332C-B425-483D-B933-9B622BCC5984_1_105_c-169x300.jpeg",169,300,true],"medium_large":["https:\/\/lesfillesdaujourdhui.fr\/wp-content\/uploads\/2024\/02\/9A46332C-B425-483D-B933-9B622BCC5984_1_105_c.jpeg",665,1182,false],"large":["https:\/\/lesfillesdaujourdhui.fr\/wp-content\/uploads\/2024\/02\/9A46332C-B425-483D-B933-9B622BCC5984_1_105_c-576x1024.jpeg",576,1024,true],"1536x1536":["https:\/\/lesfillesdaujourdhui.fr\/wp-content\/uploads\/2024\/02\/9A46332C-B425-483D-B933-9B622BCC5984_1_105_c.jpeg",665,1182,false],"2048x2048":["https:\/\/lesfillesdaujourdhui.fr\/wp-content\/uploads\/2024\/02\/9A46332C-B425-483D-B933-9B622BCC5984_1_105_c.jpeg",665,1182,false],"depicter-thumbnail":["https:\/\/lesfillesdaujourdhui.fr\/wp-content\/uploads\/2024\/02\/9A46332C-B425-483D-B933-9B622BCC5984_1_105_c-200x355.jpeg",200,355,true],"yith_slider_thumb":["https:\/\/lesfillesdaujourdhui.fr\/wp-content\/uploads\/2024\/02\/9A46332C-B425-483D-B933-9B622BCC5984_1_105_c-300x150.jpeg",300,150,true],"proteo-blog-loop-image":["https:\/\/lesfillesdaujourdhui.fr\/wp-content\/uploads\/2024\/02\/9A46332C-B425-483D-B933-9B622BCC5984_1_105_c-665x500.jpeg",665,500,true],"proteo-blog-loop-image-wide":["https:\/\/lesfillesdaujourdhui.fr\/wp-content\/uploads\/2024\/02\/9A46332C-B425-483D-B933-9B622BCC5984_1_105_c-665x745.jpeg",665,745,true],"proteo_full_width_image":["https:\/\/lesfillesdaujourdhui.fr\/wp-content\/uploads\/2024\/02\/9A46332C-B425-483D-B933-9B622BCC5984_1_105_c.jpeg",665,1182,false],"proteo_blog_cropped_cover_image_400":["https:\/\/lesfillesdaujourdhui.fr\/wp-content\/uploads\/2024\/02\/9A46332C-B425-483D-B933-9B622BCC5984_1_105_c-665x400.jpeg",665,400,true],"menu-24x24":["https:\/\/lesfillesdaujourdhui.fr\/wp-content\/uploads\/2024\/02\/9A46332C-B425-483D-B933-9B622BCC5984_1_105_c-14x24.jpeg",14,24,true],"menu-36x36":["https:\/\/lesfillesdaujourdhui.fr\/wp-content\/uploads\/2024\/02\/9A46332C-B425-483D-B933-9B622BCC5984_1_105_c-20x36.jpeg",20,36,true],"menu-48x48":["https:\/\/lesfillesdaujourdhui.fr\/wp-content\/uploads\/2024\/02\/9A46332C-B425-483D-B933-9B622BCC5984_1_105_c-27x48.jpeg",27,48,true],"woocommerce_thumbnail":["https:\/\/lesfillesdaujourdhui.fr\/wp-content\/uploads\/2024\/02\/9A46332C-B425-483D-B933-9B622BCC5984_1_105_c-362x503.jpeg",362,503,true],"woocommerce_single":["https:\/\/lesfillesdaujourdhui.fr\/wp-content\/uploads\/2024\/02\/9A46332C-B425-483D-B933-9B622BCC5984_1_105_c.jpeg",665,1182,false],"woocommerce_gallery_thumbnail":["https:\/\/lesfillesdaujourdhui.fr\/wp-content\/uploads\/2024\/02\/9A46332C-B425-483D-B933-9B622BCC5984_1_105_c-150x150.jpeg",150,150,true]},"uagb_author_info":{"display_name":"doriane","author_link":"https:\/\/lesfillesdaujourdhui.fr\/?author=0"},"uagb_comment_info":0,"uagb_excerpt":"Boucles Fleurs en p\u00e2te polym\u00e8re r\u00e9sin\u00e9e Clous en acier inoxydable","_links":{"self":[{"href":"https:\/\/lesfillesdaujourdhui.fr\/index.php?rest_route=\/wp\/v2\/product\/7750","targetHints":{"allow":["GET"]}}],"collection":[{"href":"https:\/\/lesfillesdaujourdhui.fr\/index.php?rest_route=\/wp\/v2\/product"}],"about":[{"href":"https:\/\/lesfillesdaujourdhui.fr\/index.php?rest_route=\/wp\/v2\/types\/product"}],"replies":[{"embeddable":true,"href":"https:\/\/lesfillesdaujourdhui.fr\/index.php?rest_route=%2Fwp%2Fv2%2Fcomments&post=7750"}],"wp:featuredmedia":[{"embeddable":true,"href":"https:\/\/lesfillesdaujourdhui.fr\/index.php?rest_route=\/wp\/v2\/media\/7746"}],"wp:attachment":[{"href":"https:\/\/lesfillesdaujourdhui.fr\/index.php?rest_route=%2Fwp%2Fv2%2Fmedia&parent=7750"}],"wp:term":[{"taxonomy":"product_cat","embeddable":true,"href":"https:\/\/lesfillesdaujourdhui.fr\/index.php?rest_route=%2Fwp%2Fv2%2Fproduct_cat&post=7750"},{"taxonomy":"product_tag","embeddable":true,"href":"https:\/\/lesfillesdaujourdhui.fr\/index.php?rest_route=%2Fwp%2Fv2%2Fproduct_tag&post=7750"}],"curies":[{"name":"wp","href":"https:\/\/api.w.org\/{rel}","templated":true}]}}