{"id":7713,"date":"2024-02-13T09:57:32","date_gmt":"2024-02-13T08:57:32","guid":{"rendered":"https:\/\/lesfillesdaujourdhui.fr\/?post_type=product&#038;p=7713"},"modified":"2024-02-13T12:11:48","modified_gmt":"2024-02-13T11:11:48","slug":"boucles-doreilles-rondes-2","status":"publish","type":"product","link":"https:\/\/lesfillesdaujourdhui.fr\/?product=boucles-doreilles-rondes-2","title":{"rendered":"Boucles d&rsquo;oreilles rondes"},"content":{"rendered":"<p>Boucles d&rsquo;oreilles en p\u00e2te polym\u00e8re r\u00e9sin\u00e9e<\/p>\n<p>Petites fleurs des champs de Forcalquier 04<\/p>\n<p>Clous en acier inoxydable<\/p>\n","protected":false},"excerpt":{"rendered":"<p>Mod\u00e8le Unique<\/p>\n","protected":false},"featured_media":7700,"comment_status":"open","ping_status":"closed","template":"","meta":{"_uag_custom_page_level_css":""},"product_cat":[178],"product_tag":[],"class_list":{"0":"post-7713","1":"product","2":"type-product","3":"status-publish","4":"has-post-thumbnail","6":"product_cat-collection-printemps-2024","8":"first","9":"instock","10":"shipping-taxable","11":"purchasable","12":"product-type-simple"},"uagb_featured_image_src":{"full":["https:\/\/lesfillesdaujourdhui.fr\/wp-content\/uploads\/2024\/02\/C9FA8C55-50BC-44E7-8878-245A349BFC33-e1707814748172.jpeg",1126,1333,false],"thumbnail":["https:\/\/lesfillesdaujourdhui.fr\/wp-content\/uploads\/2024\/02\/C9FA8C55-50BC-44E7-8878-245A349BFC33-e1707814748172-150x150.jpeg",150,150,true],"medium":["https:\/\/lesfillesdaujourdhui.fr\/wp-content\/uploads\/2024\/02\/C9FA8C55-50BC-44E7-8878-245A349BFC33-e1707814748172-253x300.jpeg",253,300,true],"medium_large":["https:\/\/lesfillesdaujourdhui.fr\/wp-content\/uploads\/2024\/02\/C9FA8C55-50BC-44E7-8878-245A349BFC33-e1707814748172-768x909.jpeg",768,909,true],"large":["https:\/\/lesfillesdaujourdhui.fr\/wp-content\/uploads\/2024\/02\/C9FA8C55-50BC-44E7-8878-245A349BFC33-e1707814748172-865x1024.jpeg",865,1024,true],"1536x1536":["https:\/\/lesfillesdaujourdhui.fr\/wp-content\/uploads\/2024\/02\/C9FA8C55-50BC-44E7-8878-245A349BFC33-865x1536.jpeg",865,1536,true],"2048x2048":["https:\/\/lesfillesdaujourdhui.fr\/wp-content\/uploads\/2024\/02\/C9FA8C55-50BC-44E7-8878-245A349BFC33-e1707814748172.jpeg",1126,1333,false],"depicter-thumbnail":["https:\/\/lesfillesdaujourdhui.fr\/wp-content\/uploads\/2024\/02\/C9FA8C55-50BC-44E7-8878-245A349BFC33-e1707814748172-200x237.jpeg",200,237,true],"yith_slider_thumb":["https:\/\/lesfillesdaujourdhui.fr\/wp-content\/uploads\/2024\/02\/C9FA8C55-50BC-44E7-8878-245A349BFC33-e1707814748172-300x150.jpeg",300,150,true],"proteo-blog-loop-image":["https:\/\/lesfillesdaujourdhui.fr\/wp-content\/uploads\/2024\/02\/C9FA8C55-50BC-44E7-8878-245A349BFC33-e1707814748172-725x500.jpeg",725,500,true],"proteo-blog-loop-image-wide":["https:\/\/lesfillesdaujourdhui.fr\/wp-content\/uploads\/2024\/02\/C9FA8C55-50BC-44E7-8878-245A349BFC33-e1707814748172-1126x745.jpeg",1126,745,true],"proteo_full_width_image":["https:\/\/lesfillesdaujourdhui.fr\/wp-content\/uploads\/2024\/02\/C9FA8C55-50BC-44E7-8878-245A349BFC33-e1707814748172.jpeg",1126,1333,false],"proteo_blog_cropped_cover_image_400":["https:\/\/lesfillesdaujourdhui.fr\/wp-content\/uploads\/2024\/02\/C9FA8C55-50BC-44E7-8878-245A349BFC33-e1707814748172-1126x400.jpeg",1126,400,true],"menu-24x24":["https:\/\/lesfillesdaujourdhui.fr\/wp-content\/uploads\/2024\/02\/C9FA8C55-50BC-44E7-8878-245A349BFC33-e1707814748172-20x24.jpeg",20,24,true],"menu-36x36":["https:\/\/lesfillesdaujourdhui.fr\/wp-content\/uploads\/2024\/02\/C9FA8C55-50BC-44E7-8878-245A349BFC33-e1707814748172-30x36.jpeg",30,36,true],"menu-48x48":["https:\/\/lesfillesdaujourdhui.fr\/wp-content\/uploads\/2024\/02\/C9FA8C55-50BC-44E7-8878-245A349BFC33-e1707814748172-41x48.jpeg",41,48,true],"woocommerce_thumbnail":["https:\/\/lesfillesdaujourdhui.fr\/wp-content\/uploads\/2024\/02\/C9FA8C55-50BC-44E7-8878-245A349BFC33-e1707814748172-362x503.jpeg",362,503,true],"woocommerce_single":["https:\/\/lesfillesdaujourdhui.fr\/wp-content\/uploads\/2024\/02\/C9FA8C55-50BC-44E7-8878-245A349BFC33-e1707814748172-812x961.jpeg",812,961,true],"woocommerce_gallery_thumbnail":["https:\/\/lesfillesdaujourdhui.fr\/wp-content\/uploads\/2024\/02\/C9FA8C55-50BC-44E7-8878-245A349BFC33-e1707814748172-150x150.jpeg",150,150,true]},"uagb_author_info":{"display_name":"doriane","author_link":"https:\/\/lesfillesdaujourdhui.fr\/?author=0"},"uagb_comment_info":0,"uagb_excerpt":"Mod\u00e8le Unique","_links":{"self":[{"href":"https:\/\/lesfillesdaujourdhui.fr\/index.php?rest_route=\/wp\/v2\/product\/7713","targetHints":{"allow":["GET"]}}],"collection":[{"href":"https:\/\/lesfillesdaujourdhui.fr\/index.php?rest_route=\/wp\/v2\/product"}],"about":[{"href":"https:\/\/lesfillesdaujourdhui.fr\/index.php?rest_route=\/wp\/v2\/types\/product"}],"replies":[{"embeddable":true,"href":"https:\/\/lesfillesdaujourdhui.fr\/index.php?rest_route=%2Fwp%2Fv2%2Fcomments&post=7713"}],"wp:featuredmedia":[{"embeddable":true,"href":"https:\/\/lesfillesdaujourdhui.fr\/index.php?rest_route=\/wp\/v2\/media\/7700"}],"wp:attachment":[{"href":"https:\/\/lesfillesdaujourdhui.fr\/index.php?rest_route=%2Fwp%2Fv2%2Fmedia&parent=7713"}],"wp:term":[{"taxonomy":"product_cat","embeddable":true,"href":"https:\/\/lesfillesdaujourdhui.fr\/index.php?rest_route=%2Fwp%2Fv2%2Fproduct_cat&post=7713"},{"taxonomy":"product_tag","embeddable":true,"href":"https:\/\/lesfillesdaujourdhui.fr\/index.php?rest_route=%2Fwp%2Fv2%2Fproduct_tag&post=7713"}],"curies":[{"name":"wp","href":"https:\/\/api.w.org\/{rel}","templated":true}]}}