{"id":7659,"date":"2024-02-12T09:42:49","date_gmt":"2024-02-12T08:42:49","guid":{"rendered":"https:\/\/lesfillesdaujourdhui.fr\/?post_type=product&#038;p=7659"},"modified":"2024-02-13T12:13:48","modified_gmt":"2024-02-13T11:13:48","slug":"boucles-doreilles-feuilles","status":"publish","type":"product","link":"https:\/\/lesfillesdaujourdhui.fr\/?product=boucles-doreilles-feuilles","title":{"rendered":"Boucles d&rsquo;Oreilles feuilles"},"content":{"rendered":"<p>Boucles d&rsquo;oreilles en p\u00e2te polym\u00e8re r\u00e9sin\u00e9e<\/p>\n<p>( feuille de transfert fleurie )<\/p>\n<p>Clous en acier inoxydable<\/p>\n<p>&nbsp;<\/p>\n<p>&nbsp;<\/p>\n<p>&nbsp;<\/p>\n","protected":false},"excerpt":{"rendered":"<p>Boucles d&rsquo;oreilles en p\u00e2te polym\u00e8re r\u00e9sin\u00e9e ( feuille de transfert fleurie ) Clous en acier inoxydable &nbsp; &nbsp; &nbsp;<\/p>\n","protected":false},"featured_media":7657,"comment_status":"open","ping_status":"closed","template":"","meta":{"_uag_custom_page_level_css":""},"product_cat":[178],"product_tag":[],"class_list":{"0":"post-7659","1":"product","2":"type-product","3":"status-publish","4":"has-post-thumbnail","6":"product_cat-collection-printemps-2024","8":"first","9":"instock","10":"shipping-taxable","11":"purchasable","12":"product-type-simple"},"uagb_featured_image_src":{"full":["https:\/\/lesfillesdaujourdhui.fr\/wp-content\/uploads\/2024\/02\/9511d221-e523-4c8a-97af-8470bd490148.jpg",900,1600,false],"thumbnail":["https:\/\/lesfillesdaujourdhui.fr\/wp-content\/uploads\/2024\/02\/9511d221-e523-4c8a-97af-8470bd490148-150x150.jpg",150,150,true],"medium":["https:\/\/lesfillesdaujourdhui.fr\/wp-content\/uploads\/2024\/02\/9511d221-e523-4c8a-97af-8470bd490148-169x300.jpg",169,300,true],"medium_large":["https:\/\/lesfillesdaujourdhui.fr\/wp-content\/uploads\/2024\/02\/9511d221-e523-4c8a-97af-8470bd490148-768x1365.jpg",768,1365,true],"large":["https:\/\/lesfillesdaujourdhui.fr\/wp-content\/uploads\/2024\/02\/9511d221-e523-4c8a-97af-8470bd490148-576x1024.jpg",576,1024,true],"1536x1536":["https:\/\/lesfillesdaujourdhui.fr\/wp-content\/uploads\/2024\/02\/9511d221-e523-4c8a-97af-8470bd490148-864x1536.jpg",864,1536,true],"2048x2048":["https:\/\/lesfillesdaujourdhui.fr\/wp-content\/uploads\/2024\/02\/9511d221-e523-4c8a-97af-8470bd490148.jpg",900,1600,false],"depicter-thumbnail":["https:\/\/lesfillesdaujourdhui.fr\/wp-content\/uploads\/2024\/02\/9511d221-e523-4c8a-97af-8470bd490148-200x356.jpg",200,356,true],"yith_slider_thumb":["https:\/\/lesfillesdaujourdhui.fr\/wp-content\/uploads\/2024\/02\/9511d221-e523-4c8a-97af-8470bd490148-300x150.jpg",300,150,true],"proteo-blog-loop-image":["https:\/\/lesfillesdaujourdhui.fr\/wp-content\/uploads\/2024\/02\/9511d221-e523-4c8a-97af-8470bd490148-725x500.jpg",725,500,true],"proteo-blog-loop-image-wide":["https:\/\/lesfillesdaujourdhui.fr\/wp-content\/uploads\/2024\/02\/9511d221-e523-4c8a-97af-8470bd490148-900x745.jpg",900,745,true],"proteo_full_width_image":["https:\/\/lesfillesdaujourdhui.fr\/wp-content\/uploads\/2024\/02\/9511d221-e523-4c8a-97af-8470bd490148.jpg",900,1600,false],"proteo_blog_cropped_cover_image_400":["https:\/\/lesfillesdaujourdhui.fr\/wp-content\/uploads\/2024\/02\/9511d221-e523-4c8a-97af-8470bd490148-900x400.jpg",900,400,true],"menu-24x24":["https:\/\/lesfillesdaujourdhui.fr\/wp-content\/uploads\/2024\/02\/9511d221-e523-4c8a-97af-8470bd490148-14x24.jpg",14,24,true],"menu-36x36":["https:\/\/lesfillesdaujourdhui.fr\/wp-content\/uploads\/2024\/02\/9511d221-e523-4c8a-97af-8470bd490148-20x36.jpg",20,36,true],"menu-48x48":["https:\/\/lesfillesdaujourdhui.fr\/wp-content\/uploads\/2024\/02\/9511d221-e523-4c8a-97af-8470bd490148-27x48.jpg",27,48,true],"woocommerce_thumbnail":["https:\/\/lesfillesdaujourdhui.fr\/wp-content\/uploads\/2024\/02\/9511d221-e523-4c8a-97af-8470bd490148-362x503.jpg",362,503,true],"woocommerce_single":["https:\/\/lesfillesdaujourdhui.fr\/wp-content\/uploads\/2024\/02\/9511d221-e523-4c8a-97af-8470bd490148-812x1444.jpg",812,1444,true],"woocommerce_gallery_thumbnail":["https:\/\/lesfillesdaujourdhui.fr\/wp-content\/uploads\/2024\/02\/9511d221-e523-4c8a-97af-8470bd490148-150x150.jpg",150,150,true]},"uagb_author_info":{"display_name":"doriane","author_link":"https:\/\/lesfillesdaujourdhui.fr\/?author=0"},"uagb_comment_info":0,"uagb_excerpt":"Boucles d&rsquo;oreilles en p\u00e2te polym\u00e8re r\u00e9sin\u00e9e ( feuille de transfert fleurie ) Clous en acier inoxydable &nbsp; &nbsp; &nbsp;","_links":{"self":[{"href":"https:\/\/lesfillesdaujourdhui.fr\/index.php?rest_route=\/wp\/v2\/product\/7659","targetHints":{"allow":["GET"]}}],"collection":[{"href":"https:\/\/lesfillesdaujourdhui.fr\/index.php?rest_route=\/wp\/v2\/product"}],"about":[{"href":"https:\/\/lesfillesdaujourdhui.fr\/index.php?rest_route=\/wp\/v2\/types\/product"}],"replies":[{"embeddable":true,"href":"https:\/\/lesfillesdaujourdhui.fr\/index.php?rest_route=%2Fwp%2Fv2%2Fcomments&post=7659"}],"wp:featuredmedia":[{"embeddable":true,"href":"https:\/\/lesfillesdaujourdhui.fr\/index.php?rest_route=\/wp\/v2\/media\/7657"}],"wp:attachment":[{"href":"https:\/\/lesfillesdaujourdhui.fr\/index.php?rest_route=%2Fwp%2Fv2%2Fmedia&parent=7659"}],"wp:term":[{"taxonomy":"product_cat","embeddable":true,"href":"https:\/\/lesfillesdaujourdhui.fr\/index.php?rest_route=%2Fwp%2Fv2%2Fproduct_cat&post=7659"},{"taxonomy":"product_tag","embeddable":true,"href":"https:\/\/lesfillesdaujourdhui.fr\/index.php?rest_route=%2Fwp%2Fv2%2Fproduct_tag&post=7659"}],"curies":[{"name":"wp","href":"https:\/\/api.w.org\/{rel}","templated":true}]}}