{"id":7540,"date":"2024-02-05T18:35:52","date_gmt":"2024-02-05T17:35:52","guid":{"rendered":"https:\/\/lesfillesdaujourdhui.fr\/?post_type=product&#038;p=7540"},"modified":"2024-02-05T18:35:53","modified_gmt":"2024-02-05T17:35:53","slug":"boucles-pate-polymere-resinee","status":"publish","type":"product","link":"https:\/\/lesfillesdaujourdhui.fr\/?product=boucles-pate-polymere-resinee","title":{"rendered":"boucles p\u00e2te polym\u00e8re r\u00e9sin\u00e9e"},"content":{"rendered":"<p>Boucles en p\u00e2te polym\u00e8re r\u00e9sin\u00e9e<\/p>\n<p>clous dor\u00e9 en acier inoxydable<\/p>\n<p><img decoding=\"async\" class=\"alignnone size-medium wp-image-7518 lazyload\" src=\"data:image\/gif;base64,R0lGODlhAQABAIAAAAAAAP\/\/\/yH5BAEAAAAALAAAAAABAAEAAAIBRAA7\" data-src=\"http:\/\/lesfillesdaujourdhui.fr\/wp-content\/uploads\/2024\/02\/0b7ebe59-15e7-46cb-a28c-8700e68387eb-169x300.jpg\" alt=\"\" width=\"169\" height=\"300\" \/><noscript><img decoding=\"async\" class=\"alignnone size-medium wp-image-7518 lazyload\" src=\"http:\/\/lesfillesdaujourdhui.fr\/wp-content\/uploads\/2024\/02\/0b7ebe59-15e7-46cb-a28c-8700e68387eb-169x300.jpg\" alt=\"\" width=\"169\" height=\"300\" srcset=\"https:\/\/lesfillesdaujourdhui.fr\/wp-content\/uploads\/2024\/02\/0b7ebe59-15e7-46cb-a28c-8700e68387eb-169x300.jpg 169w, https:\/\/lesfillesdaujourdhui.fr\/wp-content\/uploads\/2024\/02\/0b7ebe59-15e7-46cb-a28c-8700e68387eb-577x1024.jpg 577w, https:\/\/lesfillesdaujourdhui.fr\/wp-content\/uploads\/2024\/02\/0b7ebe59-15e7-46cb-a28c-8700e68387eb-768x1364.jpg 768w, https:\/\/lesfillesdaujourdhui.fr\/wp-content\/uploads\/2024\/02\/0b7ebe59-15e7-46cb-a28c-8700e68387eb-865x1536.jpg 865w, https:\/\/lesfillesdaujourdhui.fr\/wp-content\/uploads\/2024\/02\/0b7ebe59-15e7-46cb-a28c-8700e68387eb-200x355.jpg 200w, https:\/\/lesfillesdaujourdhui.fr\/wp-content\/uploads\/2024\/02\/0b7ebe59-15e7-46cb-a28c-8700e68387eb-812x1442.jpg 812w, https:\/\/lesfillesdaujourdhui.fr\/wp-content\/uploads\/2024\/02\/0b7ebe59-15e7-46cb-a28c-8700e68387eb.jpg 1126w\" sizes=\"(max-width: 169px) 100vw, 169px\" \/><\/noscript><\/p>\n","protected":false},"excerpt":{"rendered":"<p>Mod\u00e8le Unique<\/p>\n","protected":false},"featured_media":7518,"comment_status":"open","ping_status":"closed","template":"","meta":{"_uag_custom_page_level_css":""},"product_cat":[169],"product_tag":[],"class_list":{"0":"post-7540","1":"product","2":"type-product","3":"status-publish","4":"has-post-thumbnail","6":"product_cat-pate-polymere-resinee","8":"first","9":"instock","10":"shipping-taxable","11":"purchasable","12":"product-type-simple"},"uagb_featured_image_src":{"full":["https:\/\/lesfillesdaujourdhui.fr\/wp-content\/uploads\/2024\/02\/0b7ebe59-15e7-46cb-a28c-8700e68387eb.jpg",1126,2000,false],"thumbnail":["https:\/\/lesfillesdaujourdhui.fr\/wp-content\/uploads\/2024\/02\/0b7ebe59-15e7-46cb-a28c-8700e68387eb-150x150.jpg",150,150,true],"medium":["https:\/\/lesfillesdaujourdhui.fr\/wp-content\/uploads\/2024\/02\/0b7ebe59-15e7-46cb-a28c-8700e68387eb-169x300.jpg",169,300,true],"medium_large":["https:\/\/lesfillesdaujourdhui.fr\/wp-content\/uploads\/2024\/02\/0b7ebe59-15e7-46cb-a28c-8700e68387eb-768x1364.jpg",768,1364,true],"large":["https:\/\/lesfillesdaujourdhui.fr\/wp-content\/uploads\/2024\/02\/0b7ebe59-15e7-46cb-a28c-8700e68387eb-577x1024.jpg",577,1024,true],"1536x1536":["https:\/\/lesfillesdaujourdhui.fr\/wp-content\/uploads\/2024\/02\/0b7ebe59-15e7-46cb-a28c-8700e68387eb-865x1536.jpg",865,1536,true],"2048x2048":["https:\/\/lesfillesdaujourdhui.fr\/wp-content\/uploads\/2024\/02\/0b7ebe59-15e7-46cb-a28c-8700e68387eb.jpg",1126,2000,false],"depicter-thumbnail":["https:\/\/lesfillesdaujourdhui.fr\/wp-content\/uploads\/2024\/02\/0b7ebe59-15e7-46cb-a28c-8700e68387eb-200x355.jpg",200,355,true],"yith_slider_thumb":["https:\/\/lesfillesdaujourdhui.fr\/wp-content\/uploads\/2024\/02\/0b7ebe59-15e7-46cb-a28c-8700e68387eb-300x150.jpg",300,150,true],"proteo-blog-loop-image":["https:\/\/lesfillesdaujourdhui.fr\/wp-content\/uploads\/2024\/02\/0b7ebe59-15e7-46cb-a28c-8700e68387eb-725x500.jpg",725,500,true],"proteo-blog-loop-image-wide":["https:\/\/lesfillesdaujourdhui.fr\/wp-content\/uploads\/2024\/02\/0b7ebe59-15e7-46cb-a28c-8700e68387eb-1126x745.jpg",1126,745,true],"proteo_full_width_image":["https:\/\/lesfillesdaujourdhui.fr\/wp-content\/uploads\/2024\/02\/0b7ebe59-15e7-46cb-a28c-8700e68387eb.jpg",1126,2000,false],"proteo_blog_cropped_cover_image_400":["https:\/\/lesfillesdaujourdhui.fr\/wp-content\/uploads\/2024\/02\/0b7ebe59-15e7-46cb-a28c-8700e68387eb-1126x400.jpg",1126,400,true],"menu-24x24":["https:\/\/lesfillesdaujourdhui.fr\/wp-content\/uploads\/2024\/02\/0b7ebe59-15e7-46cb-a28c-8700e68387eb.jpg",14,24,false],"menu-36x36":["https:\/\/lesfillesdaujourdhui.fr\/wp-content\/uploads\/2024\/02\/0b7ebe59-15e7-46cb-a28c-8700e68387eb.jpg",20,36,false],"menu-48x48":["https:\/\/lesfillesdaujourdhui.fr\/wp-content\/uploads\/2024\/02\/0b7ebe59-15e7-46cb-a28c-8700e68387eb.jpg",27,48,false],"woocommerce_thumbnail":["https:\/\/lesfillesdaujourdhui.fr\/wp-content\/uploads\/2024\/02\/0b7ebe59-15e7-46cb-a28c-8700e68387eb-362x503.jpg",362,503,true],"woocommerce_single":["https:\/\/lesfillesdaujourdhui.fr\/wp-content\/uploads\/2024\/02\/0b7ebe59-15e7-46cb-a28c-8700e68387eb-812x1442.jpg",812,1442,true],"woocommerce_gallery_thumbnail":["https:\/\/lesfillesdaujourdhui.fr\/wp-content\/uploads\/2024\/02\/0b7ebe59-15e7-46cb-a28c-8700e68387eb-150x150.jpg",150,150,true]},"uagb_author_info":{"display_name":"doriane","author_link":"https:\/\/lesfillesdaujourdhui.fr\/?author=0"},"uagb_comment_info":0,"uagb_excerpt":"Mod\u00e8le Unique","_links":{"self":[{"href":"https:\/\/lesfillesdaujourdhui.fr\/index.php?rest_route=\/wp\/v2\/product\/7540","targetHints":{"allow":["GET"]}}],"collection":[{"href":"https:\/\/lesfillesdaujourdhui.fr\/index.php?rest_route=\/wp\/v2\/product"}],"about":[{"href":"https:\/\/lesfillesdaujourdhui.fr\/index.php?rest_route=\/wp\/v2\/types\/product"}],"replies":[{"embeddable":true,"href":"https:\/\/lesfillesdaujourdhui.fr\/index.php?rest_route=%2Fwp%2Fv2%2Fcomments&post=7540"}],"wp:featuredmedia":[{"embeddable":true,"href":"https:\/\/lesfillesdaujourdhui.fr\/index.php?rest_route=\/wp\/v2\/media\/7518"}],"wp:attachment":[{"href":"https:\/\/lesfillesdaujourdhui.fr\/index.php?rest_route=%2Fwp%2Fv2%2Fmedia&parent=7540"}],"wp:term":[{"taxonomy":"product_cat","embeddable":true,"href":"https:\/\/lesfillesdaujourdhui.fr\/index.php?rest_route=%2Fwp%2Fv2%2Fproduct_cat&post=7540"},{"taxonomy":"product_tag","embeddable":true,"href":"https:\/\/lesfillesdaujourdhui.fr\/index.php?rest_route=%2Fwp%2Fv2%2Fproduct_tag&post=7540"}],"curies":[{"name":"wp","href":"https:\/\/api.w.org\/{rel}","templated":true}]}}