{"id":7527,"date":"2024-02-05T17:40:48","date_gmt":"2024-02-05T16:40:48","guid":{"rendered":"https:\/\/lesfillesdaujourdhui.fr\/?post_type=product&#038;p=7527"},"modified":"2024-02-13T12:04:28","modified_gmt":"2024-02-13T11:04:28","slug":"boucles-fleurs","status":"publish","type":"product","link":"https:\/\/lesfillesdaujourdhui.fr\/?product=boucles-fleurs","title":{"rendered":"Boucles pate polym\u00e8re"},"content":{"rendered":"<p>boucles en p\u00e2te polym\u00e8re<\/p>\n<p>clous dor\u00e9 en acier inoxydable<\/p>\n<p><img decoding=\"async\" class=\"alignnone size-medium wp-image-7523 lazyload\" src=\"data:image\/gif;base64,R0lGODlhAQABAIAAAAAAAP\/\/\/yH5BAEAAAAALAAAAAABAAEAAAIBRAA7\" data-src=\"http:\/\/lesfillesdaujourdhui.fr\/wp-content\/uploads\/2024\/02\/a1d21029-c629-4109-827f-571967470826-300x300.jpg\" alt=\"\" width=\"300\" height=\"300\" \/><noscript><img decoding=\"async\" class=\"alignnone size-medium wp-image-7523 lazyload\" src=\"http:\/\/lesfillesdaujourdhui.fr\/wp-content\/uploads\/2024\/02\/a1d21029-c629-4109-827f-571967470826-300x300.jpg\" alt=\"\" width=\"300\" height=\"300\" srcset=\"https:\/\/lesfillesdaujourdhui.fr\/wp-content\/uploads\/2024\/02\/a1d21029-c629-4109-827f-571967470826-300x300.jpg 300w, https:\/\/lesfillesdaujourdhui.fr\/wp-content\/uploads\/2024\/02\/a1d21029-c629-4109-827f-571967470826-1024x1024.jpg 1024w, https:\/\/lesfillesdaujourdhui.fr\/wp-content\/uploads\/2024\/02\/a1d21029-c629-4109-827f-571967470826-150x150.jpg 150w, https:\/\/lesfillesdaujourdhui.fr\/wp-content\/uploads\/2024\/02\/a1d21029-c629-4109-827f-571967470826-768x768.jpg 768w, https:\/\/lesfillesdaujourdhui.fr\/wp-content\/uploads\/2024\/02\/a1d21029-c629-4109-827f-571967470826-1536x1536.jpg 1536w, https:\/\/lesfillesdaujourdhui.fr\/wp-content\/uploads\/2024\/02\/a1d21029-c629-4109-827f-571967470826-200x200.jpg 200w, https:\/\/lesfillesdaujourdhui.fr\/wp-content\/uploads\/2024\/02\/a1d21029-c629-4109-827f-571967470826-1920x1920.jpg 1920w, https:\/\/lesfillesdaujourdhui.fr\/wp-content\/uploads\/2024\/02\/a1d21029-c629-4109-827f-571967470826-812x812.jpg 812w, https:\/\/lesfillesdaujourdhui.fr\/wp-content\/uploads\/2024\/02\/a1d21029-c629-4109-827f-571967470826.jpg 2048w\" sizes=\"(max-width: 300px) 100vw, 300px\" \/><\/noscript><\/p>\n","protected":false},"excerpt":{"rendered":"<p>Mod\u00e8le Unique<\/p>\n","protected":false},"featured_media":7523,"comment_status":"open","ping_status":"closed","template":"","meta":{"_uag_custom_page_level_css":""},"product_cat":[139],"product_tag":[],"class_list":{"0":"post-7527","1":"product","2":"type-product","3":"status-publish","4":"has-post-thumbnail","6":"product_cat-pate-polymere","8":"first","9":"instock","10":"sale","11":"shipping-taxable","12":"purchasable","13":"product-type-simple"},"uagb_featured_image_src":{"full":["https:\/\/lesfillesdaujourdhui.fr\/wp-content\/uploads\/2024\/02\/a1d21029-c629-4109-827f-571967470826.jpg",2048,2048,false],"thumbnail":["https:\/\/lesfillesdaujourdhui.fr\/wp-content\/uploads\/2024\/02\/a1d21029-c629-4109-827f-571967470826-150x150.jpg",150,150,true],"medium":["https:\/\/lesfillesdaujourdhui.fr\/wp-content\/uploads\/2024\/02\/a1d21029-c629-4109-827f-571967470826-300x300.jpg",300,300,true],"medium_large":["https:\/\/lesfillesdaujourdhui.fr\/wp-content\/uploads\/2024\/02\/a1d21029-c629-4109-827f-571967470826-768x768.jpg",768,768,true],"large":["https:\/\/lesfillesdaujourdhui.fr\/wp-content\/uploads\/2024\/02\/a1d21029-c629-4109-827f-571967470826-1024x1024.jpg",1024,1024,true],"1536x1536":["https:\/\/lesfillesdaujourdhui.fr\/wp-content\/uploads\/2024\/02\/a1d21029-c629-4109-827f-571967470826-1536x1536.jpg",1536,1536,true],"2048x2048":["https:\/\/lesfillesdaujourdhui.fr\/wp-content\/uploads\/2024\/02\/a1d21029-c629-4109-827f-571967470826.jpg",2048,2048,false],"depicter-thumbnail":["https:\/\/lesfillesdaujourdhui.fr\/wp-content\/uploads\/2024\/02\/a1d21029-c629-4109-827f-571967470826-200x200.jpg",200,200,true],"yith_slider_thumb":["https:\/\/lesfillesdaujourdhui.fr\/wp-content\/uploads\/2024\/02\/a1d21029-c629-4109-827f-571967470826-300x150.jpg",300,150,true],"proteo-blog-loop-image":["https:\/\/lesfillesdaujourdhui.fr\/wp-content\/uploads\/2024\/02\/a1d21029-c629-4109-827f-571967470826-725x500.jpg",725,500,true],"proteo-blog-loop-image-wide":["https:\/\/lesfillesdaujourdhui.fr\/wp-content\/uploads\/2024\/02\/a1d21029-c629-4109-827f-571967470826-1480x745.jpg",1480,745,true],"proteo_full_width_image":["https:\/\/lesfillesdaujourdhui.fr\/wp-content\/uploads\/2024\/02\/a1d21029-c629-4109-827f-571967470826-1920x1920.jpg",1920,1920,true],"proteo_blog_cropped_cover_image_400":["https:\/\/lesfillesdaujourdhui.fr\/wp-content\/uploads\/2024\/02\/a1d21029-c629-4109-827f-571967470826-2048x400.jpg",2048,400,true],"menu-24x24":["https:\/\/lesfillesdaujourdhui.fr\/wp-content\/uploads\/2024\/02\/a1d21029-c629-4109-827f-571967470826.jpg",24,24,false],"menu-36x36":["https:\/\/lesfillesdaujourdhui.fr\/wp-content\/uploads\/2024\/02\/a1d21029-c629-4109-827f-571967470826.jpg",36,36,false],"menu-48x48":["https:\/\/lesfillesdaujourdhui.fr\/wp-content\/uploads\/2024\/02\/a1d21029-c629-4109-827f-571967470826.jpg",48,48,false],"woocommerce_thumbnail":["https:\/\/lesfillesdaujourdhui.fr\/wp-content\/uploads\/2024\/02\/a1d21029-c629-4109-827f-571967470826-362x503.jpg",362,503,true],"woocommerce_single":["https:\/\/lesfillesdaujourdhui.fr\/wp-content\/uploads\/2024\/02\/a1d21029-c629-4109-827f-571967470826-812x812.jpg",812,812,true],"woocommerce_gallery_thumbnail":["https:\/\/lesfillesdaujourdhui.fr\/wp-content\/uploads\/2024\/02\/a1d21029-c629-4109-827f-571967470826-150x150.jpg",150,150,true]},"uagb_author_info":{"display_name":"doriane","author_link":"https:\/\/lesfillesdaujourdhui.fr\/?author=0"},"uagb_comment_info":0,"uagb_excerpt":"Mod\u00e8le Unique","_links":{"self":[{"href":"https:\/\/lesfillesdaujourdhui.fr\/index.php?rest_route=\/wp\/v2\/product\/7527","targetHints":{"allow":["GET"]}}],"collection":[{"href":"https:\/\/lesfillesdaujourdhui.fr\/index.php?rest_route=\/wp\/v2\/product"}],"about":[{"href":"https:\/\/lesfillesdaujourdhui.fr\/index.php?rest_route=\/wp\/v2\/types\/product"}],"replies":[{"embeddable":true,"href":"https:\/\/lesfillesdaujourdhui.fr\/index.php?rest_route=%2Fwp%2Fv2%2Fcomments&post=7527"}],"wp:featuredmedia":[{"embeddable":true,"href":"https:\/\/lesfillesdaujourdhui.fr\/index.php?rest_route=\/wp\/v2\/media\/7523"}],"wp:attachment":[{"href":"https:\/\/lesfillesdaujourdhui.fr\/index.php?rest_route=%2Fwp%2Fv2%2Fmedia&parent=7527"}],"wp:term":[{"taxonomy":"product_cat","embeddable":true,"href":"https:\/\/lesfillesdaujourdhui.fr\/index.php?rest_route=%2Fwp%2Fv2%2Fproduct_cat&post=7527"},{"taxonomy":"product_tag","embeddable":true,"href":"https:\/\/lesfillesdaujourdhui.fr\/index.php?rest_route=%2Fwp%2Fv2%2Fproduct_tag&post=7527"}],"curies":[{"name":"wp","href":"https:\/\/api.w.org\/{rel}","templated":true}]}}