{"id":7072,"date":"2019-12-12T10:39:38","date_gmt":"2019-12-12T10:39:38","guid":{"rendered":"https:\/\/proteo.yithemes.com\/classic-shop\/?page_id=7072"},"modified":"2024-02-12T10:00:33","modified_gmt":"2024-02-12T09:00:33","slug":"a-propos","status":"publish","type":"page","link":"https:\/\/lesfillesdaujourdhui.fr\/?page_id=7072","title":{"rendered":"Les Filles d&rsquo;Aujourd&rsquo;hui"},"content":{"rendered":"\n<div class=\"wp-block-uagb-container uagb-block-9c3ff10b alignfull uagb-is-root-container\"><div class=\"uagb-container-inner-blocks-wrap\">\n<div data-aos= \"fade-up\" data-aos-duration=\"400\" data-aos-delay=\"0\" data-aos-easing=\"ease\" data-aos-once=\"true\" class=\"wp-block-uagb-container uagb-block-af37d617\">\n<h2 class=\"wp-block-heading\">A propos de moi<\/h2>\n\n\n\n<p>Bonjour \u00e0 toutes et \u00e0 tous, je m&rsquo;appelle Doriane, maman de deux petites filles de 2 et 4 ans et cr\u00e9atrice de bijoux \u00e9merveill\u00e9e par les tr\u00e9sors de la Provence. <\/p>\n\n\n\n<p>Apr\u00e8s plusieurs ann\u00e9es \u00e0 me demander quel \u00e9tait mon chemin, qu&rsquo;est ce qui me nourrissait r\u00e9ellement, la cr\u00e9ation est venue \u00e0 moi&#8230; j&rsquo;ai ouvert mes yeux et je me suis rendue compte que j&rsquo;avais \u00e0 mes pieds de v\u00e9ritables p\u00e9pites et qu&rsquo;il fallait que je les mette en valeur \u00e0 ma fa\u00e7on&#8230;                                                                                                                                                                                                                                                                                                                                                                                             <\/p>\n\n\n\n<p>C&rsquo;est l\u00e0 que ma passion est n\u00e9e, un feu cr\u00e9atif que je canalise dans chaque bijou que je fabrique avec beaucoup de passion et de d\u00e9licatesse au gr\u00e9 de mes envies&#8230;         <\/p>\n\n\n\n<p>Mes bijoux racontent l&rsquo;histoire de la nature proven\u00e7ale, entrela\u00e7ant les influences du coquelicot, du tournesol et de la lavande<\/p>\n\n\n\n<p>Au fil des mois ma cr\u00e9ativit\u00e9 a \u00e9volu\u00e9,  je me laisse porter par mes id\u00e9es, c&rsquo;est pour cela que je cr\u00e9e aussi des bijoux en p\u00e2te polym\u00e8re et en perles. <\/p>\n\n\n\n<p>Imaginez-vous dans l&rsquo;arri\u00e8re pays forcalqui\u00e9ren, baign\u00e9es de couleurs \u00e9clatantes et du parfum enivrant des fleurs de la Provence. C&rsquo;est l\u00e0 que ma passion est n\u00e9e, un feu cr\u00e9atif que je canalise dans chaque bijou que je cr\u00e9e.<\/p>\n\n\n\n<p class=\"has-text-align-center\"> \u00a0\u00bb Il n&rsquo;est jamais trop tard pour devenir ce que nous aurions pu \u00eatre \u00a0\u00bb                                                                                                                                                                                                 G. Eliot<\/p>\n\n\n\n<div class=\"wp-block-uagb-image uagb-block-806576b2 wp-block-uagb-image--layout-default wp-block-uagb-image--effect-static wp-block-uagb-image--align-none\"><figure class=\"wp-block-uagb-image__figure\"><img decoding=\"async\" data-srcset=\"https:\/\/lesfillesdaujourdhui.fr\/wp-content\/uploads\/2024\/02\/432E4AE8-4D8C-49E3-A302-9B597FA9B981_1_105_c-576x1024.jpeg ,https:\/\/lesfillesdaujourdhui.fr\/wp-content\/uploads\/2024\/02\/432E4AE8-4D8C-49E3-A302-9B597FA9B981_1_105_c.jpeg 780w, https:\/\/lesfillesdaujourdhui.fr\/wp-content\/uploads\/2024\/02\/432E4AE8-4D8C-49E3-A302-9B597FA9B981_1_105_c.jpeg 360w\" sizes=\"auto, (max-width: 480px) 150px\" src=\"data:image\/gif;base64,R0lGODlhAQABAIAAAAAAAP\/\/\/yH5BAEAAAAALAAAAAABAAEAAAIBRAA7\" data-src=\"https:\/\/lesfillesdaujourdhui.fr\/wp-content\/uploads\/2024\/02\/432E4AE8-4D8C-49E3-A302-9B597FA9B981_1_105_c-576x1024.jpeg\" alt=\"\" class=\"uag-image-7663 lazyload\" width=\"310\" height=\"393\" title=\"\" loading=\"lazy\"\/><noscript><img decoding=\"async\" srcset=\"https:\/\/lesfillesdaujourdhui.fr\/wp-content\/uploads\/2024\/02\/432E4AE8-4D8C-49E3-A302-9B597FA9B981_1_105_c-576x1024.jpeg ,https:\/\/lesfillesdaujourdhui.fr\/wp-content\/uploads\/2024\/02\/432E4AE8-4D8C-49E3-A302-9B597FA9B981_1_105_c.jpeg 780w, https:\/\/lesfillesdaujourdhui.fr\/wp-content\/uploads\/2024\/02\/432E4AE8-4D8C-49E3-A302-9B597FA9B981_1_105_c.jpeg 360w\" sizes=\"auto, (max-width: 480px) 150px\" src=\"https:\/\/lesfillesdaujourdhui.fr\/wp-content\/uploads\/2024\/02\/432E4AE8-4D8C-49E3-A302-9B597FA9B981_1_105_c-576x1024.jpeg\" alt=\"\" class=\"uag-image-7663 lazyload\" width=\"310\" height=\"393\" title=\"\" loading=\"lazy\"\/><\/noscript><\/figure><\/div>\n<\/div>\n\n\n\n<div data-aos= \"slide-up\" data-aos-duration=\"400\" data-aos-delay=\"0\" data-aos-easing=\"ease\" data-aos-once=\"true\" class=\"wp-block-uagb-container uagb-block-f3015929\">\n<div class=\"wp-block-uagb-image uagb-block-79b498ac wp-block-uagb-image--layout-default wp-block-uagb-image--effect-zoomin wp-block-uagb-image--align-none\"><figure class=\"wp-block-uagb-image__figure\"><img decoding=\"async\" data-srcset=\"https:\/\/lesfillesdaujourdhui.fr\/wp-content\/uploads\/2024\/01\/DSC0231-683x1024.jpg ,https:\/\/lesfillesdaujourdhui.fr\/wp-content\/uploads\/2024\/01\/DSC0231-scaled.jpg 780w, https:\/\/lesfillesdaujourdhui.fr\/wp-content\/uploads\/2024\/01\/DSC0231-scaled.jpg 360w\" sizes=\"auto, (max-width: 480px) 150px\" src=\"data:image\/gif;base64,R0lGODlhAQABAIAAAAAAAP\/\/\/yH5BAEAAAAALAAAAAABAAEAAAIBRAA7\" data-src=\"https:\/\/lesfillesdaujourdhui.fr\/wp-content\/uploads\/2024\/01\/DSC0231-683x1024.jpg\" alt=\"\" class=\"uag-image-7462 lazyload\" width=\"265\" height=\"397\" title=\"\" loading=\"lazy\"\/><noscript><img decoding=\"async\" srcset=\"https:\/\/lesfillesdaujourdhui.fr\/wp-content\/uploads\/2024\/01\/DSC0231-683x1024.jpg ,https:\/\/lesfillesdaujourdhui.fr\/wp-content\/uploads\/2024\/01\/DSC0231-scaled.jpg 780w, https:\/\/lesfillesdaujourdhui.fr\/wp-content\/uploads\/2024\/01\/DSC0231-scaled.jpg 360w\" sizes=\"auto, (max-width: 480px) 150px\" src=\"https:\/\/lesfillesdaujourdhui.fr\/wp-content\/uploads\/2024\/01\/DSC0231-683x1024.jpg\" alt=\"\" class=\"uag-image-7462 lazyload\" width=\"265\" height=\"397\" title=\"\" loading=\"lazy\"\/><\/noscript><\/figure><\/div>\n<\/div>\n<\/div><\/div>\n","protected":false},"excerpt":{"rendered":"<p>A propos de moi Bonjour \u00e0 toutes et \u00e0 tous, je m&rsquo;appelle Doriane, maman de deux petites filles de 2 et 4 ans et cr\u00e9atrice de bijoux \u00e9merveill\u00e9e par les tr\u00e9sors de la Provence. Apr\u00e8s plusieurs ann\u00e9es \u00e0 me demander quel \u00e9tait mon chemin, qu&rsquo;est ce qui me nourrissait r\u00e9ellement, la cr\u00e9ation est venue \u00e0<a class=\"more-link\" href=\"https:\/\/lesfillesdaujourdhui.fr\/?page_id=7072\">Read more  &#10230;<\/a><\/p>\n","protected":false},"author":1,"featured_media":0,"parent":0,"menu_order":0,"comment_status":"closed","ping_status":"closed","template":"","meta":{"_uag_custom_page_level_css":"","footnotes":""},"class_list":["post-7072","page","type-page","status-publish","hentry"],"uagb_featured_image_src":{"full":false,"thumbnail":false,"medium":false,"medium_large":false,"large":false,"1536x1536":false,"2048x2048":false,"depicter-thumbnail":false,"yith_slider_thumb":false,"proteo-blog-loop-image":false,"proteo-blog-loop-image-wide":false,"proteo_full_width_image":false,"proteo_blog_cropped_cover_image_400":false,"menu-24x24":false,"menu-36x36":false,"menu-48x48":false,"woocommerce_thumbnail":false,"woocommerce_single":false,"woocommerce_gallery_thumbnail":false},"uagb_author_info":{"display_name":"romeo_admin","author_link":"https:\/\/lesfillesdaujourdhui.fr\/?author=1"},"uagb_comment_info":0,"uagb_excerpt":"A propos de moi Bonjour \u00e0 toutes et \u00e0 tous, je m&rsquo;appelle Doriane, maman de deux petites filles de 2 et 4 ans et cr\u00e9atrice de bijoux \u00e9merveill\u00e9e par les tr\u00e9sors de la Provence. Apr\u00e8s plusieurs ann\u00e9es \u00e0 me demander quel \u00e9tait mon chemin, qu&rsquo;est ce qui me nourrissait r\u00e9ellement, la cr\u00e9ation est venue \u00e0Read\u2026","_links":{"self":[{"href":"https:\/\/lesfillesdaujourdhui.fr\/index.php?rest_route=\/wp\/v2\/pages\/7072","targetHints":{"allow":["GET"]}}],"collection":[{"href":"https:\/\/lesfillesdaujourdhui.fr\/index.php?rest_route=\/wp\/v2\/pages"}],"about":[{"href":"https:\/\/lesfillesdaujourdhui.fr\/index.php?rest_route=\/wp\/v2\/types\/page"}],"author":[{"embeddable":true,"href":"https:\/\/lesfillesdaujourdhui.fr\/index.php?rest_route=\/wp\/v2\/users\/1"}],"replies":[{"embeddable":true,"href":"https:\/\/lesfillesdaujourdhui.fr\/index.php?rest_route=%2Fwp%2Fv2%2Fcomments&post=7072"}],"version-history":[{"count":23,"href":"https:\/\/lesfillesdaujourdhui.fr\/index.php?rest_route=\/wp\/v2\/pages\/7072\/revisions"}],"predecessor-version":[{"id":7666,"href":"https:\/\/lesfillesdaujourdhui.fr\/index.php?rest_route=\/wp\/v2\/pages\/7072\/revisions\/7666"}],"wp:attachment":[{"href":"https:\/\/lesfillesdaujourdhui.fr\/index.php?rest_route=%2Fwp%2Fv2%2Fmedia&parent=7072"}],"curies":[{"name":"wp","href":"https:\/\/api.w.org\/{rel}","templated":true}]}}