{"id":3094,"date":"2019-08-09T15:05:47","date_gmt":"2019-08-09T15:05:47","guid":{"rendered":"https:\/\/proteo.yithemes.com\/classic-shop\/?page_id=3094"},"modified":"2024-02-06T21:16:45","modified_gmt":"2024-02-06T20:16:45","slug":"atelier","status":"publish","type":"page","link":"https:\/\/lesfillesdaujourdhui.fr\/?page_id=3094","title":{"rendered":"Mon Atelier"},"content":{"rendered":"\n<div class=\"wp-block-uagb-container uagb-block-bda2f792 alignfull uagb-is-root-container\"><div class=\"uagb-container-inner-blocks-wrap\">\n<div class=\"wp-block-uagb-advanced-heading uagb-block-dae79ae6\"><h2 class=\"uagb-heading-text\">D\u00e9couvre mon Atelier<\/h2><\/div>\n<\/div><\/div>\n\n\n\n<div class=\"wp-block-uagb-container uagb-block-c688ab6a alignfull uagb-is-root-container\"><div class=\"uagb-container-inner-blocks-wrap\">\n<div class=\"wp-block-uagb-container uagb-block-507d797a\">\n<div class=\"wp-block-uagb-container uagb-block-1d0c878d\">\n<div data-aos= \"slide-up\" data-aos-duration=\"400\" data-aos-delay=\"0\" data-aos-easing=\"ease\" data-aos-once=\"true\" class=\"wp-block-uagb-advanced-heading uagb-block-c108569d\"><h2 class=\"uagb-heading-text\">Le processus cr\u00e9atif<\/h2><\/div>\n\n\n\n<div data-aos= \"slide-up\" data-aos-duration=\"400\" data-aos-delay=\"0\" data-aos-easing=\"ease\" data-aos-once=\"true\" class=\"wp-block-uagb-info-box uagb-block-4b19d90c uagb-infobox__content-wrap  uagb-infobox-icon-above-title uagb-infobox-image-valign-top\"><div class=\"uagb-ifb-content\"><div class=\"uagb-ifb-icon-wrap\"><svg xmlns=\"https:\/\/www.w3.org\/2000\/svg\" viewBox=\"0 0 384 512\"><path d=\"M112.1 454.3c0 6.297 1.816 12.44 5.284 17.69l17.14 25.69c5.25 7.875 17.17 14.28 26.64 14.28h61.67c9.438 0 21.36-6.401 26.61-14.28l17.08-25.68c2.938-4.438 5.348-12.37 5.348-17.7L272 415.1h-160L112.1 454.3zM191.4 .0132C89.44 .3257 16 82.97 16 175.1c0 44.38 16.44 84.84 43.56 115.8c16.53 18.84 42.34 58.23 52.22 91.45c.0313 .25 .0938 .5166 .125 .7823h160.2c.0313-.2656 .0938-.5166 .125-.7823c9.875-33.22 35.69-72.61 52.22-91.45C351.6 260.8 368 220.4 368 175.1C368 78.61 288.9-.2837 191.4 .0132zM192 96.01c-44.13 0-80 35.89-80 79.1C112 184.8 104.8 192 96 192S80 184.8 80 176c0-61.76 50.25-111.1 112-111.1c8.844 0 16 7.159 16 16S200.8 96.01 192 96.01z\"><\/path><\/svg><\/div><div class=\"uagb-ifb-title-wrap\"><\/div><p class=\"uagb-ifb-desc\">Ici, je vous invite \u00e0 d\u00e9couvrir des cr\u00e9ations authentiques, o\u00f9 des mat\u00e9riaux prennent vie entre mes mains passionn\u00e9es. Chaque bijou devient une pi\u00e8ce unique, impr\u00e9gn\u00e9e de l&rsquo;histoire que je souhaite partager avec vous.<\/p><\/div><\/div>\n<\/div>\n<\/div>\n\n\n\n<div class=\"wp-block-uagb-container uagb-block-1c3d3e4f\">\n<div data-aos= \"slide-up\" data-aos-duration=\"400\" data-aos-delay=\"0\" data-aos-easing=\"ease\" data-aos-once=\"true\" class=\"wp-block-uagb-image uagb-block-f072aa17 wp-block-uagb-image--layout-default wp-block-uagb-image--effect-static wp-block-uagb-image--align-none\"><figure class=\"wp-block-uagb-image__figure\"><img decoding=\"async\" data-srcset=\"https:\/\/lesfillesdaujourdhui.fr\/wp-content\/uploads\/2024\/01\/ruan-richard-rodrigues-moRYg6k5-Kg-unsplash-683x1024.jpg ,https:\/\/lesfillesdaujourdhui.fr\/wp-content\/uploads\/2024\/01\/ruan-richard-rodrigues-moRYg6k5-Kg-unsplash-scaled.jpg 780w, https:\/\/lesfillesdaujourdhui.fr\/wp-content\/uploads\/2024\/01\/ruan-richard-rodrigues-moRYg6k5-Kg-unsplash-scaled.jpg 360w\" sizes=\"auto, (max-width: 480px) 150px\" src=\"data:image\/gif;base64,R0lGODlhAQABAIAAAAAAAP\/\/\/yH5BAEAAAAALAAAAAABAAEAAAIBRAA7\" data-src=\"https:\/\/lesfillesdaujourdhui.fr\/wp-content\/uploads\/2024\/01\/ruan-richard-rodrigues-moRYg6k5-Kg-unsplash-683x1024.jpg\" alt=\"\" class=\"uag-image-7390 lazyload\" width=\"683\" height=\"1024\" title=\"\" loading=\"lazy\"\/><noscript><img decoding=\"async\" srcset=\"https:\/\/lesfillesdaujourdhui.fr\/wp-content\/uploads\/2024\/01\/ruan-richard-rodrigues-moRYg6k5-Kg-unsplash-683x1024.jpg ,https:\/\/lesfillesdaujourdhui.fr\/wp-content\/uploads\/2024\/01\/ruan-richard-rodrigues-moRYg6k5-Kg-unsplash-scaled.jpg 780w, https:\/\/lesfillesdaujourdhui.fr\/wp-content\/uploads\/2024\/01\/ruan-richard-rodrigues-moRYg6k5-Kg-unsplash-scaled.jpg 360w\" sizes=\"auto, (max-width: 480px) 150px\" src=\"https:\/\/lesfillesdaujourdhui.fr\/wp-content\/uploads\/2024\/01\/ruan-richard-rodrigues-moRYg6k5-Kg-unsplash-683x1024.jpg\" alt=\"\" class=\"uag-image-7390 lazyload\" width=\"683\" height=\"1024\" title=\"\" loading=\"lazy\"\/><\/noscript><\/figure><\/div>\n<\/div>\n\n\n\n<div class=\"wp-block-uagb-container uagb-block-d587f3e2\">\n<div class=\"wp-block-uagb-image uagb-block-bc9443e4 wp-block-uagb-image--layout-default wp-block-uagb-image--effect-static wp-block-uagb-image--align-none\"><figure class=\"wp-block-uagb-image__figure\"><img decoding=\"async\" data-srcset=\"https:\/\/lesfillesdaujourdhui.fr\/wp-content\/uploads\/2024\/01\/diana-light-lKZRYYynR4-unsplash-819x1024.jpg ,https:\/\/lesfillesdaujourdhui.fr\/wp-content\/uploads\/2024\/01\/diana-light-lKZRYYynR4-unsplash-scaled.jpg 780w, https:\/\/lesfillesdaujourdhui.fr\/wp-content\/uploads\/2024\/01\/diana-light-lKZRYYynR4-unsplash-scaled.jpg 360w\" sizes=\"auto, (max-width: 480px) 150px\" src=\"data:image\/gif;base64,R0lGODlhAQABAIAAAAAAAP\/\/\/yH5BAEAAAAALAAAAAABAAEAAAIBRAA7\" data-src=\"https:\/\/lesfillesdaujourdhui.fr\/wp-content\/uploads\/2024\/01\/diana-light-lKZRYYynR4-unsplash-819x1024.jpg\" alt=\"\" class=\"uag-image-7388 lazyload\" width=\"819\" height=\"1024\" title=\"\" loading=\"lazy\"\/><noscript><img decoding=\"async\" srcset=\"https:\/\/lesfillesdaujourdhui.fr\/wp-content\/uploads\/2024\/01\/diana-light-lKZRYYynR4-unsplash-819x1024.jpg ,https:\/\/lesfillesdaujourdhui.fr\/wp-content\/uploads\/2024\/01\/diana-light-lKZRYYynR4-unsplash-scaled.jpg 780w, https:\/\/lesfillesdaujourdhui.fr\/wp-content\/uploads\/2024\/01\/diana-light-lKZRYYynR4-unsplash-scaled.jpg 360w\" sizes=\"auto, (max-width: 480px) 150px\" src=\"https:\/\/lesfillesdaujourdhui.fr\/wp-content\/uploads\/2024\/01\/diana-light-lKZRYYynR4-unsplash-819x1024.jpg\" alt=\"\" class=\"uag-image-7388 lazyload\" width=\"819\" height=\"1024\" title=\"\" loading=\"lazy\"\/><\/noscript><\/figure><\/div>\n<\/div>\n\n\n\n<div class=\"wp-block-uagb-container uagb-block-a7739def\">\n<div class=\"wp-block-uagb-container uagb-block-a67769d9\">\n<div data-aos= \"slide-up\" data-aos-duration=\"400\" data-aos-delay=\"0\" data-aos-easing=\"ease\" data-aos-once=\"true\" class=\"wp-block-uagb-advanced-heading uagb-block-0f38626e\"><h2 class=\"uagb-heading-text\">Mat\u00e9riaux de qualit\u00e9 <\/h2><\/div>\n\n\n\n<div class=\"wp-block-uagb-info-box uagb-block-a7639efb uagb-infobox__content-wrap  uagb-infobox-icon-above-title uagb-infobox-image-valign-top\"><div class=\"uagb-ifb-content\"><div class=\"uagb-ifb-icon-wrap\"><svg xmlns=\"https:\/\/www.w3.org\/2000\/svg\" viewBox=\"0 0 512 512\"><path d=\"M512 165.4c0 127.9-70.05 235.3-175.3 270.1c-20.04 7.938-41.83 12.46-64.69 12.46c-64.9 0-125.2-36.51-155.7-94.47c-54.13 49.93-68.71 107-68.96 108.1C44.72 472.6 34.87 480 24.02 480c-1.844 0-3.727-.2187-5.602-.6562c-12.89-3.098-20.84-16.08-17.75-28.96c9.598-39.5 90.47-226.4 335.3-226.4C344.8 224 352 216.8 352 208S344.8 192 336 192C228.6 192 151 226.6 96.29 267.6c.1934-10.82 1.242-21.84 3.535-33.05c13.47-65.81 66.04-119 131.4-134.2c28.33-6.562 55.68-6.013 80.93-.0054c56 13.32 118.2-7.412 149.3-61.24c5.664-9.828 20.02-9.516 24.66 .8282C502.7 76.76 512 121.9 512 165.4z\"><\/path><\/svg><\/div><div class=\"uagb-ifb-title-wrap\"><\/div><p class=\"uagb-ifb-desc\">L&rsquo;authenticit\u00e9 de ces cr\u00e9ations r\u00e9side dans la minutie du choix des mat\u00e9riaux, o\u00f9 les fleurs de la Provence, comme la lavande, le tournesol, le coquelicot et bien d&rsquo;autres, se m\u00ealent d\u00e9licatement \u00e0 la p\u00e2te polym\u00e8re et \u00e0 la r\u00e9sine<\/p><\/div><\/div>\n<\/div>\n<\/div>\n<\/div><\/div>\n\n\n\n<div class=\"wp-block-uagb-container uagb-block-657c838a alignfull uagb-is-root-container\"><div class=\"uagb-container-inner-blocks-wrap\">\n<div class=\"wp-block-uagb-container uagb-block-eb8056ba\">\n<div class=\"wp-block-uagb-container uagb-block-3731615f\">\n<div data-aos= \"slide-up\" data-aos-duration=\"400\" data-aos-delay=\"0\" data-aos-easing=\"ease\" data-aos-once=\"true\" class=\"wp-block-uagb-advanced-heading uagb-block-209524da\"><h2 class=\"uagb-heading-text\">L&rsquo;exp\u00e9rience de l&rsquo;atelier<\/h2><\/div>\n\n\n\n<div class=\"wp-block-uagb-info-box uagb-block-808ce442 uagb-infobox__content-wrap  uagb-infobox-icon-above-title uagb-infobox-image-valign-top\"><div class=\"uagb-ifb-content\"><div class=\"uagb-ifb-icon-wrap\"><svg xmlns=\"https:\/\/www.w3.org\/2000\/svg\" viewBox=\"0 0 640 512\"><path d=\"M0 155.2C0 147.9 2.153 140.8 6.188 134.7L81.75 21.37C90.65 8.021 105.6 0 121.7 0H518.3C534.4 0 549.3 8.021 558.2 21.37L633.8 134.7C637.8 140.8 640 147.9 640 155.2C640 175.5 623.5 192 603.2 192H36.84C16.5 192 .0003 175.5 .0003 155.2H0zM64 224H128V384H320V224H384V464C384 490.5 362.5 512 336 512H112C85.49 512 64 490.5 64 464V224zM512 224H576V480C576 497.7 561.7 512 544 512C526.3 512 512 497.7 512 480V224z\"><\/path><\/svg><\/div><div class=\"uagb-ifb-title-wrap\"><\/div><p class=\"uagb-ifb-desc\">Choisir un atelier, c&rsquo;est choisir l&rsquo;authenticit\u00e9. C&rsquo;est opter pour un espace d\u00e9di\u00e9 \u00e0 l&rsquo;artisanat, o\u00f9 chaque geste est impr\u00e9gn\u00e9 de cette passion qui me pousse \u00e0 cr\u00e9er des bijoux uniques. Chaque meubles, chaque outils ont \u00e9t\u00e9 choisi avec soin, car la qualit\u00e9 de l&rsquo;exp\u00e9rience de cr\u00e9ation se refl\u00e8te dans chaque d\u00e9tail.<\/p><\/div><\/div>\n<\/div>\n<\/div>\n\n\n\n<div class=\"wp-block-uagb-container uagb-block-10251b52\">\n<div class=\"wp-block-uagb-image uagb-block-e9a897b6 wp-block-uagb-image--layout-default wp-block-uagb-image--effect-static wp-block-uagb-image--align-none\"><figure class=\"wp-block-uagb-image__figure\"><img decoding=\"async\" data-srcset=\"https:\/\/lesfillesdaujourdhui.fr\/wp-content\/uploads\/2024\/01\/ruan-richard-rodrigues-moRYg6k5-Kg-unsplash-683x1024.jpg ,https:\/\/lesfillesdaujourdhui.fr\/wp-content\/uploads\/2024\/01\/ruan-richard-rodrigues-moRYg6k5-Kg-unsplash-scaled.jpg 780w, https:\/\/lesfillesdaujourdhui.fr\/wp-content\/uploads\/2024\/01\/ruan-richard-rodrigues-moRYg6k5-Kg-unsplash-scaled.jpg 360w\" sizes=\"auto, (max-width: 480px) 150px\" src=\"data:image\/gif;base64,R0lGODlhAQABAIAAAAAAAP\/\/\/yH5BAEAAAAALAAAAAABAAEAAAIBRAA7\" data-src=\"https:\/\/lesfillesdaujourdhui.fr\/wp-content\/uploads\/2024\/01\/ruan-richard-rodrigues-moRYg6k5-Kg-unsplash-683x1024.jpg\" alt=\"\" class=\"uag-image-7390 lazyload\" width=\"683\" height=\"1024\" title=\"\" loading=\"lazy\"\/><noscript><img decoding=\"async\" srcset=\"https:\/\/lesfillesdaujourdhui.fr\/wp-content\/uploads\/2024\/01\/ruan-richard-rodrigues-moRYg6k5-Kg-unsplash-683x1024.jpg ,https:\/\/lesfillesdaujourdhui.fr\/wp-content\/uploads\/2024\/01\/ruan-richard-rodrigues-moRYg6k5-Kg-unsplash-scaled.jpg 780w, https:\/\/lesfillesdaujourdhui.fr\/wp-content\/uploads\/2024\/01\/ruan-richard-rodrigues-moRYg6k5-Kg-unsplash-scaled.jpg 360w\" sizes=\"auto, (max-width: 480px) 150px\" src=\"https:\/\/lesfillesdaujourdhui.fr\/wp-content\/uploads\/2024\/01\/ruan-richard-rodrigues-moRYg6k5-Kg-unsplash-683x1024.jpg\" alt=\"\" class=\"uag-image-7390 lazyload\" width=\"683\" height=\"1024\" title=\"\" loading=\"lazy\"\/><\/noscript><\/figure><\/div>\n<\/div>\n\n\n\n<div class=\"wp-block-uagb-container uagb-block-11adf960\">\n<div class=\"wp-block-uagb-image uagb-block-61c331f1 wp-block-uagb-image--layout-default wp-block-uagb-image--effect-static wp-block-uagb-image--align-none\"><figure class=\"wp-block-uagb-image__figure\"><img decoding=\"async\" data-srcset=\"https:\/\/lesfillesdaujourdhui.fr\/wp-content\/uploads\/2024\/02\/e84b38f1-1b14-4425-9f0f-60bde12d5211-683x1024.jpg ,https:\/\/lesfillesdaujourdhui.fr\/wp-content\/uploads\/2024\/02\/e84b38f1-1b14-4425-9f0f-60bde12d5211.jpg 780w, https:\/\/lesfillesdaujourdhui.fr\/wp-content\/uploads\/2024\/02\/e84b38f1-1b14-4425-9f0f-60bde12d5211.jpg 360w\" sizes=\"auto, (max-width: 480px) 150px\" src=\"data:image\/gif;base64,R0lGODlhAQABAIAAAAAAAP\/\/\/yH5BAEAAAAALAAAAAABAAEAAAIBRAA7\" data-src=\"https:\/\/lesfillesdaujourdhui.fr\/wp-content\/uploads\/2024\/02\/e84b38f1-1b14-4425-9f0f-60bde12d5211-683x1024.jpg\" alt=\"\" class=\"uag-image-7580 lazyload\" width=\"819\" height=\"1024\" title=\"\" loading=\"lazy\"\/><noscript><img decoding=\"async\" srcset=\"https:\/\/lesfillesdaujourdhui.fr\/wp-content\/uploads\/2024\/02\/e84b38f1-1b14-4425-9f0f-60bde12d5211-683x1024.jpg ,https:\/\/lesfillesdaujourdhui.fr\/wp-content\/uploads\/2024\/02\/e84b38f1-1b14-4425-9f0f-60bde12d5211.jpg 780w, https:\/\/lesfillesdaujourdhui.fr\/wp-content\/uploads\/2024\/02\/e84b38f1-1b14-4425-9f0f-60bde12d5211.jpg 360w\" sizes=\"auto, (max-width: 480px) 150px\" src=\"https:\/\/lesfillesdaujourdhui.fr\/wp-content\/uploads\/2024\/02\/e84b38f1-1b14-4425-9f0f-60bde12d5211-683x1024.jpg\" alt=\"\" class=\"uag-image-7580 lazyload\" width=\"819\" height=\"1024\" title=\"\" loading=\"lazy\"\/><\/noscript><\/figure><\/div>\n<\/div>\n\n\n\n<div class=\"wp-block-uagb-container uagb-block-dba8a0c7\">\n<div class=\"wp-block-uagb-container uagb-block-505bb501\">\n<div data-aos= \"slide-up\" data-aos-duration=\"400\" data-aos-delay=\"0\" data-aos-easing=\"ease\" data-aos-once=\"true\" class=\"wp-block-uagb-advanced-heading uagb-block-3028f7b3\"><h2 class=\"uagb-heading-text\">L&rsquo;artisan derri\u00e8re les bijoux<\/h2><\/div>\n\n\n\n<div class=\"wp-block-uagb-info-box uagb-block-d2f5da4b uagb-infobox__content-wrap  uagb-infobox-icon-above-title uagb-infobox-image-valign-top\"><div class=\"uagb-ifb-content\"><div class=\"uagb-ifb-icon-wrap\"><svg xmlns=\"https:\/\/www.w3.org\/2000\/svg\" viewBox=\"0 0 512 512\"><path d=\"M0 256C0 114.6 114.6 0 256 0C397.4 0 512 114.6 512 256C512 397.4 397.4 512 256 512C114.6 512 0 397.4 0 256zM164.1 325.5C158.3 318.8 148.2 318.1 141.5 323.9C134.8 329.7 134.1 339.8 139.9 346.5C162.1 372.1 200.9 400 255.1 400C311.1 400 349.8 372.1 372.1 346.5C377.9 339.8 377.2 329.7 370.5 323.9C363.8 318.1 353.7 318.8 347.9 325.5C329.9 346.2 299.4 368 255.1 368C212.6 368 182 346.2 164.1 325.5H164.1zM226.5 231.6C229.8 230.5 232 227.4 232 224C232 206.1 225.3 188.4 215.4 175.2C205.6 162.2 191.5 152 176 152C160.5 152 146.4 162.2 136.6 175.2C126.7 188.4 120 206.1 120 224C120 227.4 122.2 230.5 125.5 231.6C128.7 232.7 132.3 231.6 134.4 228.8L134.4 228.8L134.6 228.5C134.8 228.3 134.1 228 135.3 227.6C135.1 226.8 136.9 225.7 138.1 224.3C140.6 221.4 144.1 217.7 148.3 213.1C157.1 206.2 167.2 200 176 200C184.8 200 194.9 206.2 203.7 213.1C207.9 217.7 211.4 221.4 213.9 224.3C215.1 225.7 216 226.8 216.7 227.6C217 228 217.2 228.3 217.4 228.5L217.6 228.8L217.6 228.8C219.7 231.6 223.3 232.7 226.5 231.6V231.6zM377.6 228.8C379.7 231.6 383.3 232.7 386.5 231.6C389.8 230.5 392 227.4 392 224C392 206.1 385.3 188.4 375.4 175.2C365.6 162.2 351.5 152 336 152C320.5 152 306.4 162.2 296.6 175.2C286.7 188.4 280 206.1 280 224C280 227.4 282.2 230.5 285.5 231.6C288.7 232.7 292.3 231.6 294.4 228.8L294.4 228.8L294.6 228.5C294.8 228.3 294.1 228 295.3 227.6C295.1 226.8 296.9 225.7 298.1 224.3C300.6 221.4 304.1 217.7 308.3 213.1C317.1 206.2 327.2 200 336 200C344.8 200 354.9 206.2 363.7 213.1C367.9 217.7 371.4 221.4 373.9 224.3C375.1 225.7 376 226.8 376.7 227.6C377 228 377.2 228.3 377.4 228.5L377.6 228.8L377.6 228.8z\"><\/path><\/svg><\/div><div class=\"uagb-ifb-title-wrap\"><\/div><p class=\"uagb-ifb-desc\">L&rsquo;\u00e9l\u00e9gance du fait main, c&rsquo;est l&rsquo;essence de mon travail. Chaque pi\u00e8ce que vous d\u00e9couvrez ici est impr\u00e9gn\u00e9e de la passion qui m&rsquo;anime, \u00e9voquant un sentiment d&rsquo;unicit\u00e9 et de raffinement.<\/p><\/div><\/div>\n<\/div>\n<\/div>\n<\/div><\/div>\n","protected":false},"excerpt":{"rendered":"<p>D\u00e9couvre mon Atelier Le processus cr\u00e9atif Mat\u00e9riaux de qualit\u00e9 L&rsquo;exp\u00e9rience de l&rsquo;atelier L&rsquo;artisan derri\u00e8re les bijoux<\/p>\n","protected":false},"author":1,"featured_media":0,"parent":0,"menu_order":0,"comment_status":"closed","ping_status":"closed","template":"","meta":{"_uag_custom_page_level_css":"","footnotes":""},"class_list":["post-3094","page","type-page","status-publish","hentry"],"uagb_featured_image_src":{"full":false,"thumbnail":false,"medium":false,"medium_large":false,"large":false,"1536x1536":false,"2048x2048":false,"depicter-thumbnail":false,"yith_slider_thumb":false,"proteo-blog-loop-image":false,"proteo-blog-loop-image-wide":false,"proteo_full_width_image":false,"proteo_blog_cropped_cover_image_400":false,"menu-24x24":false,"menu-36x36":false,"menu-48x48":false,"woocommerce_thumbnail":false,"woocommerce_single":false,"woocommerce_gallery_thumbnail":false},"uagb_author_info":{"display_name":"romeo_admin","author_link":"https:\/\/lesfillesdaujourdhui.fr\/?author=1"},"uagb_comment_info":0,"uagb_excerpt":"D\u00e9couvre mon Atelier Le processus cr\u00e9atif Mat\u00e9riaux de qualit\u00e9 L&rsquo;exp\u00e9rience de l&rsquo;atelier L&rsquo;artisan derri\u00e8re les bijoux","_links":{"self":[{"href":"https:\/\/lesfillesdaujourdhui.fr\/index.php?rest_route=\/wp\/v2\/pages\/3094","targetHints":{"allow":["GET"]}}],"collection":[{"href":"https:\/\/lesfillesdaujourdhui.fr\/index.php?rest_route=\/wp\/v2\/pages"}],"about":[{"href":"https:\/\/lesfillesdaujourdhui.fr\/index.php?rest_route=\/wp\/v2\/types\/page"}],"author":[{"embeddable":true,"href":"https:\/\/lesfillesdaujourdhui.fr\/index.php?rest_route=\/wp\/v2\/users\/1"}],"replies":[{"embeddable":true,"href":"https:\/\/lesfillesdaujourdhui.fr\/index.php?rest_route=%2Fwp%2Fv2%2Fcomments&post=3094"}],"version-history":[{"count":16,"href":"https:\/\/lesfillesdaujourdhui.fr\/index.php?rest_route=\/wp\/v2\/pages\/3094\/revisions"}],"predecessor-version":[{"id":7594,"href":"https:\/\/lesfillesdaujourdhui.fr\/index.php?rest_route=\/wp\/v2\/pages\/3094\/revisions\/7594"}],"wp:attachment":[{"href":"https:\/\/lesfillesdaujourdhui.fr\/index.php?rest_route=%2Fwp%2Fv2%2Fmedia&parent=3094"}],"curies":[{"name":"wp","href":"https:\/\/api.w.org\/{rel}","templated":true}]}}