{"id":3,"date":"2024-01-02T21:59:02","date_gmt":"2024-01-02T20:59:02","guid":{"rendered":"https:\/\/lesfillesdaujourdhui.fr\/?page_id=3"},"modified":"2024-03-23T12:28:54","modified_gmt":"2024-03-23T11:28:54","slug":"politique-de-confidentialite","status":"publish","type":"page","link":"https:\/\/lesfillesdaujourdhui.fr\/?page_id=3","title":{"rendered":"Politique de confidentialit\u00e9"},"content":{"rendered":"\n<h2 class=\"wp-block-heading\"><strong>Informations l\u00e9gales<\/strong><\/h2>\n\n\n\n<ul class=\"wp-block-list\">\n<li><strong>RCS:<\/strong>\u00a0[num\u00e9ro RCS]<\/li>\n\n\n\n<li><strong>N\u00b0 SIRET:<\/strong>\u00a0[num\u00e9ro SIRET]<\/li>\n\n\n\n<li><strong>Identit\u00e9 : <\/strong>[Nom, Pr\u00e9nom, adresse]<\/li>\n\n\n\n<li><strong>Contact : <\/strong>[Mail, num\u00e9ro de telephone]<\/li>\n\n\n\n<li><strong>TVA : <\/strong>[Num\u00e9ro identification \u00e0 la TVA]<\/li>\n<\/ul>\n\n\n\n<h2 class=\"wp-block-heading\"><strong>H\u00e9bergeur<\/strong><\/h2>\n\n\n\n<p>Le site lesfillesdaujourdhui est h\u00e9berg\u00e9 par OVH<\/p>\n\n\n\n<h2 class=\"wp-block-heading\">Propri\u00e9t\u00e9 intellectuelle<\/h2>\n\n\n\n<p>Le contenu du site lesfillesdaujourdhui est prot\u00e9g\u00e9 par les droits d&rsquo;auteur et de propri\u00e9t\u00e9 intellectuelle. Toute reproduction ou utilisation non autoris\u00e9e est interdite.<\/p>\n\n\n\n<h2 class=\"wp-block-heading\">Cookies<\/h2>\n\n\n\n<p>Si vous d\u00e9posez un commentaire sur notre site, il vous sera propos\u00e9 d\u2019enregistrer votre nom, adresse e-mail et site dans des cookies. C\u2019est uniquement pour votre confort afin de ne pas avoir \u00e0 saisir ces informations si vous d\u00e9posez un autre commentaire plus tard. Ces cookies expirent au bout d\u2019un an.<\/p>\n\n\n\n<p>Si vous vous rendez sur la page de connexion, un cookie temporaire sera cr\u00e9\u00e9 afin de d\u00e9terminer si votre navigateur accepte les cookies. Il ne contient pas de donn\u00e9es personnelles et sera supprim\u00e9 automatiquement \u00e0 la fermeture de votre navigateur.<\/p>\n\n\n\n<p>Lorsque vous vous connecterez, nous mettrons en place un certain nombre de cookies pour enregistrer vos informations de connexion et vos pr\u00e9f\u00e9rences d\u2019\u00e9cran. La dur\u00e9e de vie d\u2019un cookie de connexion est de deux jours, celle d\u2019un cookie d\u2019option d\u2019\u00e9cran est d\u2019un an. Si vous cochez \u00ab&nbsp;Se souvenir de moi&nbsp;\u00bb, votre cookie de connexion sera conserv\u00e9 pendant deux semaines. Si vous vous d\u00e9connectez de votre compte, le cookie de connexion sera effac\u00e9.<\/p>\n\n\n\n<p>En modifiant ou en publiant une publication, un cookie suppl\u00e9mentaire sera enregistr\u00e9 dans votre navigateur. Ce cookie ne comprend aucune donn\u00e9e personnelle. Il indique simplement l\u2019ID de la publication que vous venez de modifier. Il expire au bout d\u2019un jour.<\/p>\n\n\n\n<h2 class=\"wp-block-heading\"><strong>Donn\u00e9es personnelles<\/strong><\/h2>\n\n\n\n<p>Les donn\u00e9es personnelles collect\u00e9es sur le site lesfillesdaujourdhui sont trait\u00e9es conform\u00e9ment \u00e0 la r\u00e9glementation en vigueur relative \u00e0 la protection des donn\u00e9es personnelles.<\/p>\n\n\n\n<p>Ces sites web pourraient collecter des donn\u00e9es sur vous, utiliser des cookies, embarquer des outils de suivis tiers, suivre vos interactions avec ces contenus embarqu\u00e9s si vous disposez d\u2019un compte connect\u00e9 sur leur site web.<\/p>\n\n\n\n<h2 class=\"wp-block-heading\"><strong>Conditions g\u00e9n\u00e9rales d&rsquo;utilisation<\/strong><\/h2>\n\n\n\n<p>L&rsquo;utilisation du site lesfillesdaujourdhui est soumise aux pr\u00e9sentes conditions g\u00e9n\u00e9rales d&rsquo;utilisation.<\/p>\n\n\n\n<h2 class=\"wp-block-heading\"><strong>Acceptation des CGU<\/strong><\/h2>\n\n\n\n<p>L&rsquo;utilisation du site lesfillesdaujourdhui implique l&rsquo;acceptation pleine et enti\u00e8re des pr\u00e9sentes CGU.<\/p>\n\n\n\n<h2 class=\"wp-block-heading\"><strong>Attribution de juridiction<\/strong><\/h2>\n\n\n\n<p>En cas de litige, les tribunaux fran\u00e7ais seront seuls comp\u00e9tents.<\/p>\n\n\n\n<h2 class=\"wp-block-heading\">Conditions g\u00e9n\u00e9rales de vente<\/h2>\n\n\n\n<p><strong><em>1 &#8211; Conclusion du contrat<\/em><\/strong><\/p>\n\n\n\n<p>Toute commande de produits implique l&rsquo;adh\u00e9sion sans r\u00e9serve aux pr\u00e9sentes conditions g\u00e9n\u00e9rales de vente, compl\u00e9t\u00e9es ou am\u00e9nag\u00e9es par nos conditions particuli\u00e8res,qui annulent toute clause contraire pouvant figurer dans les conditions d&rsquo;achat, bons de commande, ou autres documents commerciaux.<\/p>\n\n\n\n<p><strong><em>2 &#8211; Prix<\/em><\/strong><\/p>\n\n\n\n<p>Les marchandises sont factur\u00e9es au tarif en vigueur au jour de la passation de la commande.<br>Le tarif g\u00e9n\u00e9ral est annex\u00e9 aux pr\u00e9sentes conditions. Les prix peuvent \u00eatre r\u00e9vis\u00e9s sous r\u00e9serve d&rsquo;une information pr\u00e9alable de 30 jours.<\/p>\n\n\n\n<p><strong>AVIS ET COMMUNICATIONS<\/strong><\/p>\n\n\n\n<p><strong><em>3 &#8211; Livraison<\/em><\/strong><\/p>\n\n\n\n<p>La livraison est effectu\u00e9e soit par la remise directe du produit \u00e0 l&rsquo;acqu\u00e9reur, soit par avis de mise \u00e0 disposition, soit par d\u00e9livrance \u00e0 un exp\u00e9diteur ou \u00e0 un transporteur dans les locaux du vendeur ou dans tous autres locaux d\u00e9sign\u00e9s.<\/p>\n\n\n\n<p>La v\u00e9rification des marchandises par l&rsquo;acheteur doit \u00eatre effectu\u00e9e au moment de leur prise en charge.<br>En cas d&rsquo;avarie ou de manquant, de r\u00e9clamations sur les vices apparents ou sur la non-conformit\u00e9 du produit livr\u00e9, l&rsquo;acheteur \u00e9mettra des r\u00e9serves claires et pr\u00e9cises qu&rsquo;il notifiera dans un d\u00e9lai de cinq jours, suivant la date de livraison par \u00e9crit aupr\u00e8s du vendeur ou du transporteur. Il appartiendra \u00e0 l&rsquo;acheteur de fournir toute justification quant \u00e0 la r\u00e9alit\u00e9 des anomalies constat\u00e9es.<\/p>\n\n\n\n<p><strong><em>4 &#8211; D\u00e9lais de livraison<\/em><\/strong><\/p>\n\n\n\n<p>Les d\u00e9lais de livraison sont indiqu\u00e9s en fonction des disponibilit\u00e9s d&rsquo;approvisionnement.<br>Sauf cas de force majeure (guerre, \u00e9meute, incendie, gr\u00e8ve totale ou partielle.), en cas de retard de livraison d&rsquo;une dur\u00e9e sup\u00e9rieure \u00e0 30 jours apr\u00e8s la date indicative de livraison, l&rsquo;acheteur aura l&rsquo;option d&rsquo;annuler sa commande, sans pouvoir pr\u00e9tendre \u00e0 quelque indemnit\u00e9 que ce soit.<\/p>\n\n\n\n<p><strong><em>5 &#8211; Retours<\/em><\/strong><\/p>\n\n\n\n<p>Tout retour de produit doit faire l&rsquo;objet d&rsquo;un accord formel entre le vendeur et l&rsquo;acqu\u00e9reur.<\/p>\n\n\n\n<p><strong><em>6 -Garantie<\/em><\/strong><\/p>\n\n\n\n<p>Le vendeur apportera le plus grand soin \u00e0 l&rsquo;ex\u00e9cution de la commande et \u00e0 la qualit\u00e9 des produits. En cas de d\u00e9fectuosit\u00e9 reconnue par le vendeur, l&rsquo;obligation de ce dernier sera limit\u00e9e au remplacement ou au remboursement des quantit\u00e9s d\u00e9fectueuses, sans autre indemnit\u00e9. Sont exclus de la garantie les d\u00e9fauts et dommages r\u00e9sultant d&rsquo;un stockage, de manutention, de<\/p>\n\n\n\n<p>transport ou d&rsquo;utilisation dans des conditions anormales ou non conformes avec la nature, les prescriptions, l&rsquo;aptitude \u00e0 l&#8217;emploi du produit.<\/p>\n\n\n\n<p><strong><em>7 \u2013 Paiement<\/em><\/strong><\/p>\n\n\n\n<p>Sauf conditions particuli\u00e8res, les factures sont payables \u00e0 lesfillesdaujourdhui \u00e0 compter de la date de livraison. En cas de retard de paiement, le vendeur pourra suspendre toutes les commandes en cours. Toute somme non pay\u00e9e \u00e0 l&rsquo;\u00e9ch\u00e9ance figurant sur la facture entra\u00eene de plein droit l&rsquo;application de p\u00e9nalit\u00e9s d&rsquo;un montant \u00e9gal \u00e0 une fois et demie<strong>\u00a0<\/strong>l&rsquo;int\u00e9r\u00eat l\u00e9gal. Ces p\u00e9nalit\u00e9s seront exigibles sur simple demande du vendeur.<\/p>\n\n\n\n<p><strong><em>8 &#8211; Clause r\u00e9solutoire<\/em><\/strong><\/p>\n\n\n\n<p>En cas de d\u00e9faut de paiement, quarante huit heures apr\u00e8s une mise en demeure rest\u00e9e infructueuse, la vente sera r\u00e9sili\u00e9e de plein droit par le vendeur qui pourra demander en r\u00e9f\u00e9r\u00e9 la restitution des produits sans pr\u00e9judice de tous autres dommages et int\u00e9r\u00eats. Les sommes restant dues pour d&rsquo;autres livraisons deviendront imm\u00e9diatement exigibles si le vendeur n&rsquo;opte pas pour la r\u00e9solution des commandes correspondantes.<\/p>\n\n\n\n<p><strong><em>9 &#8211; R\u00e9serve de propri\u00e9t\u00e9<\/em><\/strong><\/p>\n\n\n\n<p>Les marchandises vendues restent la propri\u00e9t\u00e9 du vendeur jusqu&rsquo;au complet r\u00e8glement de leur prix. Toutefois les risques aff\u00e9rents aux marchandises seront transf\u00e9r\u00e9s \u00e0 l&rsquo;acheteur ou au transporteur, d\u00e8s la remise physique des produits.<\/p>\n\n\n\n<p><strong><em>10 &#8211; Attribution de juridiction<\/em><\/strong><\/p>\n\n\n\n<p>Les pr\u00e9sentes conditions annulent et remplacent les conditions pr\u00e9c\u00e9demment applicables. Tout litige relatif aux pr\u00e9sentes sera de la comp\u00e9tence du tribunal mixte de commerce de Noum\u00e9a.<\/p>\n","protected":false},"excerpt":{"rendered":"<p>Informations l\u00e9gales H\u00e9bergeur Le site lesfillesdaujourdhui est h\u00e9berg\u00e9 par OVH Propri\u00e9t\u00e9 intellectuelle Le contenu du site lesfillesdaujourdhui est prot\u00e9g\u00e9 par les droits d&rsquo;auteur et de propri\u00e9t\u00e9 intellectuelle. Toute reproduction ou utilisation non autoris\u00e9e est interdite. Cookies Si vous d\u00e9posez un commentaire sur notre site, il vous sera propos\u00e9 d\u2019enregistrer votre nom, adresse e-mail et site<a class=\"more-link\" href=\"https:\/\/lesfillesdaujourdhui.fr\/?page_id=3\">Read more  &#10230;<\/a><\/p>\n","protected":false},"author":1,"featured_media":0,"parent":0,"menu_order":0,"comment_status":"closed","ping_status":"open","template":"","meta":{"_uag_custom_page_level_css":"","footnotes":""},"class_list":["post-3","page","type-page","status-publish","hentry"],"uagb_featured_image_src":{"full":false,"thumbnail":false,"medium":false,"medium_large":false,"large":false,"1536x1536":false,"2048x2048":false,"depicter-thumbnail":false,"yith_slider_thumb":false,"proteo-blog-loop-image":false,"proteo-blog-loop-image-wide":false,"proteo_full_width_image":false,"proteo_blog_cropped_cover_image_400":false,"menu-24x24":false,"menu-36x36":false,"menu-48x48":false,"woocommerce_thumbnail":false,"woocommerce_single":false,"woocommerce_gallery_thumbnail":false},"uagb_author_info":{"display_name":"romeo_admin","author_link":"https:\/\/lesfillesdaujourdhui.fr\/?author=1"},"uagb_comment_info":0,"uagb_excerpt":"Informations l\u00e9gales H\u00e9bergeur Le site lesfillesdaujourdhui est h\u00e9berg\u00e9 par OVH Propri\u00e9t\u00e9 intellectuelle Le contenu du site lesfillesdaujourdhui est prot\u00e9g\u00e9 par les droits d&rsquo;auteur et de propri\u00e9t\u00e9 intellectuelle. Toute reproduction ou utilisation non autoris\u00e9e est interdite. Cookies Si vous d\u00e9posez un commentaire sur notre site, il vous sera propos\u00e9 d\u2019enregistrer votre nom, adresse e-mail et siteRead\u2026","_links":{"self":[{"href":"https:\/\/lesfillesdaujourdhui.fr\/index.php?rest_route=\/wp\/v2\/pages\/3","targetHints":{"allow":["GET"]}}],"collection":[{"href":"https:\/\/lesfillesdaujourdhui.fr\/index.php?rest_route=\/wp\/v2\/pages"}],"about":[{"href":"https:\/\/lesfillesdaujourdhui.fr\/index.php?rest_route=\/wp\/v2\/types\/page"}],"author":[{"embeddable":true,"href":"https:\/\/lesfillesdaujourdhui.fr\/index.php?rest_route=\/wp\/v2\/users\/1"}],"replies":[{"embeddable":true,"href":"https:\/\/lesfillesdaujourdhui.fr\/index.php?rest_route=%2Fwp%2Fv2%2Fcomments&post=3"}],"version-history":[{"count":1,"href":"https:\/\/lesfillesdaujourdhui.fr\/index.php?rest_route=\/wp\/v2\/pages\/3\/revisions"}],"predecessor-version":[{"id":7996,"href":"https:\/\/lesfillesdaujourdhui.fr\/index.php?rest_route=\/wp\/v2\/pages\/3\/revisions\/7996"}],"wp:attachment":[{"href":"https:\/\/lesfillesdaujourdhui.fr\/index.php?rest_route=%2Fwp%2Fv2%2Fmedia&parent=3"}],"curies":[{"name":"wp","href":"https:\/\/api.w.org\/{rel}","templated":true}]}}